{"id":10232,"date":"2013-11-13T08:37:34","date_gmt":"2013-11-13T13:37:34","guid":{"rendered":"http:\/\/www.oscarhumbertogomez.com\/?page_id=10232"},"modified":"2025-03-24T11:48:31","modified_gmt":"2025-03-24T16:48:31","slug":"ecologia","status":"publish","type":"page","link":"https:\/\/oscarhumbertogomez.com\/?page_id=10232","title":{"rendered":"Ecolog\u00eda"},"content":{"rendered":"<p><img loading=\"lazy\" decoding=\"async\" class=\"aligncenter size-full wp-image-10316\" title=\"INDIO\" src=\"https:\/\/lapiedrafilosofal.com\/wp-content\/uploads\/2018\/07\/Indio.jpg\" alt=\"\" width=\"600\" height=\"335\"><img loading=\"lazy\" decoding=\"async\" class=\"aligncenter size-full wp-image-10235\" title=\"ecologia\" src=\"https:\/\/lapiedrafilosofal.com\/wp-content\/uploads\/2013\/11\/ecologia.jpg\" alt=\"\" width=\"640\" height=\"479\" srcset=\"https:\/\/oscarhumbertogomez.com\/wp-content\/uploads\/2013\/11\/ecologia.jpg 640w, https:\/\/oscarhumbertogomez.com\/wp-content\/uploads\/2013\/11\/ecologia-300x224.jpg 300w\" sizes=\"auto, (max-width: 640px) 100vw, 640px\" \/><\/p>\n<p>&nbsp;<\/p>\n<p>Conscientes de que la lucha por la defensa del medio ambiente es un deber primario de todo ser humano y de todo conglomerado social, ponemos nuestro portal al servicio de esa trascendental tarea. &nbsp;Aqu\u00ed estaremos divulgando y promoviendo las acciones que se libran en nuestra tierra y en otras latitudes por la preservaci\u00f3n de la naturaleza, como tambi\u00e9n denunciando los atropellos que, asombrosamente, y a pesar de todos los signos de alarma, persisten en cometer los depredadores del mundo natural, un mundo al cual el desarrollo tecnol\u00f3gico -desprovisto de humanismo y de la magia que imprime el apreciar la exacta dimensi\u00f3n de las grandes maravillas- amenaza con convertir en un muladar, vergonzoso legado que les estaremos dejando a las futuras generaciones si este proceso de irreflexiva degradaci\u00f3n contin\u00faa en medio de la indolencia social y del Estado.<\/p>\n<p>\u00a1Bienvenidos al mundo de la ecolog\u00eda! \u00a1Bienvenidos al sortilegio incomparable de la vida!<\/p>\n<p>&nbsp;<\/p>\n<h2>Archivo de entradas<\/h2>\n<p>&nbsp;<\/p>\n<ul><li><a href=\"https:\/\/oscarhumbertogomez.com\/?p=54071\">Hoy hace exactamente UN SIGLO se inaugur\u00f3 en Bucaramanga el paradis\u00edaco LUNA PARK. Por \u00d3scar Humberto G\u00f3mez G\u00f3mez<\/a><\/li><li><a href=\"https:\/\/oscarhumbertogomez.com\/?p=52681\">HOY S\u00c1BADO 22 DE MARZO ES EL D\u00cdA MUNDIAL DEL AGUA. Por \u00d3scar Humberto G\u00f3mez G\u00f3mez<\/a><\/li><li><a href=\"https:\/\/oscarhumbertogomez.com\/?p=34298\">La \u201ccasa com\u00fan\u201d. (Laudato si) Por: Brigadier General Luis Ernesto Garc\u00eda Hern\u00e1ndez*<\/a><\/li><li><a href=\"https:\/\/oscarhumbertogomez.com\/?p=33283\">\"El p\u00e1ramo Santurb\u00e1n es nuestro pasaporte al futuro\". Mediante carta abierta al presidente Iv\u00e1n Duque, opositores al proyecto de miner\u00eda en el p\u00e1ramo de Santurb\u00e1n rechazan el otorgamiento de licencia ambiental a Minesa. Por \u00d3scar Humberto G\u00f3mez G\u00f3mez, Miembro del Colegio Nacional de Periodistas<\/a><\/li><li><a href=\"https:\/\/oscarhumbertogomez.com\/?p=33168\">22 de abril: D\u00eda Internacional de la Madre Tierra. Por \u00d3scar Humberto G\u00f3mez G\u00f3mez<\/a><\/li><li><a href=\"https:\/\/oscarhumbertogomez.com\/?p=32919\">LA PANDEMIA QUE A NADIE ASUSTA. Por \u00d3scar Humberto G\u00f3mez G\u00f3mez<\/a><\/li><li><a href=\"https:\/\/oscarhumbertogomez.com\/?p=24132\">LOS P\u00c1RAMOS NO SE TOCAN. Por: Dr. Jaime Forero G\u00f3mez, M.D. especialiado en Pediatr\u00eda y Cuidados Intensivos<\/a><\/li><li><a href=\"https:\/\/oscarhumbertogomez.com\/?p=23864\">NUEVE MILLONES DE PERSONAS MURIERON EN 2015 A CONSECUENCIA DE LA CONTAMINACI\u00d3N AMBIENTAL. Por \u00d3scar Humberto G\u00f3mez G\u00f3mez<\/a><\/li><li><a href=\"https:\/\/oscarhumbertogomez.com\/?p=23856\">LA CONTAMINACI\u00d3N AMBIENTAL PRODUCE M\u00c1S MUERTES QUE LA GUERRA. \u00bfCU\u00c1NDO COMENZAR\u00c1N LOS OPERATIVOS EN BUCARAMANGA? Por \u00d3scar Humberto G\u00f3mez G\u00f3mez<\/a><\/li><li><a href=\"https:\/\/oscarhumbertogomez.com\/?p=23793\">CON MULTITUDINARIA MANIFESTACI\u00d3N EN LA PLAZA C\u00cdVICA LUIS CARLOS GAL\u00c1N DE BUCARAMANGA SE CERR\u00d3 LA GRAN MARCHA CONTRA LA EXPLOTACI\u00d3N MINERA EN EL P\u00c1RAMO DE SANTURB\u00c1N. Por \u00d3scar Humberto G\u00f3mez G\u00f3mez<\/a><\/li><li><a href=\"https:\/\/oscarhumbertogomez.com\/?p=21408\">ORACI\u00d3N. Por: El \u00daltimo Guane<\/a><\/li><li><a href=\"https:\/\/oscarhumbertogomez.com\/?p=32878\">DEPREDADOR. Por El \u00daltimo Guane<\/a><\/li><li><a href=\"https:\/\/oscarhumbertogomez.com\/?p=18035\">LA CONTAMINACI\u00d3N DEL AIRE EN BUCARAMANGA. Por \u00d3scar Humberto G\u00f3mez G\u00f3mez, Miembro del Colegio Nacional de Periodistas<\/a><\/li><li><a href=\"https:\/\/oscarhumbertogomez.com\/?p=16980\">Laudato si. Por S.S. Francisco<\/a><\/li><li><a href=\"https:\/\/oscarhumbertogomez.com\/?p=13106\">Hierve la tierra y desaparece el agua. Por Rafael Serrano Prada<\/a><\/li><li><a href=\"https:\/\/oscarhumbertogomez.com\/?p=12761\">Guerra del agua apenas comienza. Por Rafael Serrano Prada<\/a><\/li><li><a href=\"https:\/\/oscarhumbertogomez.com\/?p=12406\">Tragedia ambiental. Por Claudio Beltr\u00e1n Quesada<\/a><\/li><li><a href=\"https:\/\/oscarhumbertogomez.com\/?p=12333\">D\u00cdA MUNDIAL DEL MEDIO AMBIENTE. Por H\u00e9ctor Hern\u00e1ndez Mateus<\/a><\/li><li><a href=\"https:\/\/oscarhumbertogomez.com\/?p=11108\">PRIMER PROCESO JUDICIAL SIN PAPEL EN COLOMBIA. Por \u00d3scar Humberto G\u00f3mez G\u00f3mez<\/a><\/li><li><a href=\"https:\/\/oscarhumbertogomez.com\/?p=10977\">S.S. Francisco se vincula a la lucha a favor de la defensa del medio ambiente. Por \u00d3scar Humberto G\u00f3mez G\u00f3mez<\/a><\/li><li><a href=\"https:\/\/oscarhumbertogomez.com\/?p=10411\">Otro atentado inminente contra el medio ambiente en Bucaramanga. Por \u00d3scar Humberto G\u00f3mez G\u00f3mez<\/a><\/li><li><a href=\"https:\/\/oscarhumbertogomez.com\/?p=9761\">El ambientalista Orlando Beltr\u00e1n Quesada elegido miembro de la Junta Directiva del \u00c1rea Metropolitana de Bucaramanga<\/a><\/li><li><a href=\"https:\/\/oscarhumbertogomez.com\/?p=8804\">Los alimentos que curan. Por el ingeniero agr\u00f3nomo Rigoberto Abello Soto<\/a><\/li><li><a href=\"https:\/\/oscarhumbertogomez.com\/?p=8134\">Ruido e indisciplina social. Por \u00d3scar Humberto G\u00f3mez G\u00f3mez<\/a><\/li><li><a href=\"https:\/\/oscarhumbertogomez.com\/?p=8008\">Oraci\u00f3n. Por: El \u00daltimo Guane<\/a><\/li><li><a href=\"https:\/\/oscarhumbertogomez.com\/?p=5629\">PETR\u00d3LEO.  Por \u00d3scar Humberto G\u00f3mez G\u00f3mez<\/a><\/li><li><a href=\"https:\/\/oscarhumbertogomez.com\/?p=5695\">Uso y abuso de las fotocopias en la actividad judicial contencioso-administrativa.  Por \u00d3scar Humberto G\u00f3mez G\u00f3mez<\/a><\/li><li><a href=\"https:\/\/oscarhumbertogomez.com\/?p=1677\">FERIA DE LAS FLORES...DEL 3 AL 12 DE AGOSTO...\u00a1BUENA ESA, ANTIOQUIA! Por \u00d3scar Humberto G\u00f3mez G\u00f3mez<\/a><\/li><li><a href=\"https:\/\/oscarhumbertogomez.com\/?p=4408\">Inmovilidad automotriz y siembra de \u00e1rboles, prop\u00f3sitos humanitarios. Por Manuel Enrique Rey Sanmiguel<\/a><\/li><li><a href=\"https:\/\/oscarhumbertogomez.com\/?p=3514\">\u00bfQui\u00e9nes est\u00e1n detr\u00e1s del crimen ecol\u00f3gico contra el parque Santander de Bucaramanga? Por \u00d3scar Humberto G\u00f3mez G\u00f3mez<\/a><\/li><li><a href=\"https:\/\/oscarhumbertogomez.com\/?p=3373\">Al fin, \u00bfcu\u00e1l es la posici\u00f3n del Estado colombiano frente al ruido en las horas nocturnas? Por \u00d3scar Humberto G\u00f3mez G\u00f3mez<\/a><\/li><li><a href=\"https:\/\/oscarhumbertogomez.com\/?p=1071\">A prop\u00f3sito del juicio a Orlando Beltr\u00e1n Quesada \/\/ Decir que a los animales de circo se les adiestra con violencia no puede ser constitutivo de injuria. Por \u00d3scar Humberto G\u00f3mez G\u00f3mez<\/a><\/li><li><a href=\"https:\/\/oscarhumbertogomez.com\/?p=1032\">Contin\u00faa el proceso penal contra el ambientalista y defensor de animales santandereano Orlando Beltr\u00e1n Quesada. Por \u00d3scar Humberto G\u00f3mez G\u00f3mez\u200f<\/a><\/li><li><a href=\"https:\/\/oscarhumbertogomez.com\/?p=668\">\u00bfCu\u00e1ndo comenzar\u00e1n a interceptar los veh\u00edculos contaminadores en el \u00e1rea metropolitana de Bucaramanga? Por \u00d3scar Humberto G\u00f3mez G\u00f3mez<\/a><\/li><li><a href=\"https:\/\/oscarhumbertogomez.com\/?p=392\">Nace revista ecol\u00f3gica en Colombia<\/a><\/li><li><a href=\"https:\/\/oscarhumbertogomez.com\/?p=108\">El ambientalista y defensor de animales santandereano Orlando Beltr\u00e1n Quesada enfrentar\u00e1 acusaci\u00f3n penal del Circo Gasca de M\u00e9xico el pr\u00f3ximo 19 de agosto. Por \u00d3scar Humberto G\u00f3mez G\u00f3mez<\/a><\/li><li><a href=\"https:\/\/oscarhumbertogomez.com\/?p=30\">Roger Casement y la historia triste del Putumayo. Por \u00d3scar Humberto G\u00f3mez G\u00f3mez<\/a><\/li><\/ul>\n<p>&nbsp;<\/p>\n","protected":false},"excerpt":{"rendered":"<p>&nbsp; Conscientes de que la lucha por la defensa del medio ambiente es un deber primario de todo ser humano y de todo conglomerado social, ponemos nuestro portal al servicio de esa trascendental tarea. &nbsp;Aqu\u00ed estaremos divulgando y promoviendo las &hellip; <a href=\"https:\/\/oscarhumbertogomez.com\/?page_id=10232\">Sigue leyendo <span class=\"meta-nav\">&rarr;<\/span><\/a><\/p>\n<div class='heateorSssClear'><\/div><div  class='heateor_sss_sharing_container heateor_sss_horizontal_sharing' heateor-sss-data-href='https:\/\/oscarhumbertogomez.com\/?page_id=10232'><div class='heateor_sss_sharing_title' style=\"font-weight:bold\" >\u00a1Gracias por compartirla!<\/div><ul class=\"heateor_sss_sharing_ul\"><li class=\"heateorSssSharingRound\"><i style=\"width:35px;height:35px;border-radius:999px;\" alt=\"Facebook\" Title=\"Facebook\" class=\"heateorSssSharing heateorSssFacebookBackground\" onclick='heateorSssPopup(\"https:\/\/www.facebook.com\/sharer\/sharer.php?u=https%3A%2F%2Foscarhumbertogomez.com%2Findex.php%3Frest_route%3D%252Fwp%252Fv2%252Fpages%252F10232\")'><ss style=\"display:block;border-radius:999px;\" class=\"heateorSssSharingSvg heateorSssFacebookSvg\"><\/ss><\/i><\/li><li class=\"heateorSssSharingRound\"><i style=\"width:35px;height:35px;border-radius:999px;\" alt=\"Twitter\" Title=\"Twitter\" class=\"heateorSssSharing heateorSssTwitterBackground\" onclick='heateorSssPopup(\"http:\/\/twitter.com\/intent\/tweet?text=Ecolog%C3%ADa&url=https%3A%2F%2Foscarhumbertogomez.com%2Findex.php%3Frest_route%3D%252Fwp%252Fv2%252Fpages%252F10232\")'><ss style=\"display:block;border-radius:999px;\" class=\"heateorSssSharingSvg heateorSssTwitterSvg\"><\/ss><\/i><\/li><li class=\"heateorSssSharingRound\"><i style=\"width:35px;height:35px;border-radius:999px;\" alt=\"Whatsapp\" Title=\"Whatsapp\" class=\"heateorSssSharing heateorSssWhatsappBackground\" onclick='heateorSssPopup(\"https:\/\/web.whatsapp.com\/send?text=Ecolog%C3%ADa https%3A%2F%2Foscarhumbertogomez.com%2Findex.php%3Frest_route%3D%252Fwp%252Fv2%252Fpages%252F10232\")'><ss style=\"display:block\" class=\"heateorSssSharingSvg heateorSssWhatsappSvg\"><\/ss><\/i><\/li><li class=\"heateorSssSharingRound\"><i style=\"width:35px;height:35px;border-radius:999px;\" alt=\"Pinterest\" Title=\"Pinterest\" class=\"heateorSssSharing heateorSssPinterestBackground\" onclick=\"javascript:void( (function() {var e=document.createElement('script' );e.setAttribute('type','text\/javascript' );e.setAttribute('charset','UTF-8' );e.setAttribute('src','\/\/assets.pinterest.com\/js\/pinmarklet.js?r='+Math.random()*99999999);document.body.appendChild(e)})());\"><ss style=\"display:block;border-radius:999px;\" class=\"heateorSssSharingSvg heateorSssPinterestSvg\"><\/ss><\/i><\/li><li class=\"heateorSssSharingRound\"><i style=\"width:35px;height:35px;border-radius:999px;\" alt=\"Google Gmail\" Title=\"Google Gmail\" class=\"heateorSssSharing heateorSssGoogleGmailBackground\" onclick='heateorSssPopup(\"https:\/\/mail.google.com\/mail\/?ui=2&view=cm&fs=1&tf=1&su=Ecolog%C3%ADa&body=Link:https%3A%2F%2Foscarhumbertogomez.com%2Findex.php%3Frest_route%3D%252Fwp%252Fv2%252Fpages%252F10232\")'><ss style=\"display:block;border-radius:999px;\" class=\"heateorSssSharingSvg heateorSssGoogleGmailSvg\"><\/ss><\/i><\/li><li class=\"heateorSssSharingRound\"><i style=\"width:35px;height:35px;border-radius:999px;\" title=\"More\" alt=\"More\" class=\"heateorSssSharing heateorSssMoreBackground\" onclick=\"heateorSssMoreSharingPopup(this, 'https:\/\/oscarhumbertogomez.com\/index.php?rest_route=%2Fwp%2Fv2%2Fpages%2F10232', 'Ecolog%C3%ADa', '' )\" ><ss style=\"display:block\" class=\"heateorSssSharingSvg heateorSssMoreSvg\"><\/ss><\/i><\/li><\/ul><div class=\"heateorSssClear\"><\/div><\/div><div class='heateorSssClear'><\/div>","protected":false},"author":2,"featured_media":0,"parent":0,"menu_order":0,"comment_status":"closed","ping_status":"closed","template":"","meta":{"spay_email":"","footnotes":""},"class_list":["post-10232","page","type-page","status-publish","hentry"],"jetpack_shortlink":"https:\/\/wp.me\/P1FYrr-2F2","_links":{"self":[{"href":"https:\/\/oscarhumbertogomez.com\/index.php?rest_route=\/wp\/v2\/pages\/10232","targetHints":{"allow":["GET"]}}],"collection":[{"href":"https:\/\/oscarhumbertogomez.com\/index.php?rest_route=\/wp\/v2\/pages"}],"about":[{"href":"https:\/\/oscarhumbertogomez.com\/index.php?rest_route=\/wp\/v2\/types\/page"}],"author":[{"embeddable":true,"href":"https:\/\/oscarhumbertogomez.com\/index.php?rest_route=\/wp\/v2\/users\/2"}],"replies":[{"embeddable":true,"href":"https:\/\/oscarhumbertogomez.com\/index.php?rest_route=%2Fwp%2Fv2%2Fcomments&post=10232"}],"version-history":[{"count":5,"href":"https:\/\/oscarhumbertogomez.com\/index.php?rest_route=\/wp\/v2\/pages\/10232\/revisions"}],"predecessor-version":[{"id":52761,"href":"https:\/\/oscarhumbertogomez.com\/index.php?rest_route=\/wp\/v2\/pages\/10232\/revisions\/52761"}],"wp:attachment":[{"href":"https:\/\/oscarhumbertogomez.com\/index.php?rest_route=%2Fwp%2Fv2%2Fmedia&parent=10232"}],"curies":[{"name":"wp","href":"https:\/\/api.w.org\/{rel}","templated":true}]}}