{"id":23346,"date":"2017-09-02T16:18:33","date_gmt":"2017-09-02T21:18:33","guid":{"rendered":"http:\/\/www.oscarhumbertogomez.com\/?page_id=23346"},"modified":"2025-03-24T11:47:34","modified_gmt":"2025-03-24T16:47:34","slug":"cine","status":"publish","type":"page","link":"https:\/\/oscarhumbertogomez.com\/?page_id=23346","title":{"rendered":"Cine y televisi\u00f3n"},"content":{"rendered":"<div id=\"attachment_23360\" style=\"width: 548px\" class=\"wp-caption aligncenter\"><img loading=\"lazy\" decoding=\"async\" aria-describedby=\"caption-attachment-23360\" class=\"size-large wp-image-23360\" src=\"https:\/\/lapiedrafilosofal.com\/wp-content\/uploads\/2017\/09\/ELIZABETH-MONTGOMERY-538x1024.jpg\" alt=\"\" width=\"538\" height=\"1024\" srcset=\"https:\/\/oscarhumbertogomez.com\/wp-content\/uploads\/2017\/09\/ELIZABETH-MONTGOMERY-538x1024.jpg 538w, https:\/\/oscarhumbertogomez.com\/wp-content\/uploads\/2017\/09\/ELIZABETH-MONTGOMERY-158x300.jpg 158w, https:\/\/oscarhumbertogomez.com\/wp-content\/uploads\/2017\/09\/ELIZABETH-MONTGOMERY.jpg 630w\" sizes=\"auto, (max-width: 538px) 100vw, 538px\" \/><p id=\"caption-attachment-23360\" class=\"wp-caption-text\">ELIZABETH MONTGOMERY (Hollywood, 15 de abril de 1933 \u2013 Beverly Hills, 18 de mayo de 1995).<\/p><\/div>\n<p>&nbsp;<\/p>\n<p><strong>Nos quitamos el sombrero ante el s\u00e9ptimo arte, ante el talent que ha girado en torno a \u00e9l, ante su carga de belleza, ante toda la magia que nos hizo sentir tan felices. Bueno, o tan tristes, o tan en suspenso, pero siempre tan convencidos de que, inmersos en la negrura de un teatro y gracias al haz de luz de un proyector, o sentados frente a la pantalla de un televisor ajeno y tambi\u00e9n en horas especiales y sentados al lado de personas especiales, nos sent\u00edamos unos seres privilegiados por la vida.<\/strong><\/p>\n<p>Y es que, por virtud del cine, fuimos unos ni\u00f1os cargados de ilusiones en un ma\u00f1ana mejor; por virtud del cine, fuimos unos adolescentes emocionados que, con el pago de una boleta en la taquilla, gracias a dinero conseguido con indecibles dificultades, pudimos conocer el mundo, y el amor, y las pasiones, y los avatares todos de la vida, sin pararnos de una silla y en alguna que otra ocasi\u00f3n sin soltar la mano tibia de la jovencita invitada y que nos hac\u00eda acelerar los latidos de nuestro coraz\u00f3n enamorado. Y fuimos, en fin, unos chicos que, con la conquista previa de un permiso, nos pudimos sentar en cualquier coj\u00edn, o en una alfombra, o en las refulgentes baldosas de un piso que no era el de nuestra casa, a embelesarnos con el incomparable sortilegio del suspenso que iba aflorando a la pantalla televisiva entre propaganda y propaganda.<\/p>\n<p><strong>Hoy aquellos teatros donde por primera vez conocimos la magia del cine ya no existen; todos fueron derribados en aras del progreso, seg\u00fan la concepci\u00f3n que de esa palabra impusieron los poderosos; nada queda del Teatro Real, del Teatro Uni\u00f3n, del Teatro Garnica, del Teatro Rosedal, del Teatro Libertador, del Teatro Colombia, del Teatro Analuc\u00eda, del Teatro Santander, del Cinema 1, del Cinema 2, del Teatro El Cid, del Teatro Sof\u00eda, del Teatro Riviera. Ni siquiera de aquel teatrito en piso de tierra que los curas del Instituto Tecnol\u00f3gico Salesiano Eloy Valenzuela acondicionaron para ofrecernos una pel\u00edcula en blanco y negro despu\u00e9s de la catequesis. Empero, todos ellos perdurar\u00e1n en nuestra memoria y en nuestro coraz\u00f3n agradecido.<\/strong><\/p>\n<p>Como perdurar\u00e1 tambi\u00e9n el recuerdo de la tienda La Veracruzana, de don <em>Gratiniano<\/em>, donde parad\u00f3jicamente -y lamentablemente, para quienes manten\u00edamos nuestros bolsillos vac\u00edos- nada era <em>gratis<\/em>; y de la sala de la casa de los Pinz\u00f3n; y de la sala de la casa de los Su\u00e1rez, lugares donde por primera vez pudimos disfrutar de una emocionante pel\u00edcula, sentados frente a un televisor que no era nuestro.<\/p>\n<p>Ya en nuestra edad adulta y bajo unas condiciones totalmente distintas a las de aquellos lejanos a\u00f1os hemos podido seguir disfrutando de ese mundo m\u00e1gico y es as\u00ed que hoy en d\u00eda el s\u00e9ptimo arte se mantiene vivo entre nosotros como una preciosa y eficaz v\u00e1lvula de escape a todos esos m\u00faltiples y complejos problemas de la cotidianidad que, de todos modos, no dejan de perturbarnos y, por momentos, de agobiarnos.<\/p>\n<p>&nbsp;<\/p>\n<h2>Archivo de entradas<\/h2>\n<p>&nbsp;<\/p>\n<ul><li><a href=\"https:\/\/oscarhumbertogomez.com\/?p=54376\">Sentado frente al tel\u00f3n. ACERCA DE LA EXCELENTE PEL\u00cdCULA COLOMBIANA \u201cUN POETA\u201d. (II) Por \u00d3scar Humberto G\u00f3mez G\u00f3mez<\/a><\/li><li><a href=\"https:\/\/oscarhumbertogomez.com\/?p=54358\">Sentado frente al tel\u00f3n. ACERCA DE LA EXCELENTE PEL\u00cdCULA COLOMBIANA \u201cUN POETA\u201d. (I) Por \u00d3scar Humberto G\u00f3mez G\u00f3mez<\/a><\/li><li><a href=\"https:\/\/oscarhumbertogomez.com\/?p=45153\">Muri\u00f3 el talentoso actor santandereano Walter Ardila. Por \u00d3scar Humberto G\u00f3mez G\u00f3mez<\/a><\/li><li><a href=\"https:\/\/oscarhumbertogomez.com\/?p=43429\">El descubrimiento de Walter Ardila. Por \u00d3scar Humberto G\u00f3mez G\u00f3mez<\/a><\/li><li><a href=\"https:\/\/oscarhumbertogomez.com\/?p=43292\">En diciembre de 1962 lleg\u00f3 a Neiva \"el embajador de la India\". Cr\u00f3nica de un chasco hist\u00f3rico. Por \u00d3scar Humberto G\u00f3mez G\u00f3mez<\/a><\/li><li><a href=\"https:\/\/oscarhumbertogomez.com\/?p=41157\">Yasemin Cetinkaya, joven y talentosa actriz alemana. Por \u00d3scar Humberto G\u00f3mez G\u00f3mez<\/a><\/li><li><a href=\"https:\/\/oscarhumbertogomez.com\/?p=39300\">El final inmortal de \"Zorba el griego\": resiliencia y algo de locura. Por \u00d3scar Humberto G\u00f3mez G\u00f3mez<\/a><\/li><li><a href=\"https:\/\/oscarhumbertogomez.com\/?p=26077\">A Mar\u00eda Dolores Pradera. Por \u00d3scar Humberto G\u00f3mez G\u00f3mez<\/a><\/li><li><a href=\"https:\/\/oscarhumbertogomez.com\/?p=26026\">CINE INMORTAL [XII]. Por: El Colado del Garnica<\/a><\/li><li><a href=\"https:\/\/oscarhumbertogomez.com\/?p=25732\">CINE INMORTAL [XI]. Por: El Colado del Garnica<\/a><\/li><li><a href=\"https:\/\/oscarhumbertogomez.com\/?p=20502\">CINE INMORTAL (X). Por: El Colado del Garnica<\/a><\/li><li><a href=\"https:\/\/oscarhumbertogomez.com\/?p=20443\">CINE INMORTAL (IX). Por: El Colado del Garnica<\/a><\/li><li><a href=\"https:\/\/oscarhumbertogomez.com\/?p=20357\">CINE INMORTAL (VIII). Por: El Colado del Garnica<\/a><\/li><li><a href=\"https:\/\/oscarhumbertogomez.com\/?p=20280\">CINE INMORTAL [VII]. Por: El Colado del Garnica<\/a><\/li><li><a href=\"https:\/\/oscarhumbertogomez.com\/?p=20117\">CINE INMORTAL [VI]. Por: El Colado del Garnica<\/a><\/li><li><a href=\"https:\/\/oscarhumbertogomez.com\/?p=20119\">CINE INMORTAL [V]. Por: El Colado del Garnica<\/a><\/li><li><a href=\"https:\/\/oscarhumbertogomez.com\/?p=20046\">CINE INMORTAL [IV]. Por: El Colado del Garnica<\/a><\/li><li><a href=\"https:\/\/oscarhumbertogomez.com\/?p=19949\">CINE INMORTAL [III]. Por: El Colado del Garnica<\/a><\/li><li><a href=\"https:\/\/oscarhumbertogomez.com\/?p=19944\">CINE INMORTAL [II]. Por: El Colado del Garnica<\/a><\/li><li><a href=\"https:\/\/oscarhumbertogomez.com\/?p=19867\">CINE INMORTAL [I]. Por: El Colado del Garnica<\/a><\/li><li><a href=\"https:\/\/oscarhumbertogomez.com\/?p=7783\">MARIELA HIJUELOS. Por \u00d3scar Humberto G\u00f3mez G\u00f3mez<\/a><\/li><li><a href=\"https:\/\/oscarhumbertogomez.com\/?p=1389\">ALCIRA RODR\u00cdGUEZ, LA ACTRIZ QUE TAMBI\u00c9N CANTABA. Por \u00d3scar Humberto G\u00f3mez G\u00f3mez<\/a><\/li><\/ul>\n<p>&nbsp;<\/p>\n","protected":false},"excerpt":{"rendered":"<p>&nbsp; Nos quitamos el sombrero ante el s\u00e9ptimo arte, ante el talent que ha girado en torno a \u00e9l, ante su carga de belleza, ante toda la magia que nos hizo sentir tan felices. Bueno, o tan tristes, o tan &hellip; <a href=\"https:\/\/oscarhumbertogomez.com\/?page_id=23346\">Sigue leyendo <span class=\"meta-nav\">&rarr;<\/span><\/a><\/p>\n<div class='heateorSssClear'><\/div><div  class='heateor_sss_sharing_container heateor_sss_horizontal_sharing' heateor-sss-data-href='https:\/\/oscarhumbertogomez.com\/?page_id=23346'><div class='heateor_sss_sharing_title' style=\"font-weight:bold\" >\u00a1Gracias por compartirla!<\/div><ul class=\"heateor_sss_sharing_ul\"><li class=\"heateorSssSharingRound\"><i style=\"width:35px;height:35px;border-radius:999px;\" alt=\"Facebook\" Title=\"Facebook\" class=\"heateorSssSharing heateorSssFacebookBackground\" onclick='heateorSssPopup(\"https:\/\/www.facebook.com\/sharer\/sharer.php?u=https%3A%2F%2Foscarhumbertogomez.com%2Findex.php%3Frest_route%3D%252Fwp%252Fv2%252Fpages%252F23346\")'><ss style=\"display:block;border-radius:999px;\" class=\"heateorSssSharingSvg heateorSssFacebookSvg\"><\/ss><\/i><\/li><li class=\"heateorSssSharingRound\"><i style=\"width:35px;height:35px;border-radius:999px;\" alt=\"Twitter\" Title=\"Twitter\" class=\"heateorSssSharing heateorSssTwitterBackground\" onclick='heateorSssPopup(\"http:\/\/twitter.com\/intent\/tweet?text=Cine%20y%20televisi%C3%B3n&url=https%3A%2F%2Foscarhumbertogomez.com%2Findex.php%3Frest_route%3D%252Fwp%252Fv2%252Fpages%252F23346\")'><ss style=\"display:block;border-radius:999px;\" class=\"heateorSssSharingSvg heateorSssTwitterSvg\"><\/ss><\/i><\/li><li class=\"heateorSssSharingRound\"><i style=\"width:35px;height:35px;border-radius:999px;\" alt=\"Whatsapp\" Title=\"Whatsapp\" class=\"heateorSssSharing heateorSssWhatsappBackground\" onclick='heateorSssPopup(\"https:\/\/web.whatsapp.com\/send?text=Cine%20y%20televisi%C3%B3n https%3A%2F%2Foscarhumbertogomez.com%2Findex.php%3Frest_route%3D%252Fwp%252Fv2%252Fpages%252F23346\")'><ss style=\"display:block\" class=\"heateorSssSharingSvg heateorSssWhatsappSvg\"><\/ss><\/i><\/li><li class=\"heateorSssSharingRound\"><i style=\"width:35px;height:35px;border-radius:999px;\" alt=\"Pinterest\" Title=\"Pinterest\" class=\"heateorSssSharing heateorSssPinterestBackground\" onclick=\"javascript:void( (function() {var e=document.createElement('script' );e.setAttribute('type','text\/javascript' );e.setAttribute('charset','UTF-8' );e.setAttribute('src','\/\/assets.pinterest.com\/js\/pinmarklet.js?r='+Math.random()*99999999);document.body.appendChild(e)})());\"><ss style=\"display:block;border-radius:999px;\" class=\"heateorSssSharingSvg heateorSssPinterestSvg\"><\/ss><\/i><\/li><li class=\"heateorSssSharingRound\"><i style=\"width:35px;height:35px;border-radius:999px;\" alt=\"Google Gmail\" Title=\"Google Gmail\" class=\"heateorSssSharing heateorSssGoogleGmailBackground\" onclick='heateorSssPopup(\"https:\/\/mail.google.com\/mail\/?ui=2&view=cm&fs=1&tf=1&su=Cine%20y%20televisi%C3%B3n&body=Link:https%3A%2F%2Foscarhumbertogomez.com%2Findex.php%3Frest_route%3D%252Fwp%252Fv2%252Fpages%252F23346\")'><ss style=\"display:block;border-radius:999px;\" class=\"heateorSssSharingSvg heateorSssGoogleGmailSvg\"><\/ss><\/i><\/li><li class=\"heateorSssSharingRound\"><i style=\"width:35px;height:35px;border-radius:999px;\" title=\"More\" alt=\"More\" class=\"heateorSssSharing heateorSssMoreBackground\" onclick=\"heateorSssMoreSharingPopup(this, 'https:\/\/oscarhumbertogomez.com\/index.php?rest_route=%2Fwp%2Fv2%2Fpages%2F23346', 'Cine%20y%20televisi%C3%B3n', '' )\" ><ss style=\"display:block\" class=\"heateorSssSharingSvg heateorSssMoreSvg\"><\/ss><\/i><\/li><\/ul><div class=\"heateorSssClear\"><\/div><\/div><div class='heateorSssClear'><\/div>","protected":false},"author":2,"featured_media":0,"parent":0,"menu_order":0,"comment_status":"closed","ping_status":"closed","template":"","meta":{"spay_email":"","footnotes":""},"class_list":["post-23346","page","type-page","status-publish","hentry"],"jetpack_shortlink":"https:\/\/wp.me\/P1FYrr-64y","_links":{"self":[{"href":"https:\/\/oscarhumbertogomez.com\/index.php?rest_route=\/wp\/v2\/pages\/23346","targetHints":{"allow":["GET"]}}],"collection":[{"href":"https:\/\/oscarhumbertogomez.com\/index.php?rest_route=\/wp\/v2\/pages"}],"about":[{"href":"https:\/\/oscarhumbertogomez.com\/index.php?rest_route=\/wp\/v2\/types\/page"}],"author":[{"embeddable":true,"href":"https:\/\/oscarhumbertogomez.com\/index.php?rest_route=\/wp\/v2\/users\/2"}],"replies":[{"embeddable":true,"href":"https:\/\/oscarhumbertogomez.com\/index.php?rest_route=%2Fwp%2Fv2%2Fcomments&post=23346"}],"version-history":[{"count":5,"href":"https:\/\/oscarhumbertogomez.com\/index.php?rest_route=\/wp\/v2\/pages\/23346\/revisions"}],"predecessor-version":[{"id":52760,"href":"https:\/\/oscarhumbertogomez.com\/index.php?rest_route=\/wp\/v2\/pages\/23346\/revisions\/52760"}],"wp:attachment":[{"href":"https:\/\/oscarhumbertogomez.com\/index.php?rest_route=%2Fwp%2Fv2%2Fmedia&parent=23346"}],"curies":[{"name":"wp","href":"https:\/\/api.w.org\/{rel}","templated":true}]}}