{"id":23471,"date":"2017-09-08T13:06:14","date_gmt":"2017-09-08T18:06:14","guid":{"rendered":"http:\/\/www.oscarhumbertogomez.com\/?page_id=23471"},"modified":"2025-06-24T20:49:22","modified_gmt":"2025-06-25T01:49:22","slug":"inicio","status":"publish","type":"page","link":"https:\/\/oscarhumbertogomez.com\/?page_id=23471","title":{"rendered":"\u00bfQui\u00e9nes somos?"},"content":{"rendered":"<div id=\"attachment_22947\" style=\"width: 650px\" class=\"wp-caption aligncenter\"><img loading=\"lazy\" decoding=\"async\" aria-describedby=\"caption-attachment-22947\" class=\"size-large wp-image-22947\" src=\"https:\/\/oscarhumbertogomez.com\/wp-content\/uploads\/2017\/07\/20170401-170514-678x1024.jpg\" alt=\"\" width=\"640\" height=\"967\" srcset=\"https:\/\/oscarhumbertogomez.com\/wp-content\/uploads\/2017\/07\/20170401-170514-678x1024.jpg 678w, https:\/\/oscarhumbertogomez.com\/wp-content\/uploads\/2017\/07\/20170401-170514-199x300.jpg 199w, https:\/\/oscarhumbertogomez.com\/wp-content\/uploads\/2017\/07\/20170401-170514-768x1160.jpg 768w\" sizes=\"auto, (max-width: 640px) 100vw, 640px\" \/><p id=\"caption-attachment-22947\" class=\"wp-caption-text\">\u00d3SCAR HUMBERTO G\u00d3MEZ G\u00d3MEZ [Fotograf\u00eda: Fernando Rueda Villamizar]<\/p><\/div>\n<p>&nbsp;<\/p>\n<p>\u00a1\u00a1\u00a1 Hola, amigas y amigos !!!<\/p>\n<p>&nbsp;<\/p>\n<p>Este es el portal de <strong>\u00d3scar Humberto G\u00f3mez G\u00f3mez<\/strong>, quien a lo largo de 43 a\u00f1os y bajo la tarjeta profesional de abogado No. 25531 del Ministerio de Justicia, posteriormente del Consejo Superior de la Judicatura, ejerci\u00f3 la abogac\u00eda hasta que en el mes de enero de 2025 redact\u00f3 e hizo llegar a sus clientes y a las autoridades judiciales ante las cuales ven\u00eda adelantando sus procesos un extenso comunicado en el que les hizo saber su decisi\u00f3n de retirarse del ejercicio profesional &#8220;por falta de garant\u00edas&#8221;. Su oficina se hallaba ubicada en Bucaramanga, en el tercer piso del Centro Empresarial Chicamocha, y <strong> fue cerrada definitivamente<\/strong> al igual que lo fue su oficina virtual.<\/p>\n<p>Fue miembro del Colegio de Abogados de Santander hasta la desaparici\u00f3n de esa antigua y prestigiosa agremiaci\u00f3n. Porta la credencial y c\u00e9dula de periodista No. 2014026 del Colegio Nacional de Periodistas (CNP), es Miembro de N\u00famero de la Academia de Historia de Santander y as\u00ed mismo Miembro Activo de la Sociedad de Autores y Compositores de Colombia (SAYCO), carn\u00e9 No. 3269 de agosto 12 de 2002.  Adem\u00e1s, escribe poes\u00eda con su propio nombre o bajo los pseud\u00f3nimos &#8220;El \u00daltimo Guane&#8221; o &#8220;El Diablillo del Parnaso&#8221;.<\/p>\n<p>&nbsp;<\/p>\n<p><img loading=\"lazy\" decoding=\"async\" class=\"aligncenter size-large wp-image-36490\" src=\"https:\/\/lapiedrafilosofal.com\/wp-content\/uploads\/2020\/12\/Joseph-Wright.-The-Alchemist-790x1024.jpg\" alt=\"\" width=\"640\" height=\"830\" srcset=\"https:\/\/oscarhumbertogomez.com\/wp-content\/uploads\/2020\/12\/Joseph-Wright.-The-Alchemist-790x1024.jpg 790w, https:\/\/oscarhumbertogomez.com\/wp-content\/uploads\/2020\/12\/Joseph-Wright.-The-Alchemist-231x300.jpg 231w, https:\/\/oscarhumbertogomez.com\/wp-content\/uploads\/2020\/12\/Joseph-Wright.-The-Alchemist-768x996.jpg 768w, https:\/\/oscarhumbertogomez.com\/wp-content\/uploads\/2020\/12\/Joseph-Wright.-The-Alchemist.jpg 1024w\" sizes=\"auto, (max-width: 640px) 100vw, 640px\" \/><\/p>\n<p>&nbsp;<\/p>\n<p>Desde este <em>web site<\/em>, antes denominado &#8220;Santander en la Red&#8221; y &#8220;La piedra filosofal&#8221;, se dieron a conocer a lo largo de varios lustros las actividades profesionales desplegadas por el abogado <strong>\u00d3scar Humberto G\u00f3mez G\u00f3mez<\/strong> as\u00ed como tambi\u00e9n las tareas de car\u00e1cter cultural que alcanz\u00f3 a desarrollar simult\u00e1neamente con el ejercicio de su profesi\u00f3n.<\/p>\n<p>&nbsp;<\/p>\n<p><img loading=\"lazy\" decoding=\"async\" class=\"aligncenter size-large wp-image-36490\" src=\"https:\/\/lapiedrafilosofal.com\/wp-content\/uploads\/2020\/12\/Joseph-Wright.-The-Alchemist-790x1024.jpg\" alt=\"\" width=\"640\" height=\"830\" srcset=\"https:\/\/oscarhumbertogomez.com\/wp-content\/uploads\/2020\/12\/Joseph-Wright.-The-Alchemist-790x1024.jpg 790w, https:\/\/oscarhumbertogomez.com\/wp-content\/uploads\/2020\/12\/Joseph-Wright.-The-Alchemist-231x300.jpg 231w, https:\/\/oscarhumbertogomez.com\/wp-content\/uploads\/2020\/12\/Joseph-Wright.-The-Alchemist-768x996.jpg 768w, https:\/\/oscarhumbertogomez.com\/wp-content\/uploads\/2020\/12\/Joseph-Wright.-The-Alchemist.jpg 1024w\" sizes=\"auto, (max-width: 640px) 100vw, 640px\" \/><\/p>\n<p>&nbsp;<\/p>\n<p><strong>\u00d3scar Humberto G\u00f3mez G\u00f3mez<\/strong>, abogado administrativista santandereano, <strong>Doctor en Derecho y Ciencias Sociales y Pol\u00edticas<\/strong> (19 de diciembre de 1980. Libro nro. 20 de Registro de la Secretar\u00eda de Educaci\u00f3n de Santander. Folio 264 del 12 de febrero de 1981), ejerci\u00f3 su profesi\u00f3n desde el a\u00f1o 1981.<\/p>\n<p>Su oficina, en cuyas labores colaboraron otros profesionales del derecho, estuvo dedicada al <strong>Derecho Administrativo<\/strong>, de manera muy especial al \u00e1rea de la <strong>Responsabilidad Extracontractual del Estado<\/strong>.<\/p>\n<p>Mediante Resoluci\u00f3n nro. 004 del 25 de febrero de 1994 expedida por la se\u00f1ora presidenta del Tribunal Administrativo de Santander magistrada Marta \u00c1lvarez de Castillo y su secretario general \u00c1ngel de Jes\u00fas G\u00f3mez, la Sala de Gobierno de esa Corporaci\u00f3n reconoci\u00f3 oficialmente a <strong>Nylse Blackburn<\/strong>, asistente del Dr. \u00d3scar Humberto G\u00f3mez G\u00f3mez, como su dependiente judicial, cargo al frente del cual se mantuvo desde entonces ininterrumpidamente hasta el cierre tanto f\u00edsico como virtual de su oficina y su retiro definitivo del ejercicio profesional.<\/p>\n<p>&nbsp;<\/p>\n<p><img loading=\"lazy\" decoding=\"async\" class=\"aligncenter size-large wp-image-36490\" src=\"https:\/\/lapiedrafilosofal.com\/wp-content\/uploads\/2020\/12\/Joseph-Wright.-The-Alchemist-790x1024.jpg\" alt=\"\" width=\"640\" height=\"830\" srcset=\"https:\/\/oscarhumbertogomez.com\/wp-content\/uploads\/2020\/12\/Joseph-Wright.-The-Alchemist-790x1024.jpg 790w, https:\/\/oscarhumbertogomez.com\/wp-content\/uploads\/2020\/12\/Joseph-Wright.-The-Alchemist-231x300.jpg 231w, https:\/\/oscarhumbertogomez.com\/wp-content\/uploads\/2020\/12\/Joseph-Wright.-The-Alchemist-768x996.jpg 768w, https:\/\/oscarhumbertogomez.com\/wp-content\/uploads\/2020\/12\/Joseph-Wright.-The-Alchemist.jpg 1024w\" sizes=\"auto, (max-width: 640px) 100vw, 640px\" \/><\/p>\n<p>&nbsp;<\/p>\n<p>Sean bienvenidos a oscarhumbertogomez.com, antes &#8220;Santander en la Red&#8221; y &#8220;La piedra filosofal&#8221;. Los invitamos a visitar todas nuestras secciones.<\/p>\n<p>&nbsp;<\/p>\n<p>Nuestro e-mail para el env\u00edo de correspondencia es el siguiente:<\/p>\n<p><strong>correo@oscarhumbertogomez.com<\/strong><\/p>\n<p>&nbsp;<\/p>\n<p><img loading=\"lazy\" decoding=\"async\" class=\"aligncenter size-large wp-image-36490\" src=\"https:\/\/lapiedrafilosofal.com\/wp-content\/uploads\/2020\/12\/Joseph-Wright.-The-Alchemist-790x1024.jpg\" alt=\"\" width=\"640\" height=\"830\" srcset=\"https:\/\/oscarhumbertogomez.com\/wp-content\/uploads\/2020\/12\/Joseph-Wright.-The-Alchemist-790x1024.jpg 790w, https:\/\/oscarhumbertogomez.com\/wp-content\/uploads\/2020\/12\/Joseph-Wright.-The-Alchemist-231x300.jpg 231w, https:\/\/oscarhumbertogomez.com\/wp-content\/uploads\/2020\/12\/Joseph-Wright.-The-Alchemist-768x996.jpg 768w, https:\/\/oscarhumbertogomez.com\/wp-content\/uploads\/2020\/12\/Joseph-Wright.-The-Alchemist.jpg 1024w\" sizes=\"auto, (max-width: 640px) 100vw, 640px\" \/><\/p>\n<p>&nbsp;<\/p>\n<p><strong>ILUSTRACI\u00d3N<\/strong>: Joshep Wright. El alquimista en busca de la piedra filosofal. \u00d3leo sobre lienzo. 1771. Museo y Galer\u00eda de Arte de Derby. Derby, Inglaterra. Reino Unido.<\/p>\n<p>&nbsp;<\/p>\n","protected":false},"excerpt":{"rendered":"<p>&nbsp; \u00a1\u00a1\u00a1 Hola, amigas y amigos !!! &nbsp; Este es el portal de \u00d3scar Humberto G\u00f3mez G\u00f3mez, quien a lo largo de 43 a\u00f1os y bajo la tarjeta profesional de abogado No. 25531 del Ministerio de Justicia, posteriormente del Consejo &hellip; <a href=\"https:\/\/oscarhumbertogomez.com\/?page_id=23471\">Sigue leyendo <span class=\"meta-nav\">&rarr;<\/span><\/a><\/p>\n<div class='heateorSssClear'><\/div><div  class='heateor_sss_sharing_container heateor_sss_horizontal_sharing' heateor-sss-data-href='https:\/\/oscarhumbertogomez.com\/?page_id=23471'><div class='heateor_sss_sharing_title' style=\"font-weight:bold\" >\u00a1Gracias por compartirla!<\/div><ul class=\"heateor_sss_sharing_ul\"><li class=\"heateorSssSharingRound\"><i style=\"width:35px;height:35px;border-radius:999px;\" alt=\"Facebook\" Title=\"Facebook\" class=\"heateorSssSharing heateorSssFacebookBackground\" onclick='heateorSssPopup(\"https:\/\/www.facebook.com\/sharer\/sharer.php?u=https%3A%2F%2Foscarhumbertogomez.com%2Findex.php%3Frest_route%3D%252Fwp%252Fv2%252Fpages%252F23471\")'><ss style=\"display:block;border-radius:999px;\" class=\"heateorSssSharingSvg heateorSssFacebookSvg\"><\/ss><\/i><\/li><li class=\"heateorSssSharingRound\"><i style=\"width:35px;height:35px;border-radius:999px;\" alt=\"Twitter\" Title=\"Twitter\" class=\"heateorSssSharing heateorSssTwitterBackground\" onclick='heateorSssPopup(\"http:\/\/twitter.com\/intent\/tweet?text=%C2%BFQui%C3%A9nes%20somos%3F&url=https%3A%2F%2Foscarhumbertogomez.com%2Findex.php%3Frest_route%3D%252Fwp%252Fv2%252Fpages%252F23471\")'><ss style=\"display:block;border-radius:999px;\" class=\"heateorSssSharingSvg heateorSssTwitterSvg\"><\/ss><\/i><\/li><li class=\"heateorSssSharingRound\"><i style=\"width:35px;height:35px;border-radius:999px;\" alt=\"Whatsapp\" Title=\"Whatsapp\" class=\"heateorSssSharing heateorSssWhatsappBackground\" onclick='heateorSssPopup(\"https:\/\/web.whatsapp.com\/send?text=%C2%BFQui%C3%A9nes%20somos%3F https%3A%2F%2Foscarhumbertogomez.com%2Findex.php%3Frest_route%3D%252Fwp%252Fv2%252Fpages%252F23471\")'><ss style=\"display:block\" class=\"heateorSssSharingSvg heateorSssWhatsappSvg\"><\/ss><\/i><\/li><li class=\"heateorSssSharingRound\"><i style=\"width:35px;height:35px;border-radius:999px;\" alt=\"Pinterest\" Title=\"Pinterest\" class=\"heateorSssSharing heateorSssPinterestBackground\" onclick=\"javascript:void( (function() {var e=document.createElement('script' );e.setAttribute('type','text\/javascript' );e.setAttribute('charset','UTF-8' );e.setAttribute('src','\/\/assets.pinterest.com\/js\/pinmarklet.js?r='+Math.random()*99999999);document.body.appendChild(e)})());\"><ss style=\"display:block;border-radius:999px;\" class=\"heateorSssSharingSvg heateorSssPinterestSvg\"><\/ss><\/i><\/li><li class=\"heateorSssSharingRound\"><i style=\"width:35px;height:35px;border-radius:999px;\" alt=\"Google Gmail\" Title=\"Google Gmail\" class=\"heateorSssSharing heateorSssGoogleGmailBackground\" onclick='heateorSssPopup(\"https:\/\/mail.google.com\/mail\/?ui=2&view=cm&fs=1&tf=1&su=%C2%BFQui%C3%A9nes%20somos%3F&body=Link:https%3A%2F%2Foscarhumbertogomez.com%2Findex.php%3Frest_route%3D%252Fwp%252Fv2%252Fpages%252F23471\")'><ss style=\"display:block;border-radius:999px;\" class=\"heateorSssSharingSvg heateorSssGoogleGmailSvg\"><\/ss><\/i><\/li><li class=\"heateorSssSharingRound\"><i style=\"width:35px;height:35px;border-radius:999px;\" title=\"More\" alt=\"More\" class=\"heateorSssSharing heateorSssMoreBackground\" onclick=\"heateorSssMoreSharingPopup(this, 'https:\/\/oscarhumbertogomez.com\/index.php?rest_route=%2Fwp%2Fv2%2Fpages%2F23471', '%C2%BFQui%C3%A9nes%20somos%3F', '' )\" ><ss style=\"display:block\" class=\"heateorSssSharingSvg heateorSssMoreSvg\"><\/ss><\/i><\/li><\/ul><div class=\"heateorSssClear\"><\/div><\/div><div class='heateorSssClear'><\/div>","protected":false},"author":2,"featured_media":0,"parent":0,"menu_order":0,"comment_status":"closed","ping_status":"closed","template":"","meta":{"spay_email":"","footnotes":""},"class_list":["post-23471","page","type-page","status-publish","hentry"],"jetpack_shortlink":"https:\/\/wp.me\/P1FYrr-66z","_links":{"self":[{"href":"https:\/\/oscarhumbertogomez.com\/index.php?rest_route=\/wp\/v2\/pages\/23471","targetHints":{"allow":["GET"]}}],"collection":[{"href":"https:\/\/oscarhumbertogomez.com\/index.php?rest_route=\/wp\/v2\/pages"}],"about":[{"href":"https:\/\/oscarhumbertogomez.com\/index.php?rest_route=\/wp\/v2\/types\/page"}],"author":[{"embeddable":true,"href":"https:\/\/oscarhumbertogomez.com\/index.php?rest_route=\/wp\/v2\/users\/2"}],"replies":[{"embeddable":true,"href":"https:\/\/oscarhumbertogomez.com\/index.php?rest_route=%2Fwp%2Fv2%2Fcomments&post=23471"}],"version-history":[{"count":5,"href":"https:\/\/oscarhumbertogomez.com\/index.php?rest_route=\/wp\/v2\/pages\/23471\/revisions"}],"predecessor-version":[{"id":54113,"href":"https:\/\/oscarhumbertogomez.com\/index.php?rest_route=\/wp\/v2\/pages\/23471\/revisions\/54113"}],"wp:attachment":[{"href":"https:\/\/oscarhumbertogomez.com\/index.php?rest_route=%2Fwp%2Fv2%2Fmedia&parent=23471"}],"curies":[{"name":"wp","href":"https:\/\/api.w.org\/{rel}","templated":true}]}}