{"id":24186,"date":"2017-11-26T17:34:39","date_gmt":"2017-11-26T22:34:39","guid":{"rendered":"http:\/\/www.oscarhumbertogomez.com\/?page_id=24186"},"modified":"2025-03-24T13:37:47","modified_gmt":"2025-03-24T18:37:47","slug":"campanas","status":"publish","type":"page","link":"https:\/\/oscarhumbertogomez.com\/?page_id=24186","title":{"rendered":"Campa\u00f1as"},"content":{"rendered":"<p><img loading=\"lazy\" decoding=\"async\" class=\"aligncenter size-full wp-image-24187\" src=\"https:\/\/lapiedrafilosofal.com\/wp-content\/uploads\/2017\/11\/CAMPANAS.jpg\" alt=\"\" width=\"1000\" height=\"399\" srcset=\"https:\/\/oscarhumbertogomez.com\/wp-content\/uploads\/2017\/11\/CAMPANAS.jpg 1000w, https:\/\/oscarhumbertogomez.com\/wp-content\/uploads\/2017\/11\/CAMPANAS-300x120.jpg 300w, https:\/\/oscarhumbertogomez.com\/wp-content\/uploads\/2017\/11\/CAMPANAS-768x306.jpg 768w\" sizes=\"auto, (max-width: 1000px) 100vw, 1000px\" \/><\/p>\n<p>&nbsp;<\/p>\n<p>Este blog promover\u00e1 campa\u00f1as que tengan como mira el logro de un mundo mejor, cada vez m\u00e1s digno, m\u00e1s respetable y m\u00e1s libre.<\/p>\n<p>&nbsp;<\/p>\n<h2>Archivo de entradas<\/h2>\n<p>&nbsp;<\/p>\n<ul><li><a href=\"https:\/\/oscarhumbertogomez.com\/?p=26296\">\u00a1\u00a1\u00a1ATENCI\u00d3N!!! \u00a1\u00a1\u00a1URGENTE!!! \u00a1\u00a1\u00a1TRIBUNAL DE APELACIONES DE SUD\u00c1N REVOC\u00d3 LA CONDENA A MUERTE CONTRA NOURA HUSSEIN !!! Por \u00d3scar Humberto G\u00f3mez G\u00f3mez, Miembro del Colegio Nacional de Periodistas<\/a><\/li><li><a href=\"https:\/\/oscarhumbertogomez.com\/?p=25998\">\u00a1\u00a1\u00a1ATENCI\u00d3N!!! \u00a1\u00a1\u00a1URGENTE!!! \u00a1\u00a1\u00a1QUED\u00d3 SUSPENDIDA LA EJECUCI\u00d3N DE NOURA HUSSEIN!!! Por \u00d3scar Humberto G\u00f3mez G\u00f3mez, Miembro del Colegio Nacional de Periodistas<\/a><\/li><li><a href=\"https:\/\/oscarhumbertogomez.com\/?p=25964\">CARTA A LA MINISTRA DE RELACIONES EXTERIORES DE COLOMBIA. Con copia a AMNIST\u00cdA INTERNACIONAL, Londres (Reino Unido). Por \u00d3scar Humberto G\u00f3mez G\u00f3mez<\/a><\/li><li><a href=\"https:\/\/oscarhumbertogomez.com\/?p=25889\">AGENCIAS DE LA ORGANIZACI\u00d3N DE LAS NACIONES UNIDAS (ONU) SE SUMAN AL CLAMOR MUNDIAL PARA QUE SUD\u00c1N NO MATE A NOURA HUSSEIN. Por \u00d3scar Humberto G\u00f3mez G\u00f3mez<\/a><\/li><li><a href=\"https:\/\/oscarhumbertogomez.com\/?p=25873\">CRECE EN EL MUNDO EL MOVIMIENTO CONTRA LA EJECUCI\u00d3N DE NOURA HUSSEIN EN SUD\u00c1N. Por \u00d3scar Humberto G\u00f3mez G\u00f3mez (*)<\/a><\/li><li><a href=\"https:\/\/oscarhumbertogomez.com\/?p=25850\">\u00a1NO A LA PENA DE MUERTE CONTRA NOURA HUSSEIN! Por \u00d3scar Humberto G\u00f3mez G\u00f3mez (*)<\/a><\/li><li><a href=\"https:\/\/oscarhumbertogomez.com\/?p=24193\">\u00a1PORQUE ERES DE SANTANDER, NO LE PEGUES A TU MUJER!<\/a><\/li><li><a href=\"https:\/\/oscarhumbertogomez.com\/?p=1404\">El saludo a la bandera. Por \u00d3scar Humberto G\u00f3mez G\u00f3mez<\/a><\/li><\/ul>\n<p>&nbsp;<\/p>\n","protected":false},"excerpt":{"rendered":"<p>&nbsp; Este blog promover\u00e1 campa\u00f1as que tengan como mira el logro de un mundo mejor, cada vez m\u00e1s digno, m\u00e1s respetable y m\u00e1s libre. &nbsp; Archivo de entradas &nbsp; &nbsp;<\/p>\n<div class='heateorSssClear'><\/div><div  class='heateor_sss_sharing_container heateor_sss_horizontal_sharing' heateor-sss-data-href='https:\/\/oscarhumbertogomez.com\/?page_id=24186'><div class='heateor_sss_sharing_title' style=\"font-weight:bold\" >\u00a1Gracias por compartirla!<\/div><ul class=\"heateor_sss_sharing_ul\"><li class=\"heateorSssSharingRound\"><i style=\"width:35px;height:35px;border-radius:999px;\" alt=\"Facebook\" Title=\"Facebook\" class=\"heateorSssSharing heateorSssFacebookBackground\" onclick='heateorSssPopup(\"https:\/\/www.facebook.com\/sharer\/sharer.php?u=https%3A%2F%2Foscarhumbertogomez.com%2Findex.php%3Frest_route%3D%252Fwp%252Fv2%252Fpages%252F24186\")'><ss style=\"display:block;border-radius:999px;\" class=\"heateorSssSharingSvg heateorSssFacebookSvg\"><\/ss><\/i><\/li><li class=\"heateorSssSharingRound\"><i style=\"width:35px;height:35px;border-radius:999px;\" alt=\"Twitter\" Title=\"Twitter\" class=\"heateorSssSharing heateorSssTwitterBackground\" onclick='heateorSssPopup(\"http:\/\/twitter.com\/intent\/tweet?text=Campa%C3%B1as&url=https%3A%2F%2Foscarhumbertogomez.com%2Findex.php%3Frest_route%3D%252Fwp%252Fv2%252Fpages%252F24186\")'><ss style=\"display:block;border-radius:999px;\" class=\"heateorSssSharingSvg heateorSssTwitterSvg\"><\/ss><\/i><\/li><li class=\"heateorSssSharingRound\"><i style=\"width:35px;height:35px;border-radius:999px;\" alt=\"Whatsapp\" Title=\"Whatsapp\" class=\"heateorSssSharing heateorSssWhatsappBackground\" onclick='heateorSssPopup(\"https:\/\/web.whatsapp.com\/send?text=Campa%C3%B1as https%3A%2F%2Foscarhumbertogomez.com%2Findex.php%3Frest_route%3D%252Fwp%252Fv2%252Fpages%252F24186\")'><ss style=\"display:block\" class=\"heateorSssSharingSvg heateorSssWhatsappSvg\"><\/ss><\/i><\/li><li class=\"heateorSssSharingRound\"><i style=\"width:35px;height:35px;border-radius:999px;\" alt=\"Pinterest\" Title=\"Pinterest\" class=\"heateorSssSharing heateorSssPinterestBackground\" onclick=\"javascript:void( (function() {var e=document.createElement('script' );e.setAttribute('type','text\/javascript' );e.setAttribute('charset','UTF-8' );e.setAttribute('src','\/\/assets.pinterest.com\/js\/pinmarklet.js?r='+Math.random()*99999999);document.body.appendChild(e)})());\"><ss style=\"display:block;border-radius:999px;\" class=\"heateorSssSharingSvg heateorSssPinterestSvg\"><\/ss><\/i><\/li><li class=\"heateorSssSharingRound\"><i style=\"width:35px;height:35px;border-radius:999px;\" alt=\"Google Gmail\" Title=\"Google Gmail\" class=\"heateorSssSharing heateorSssGoogleGmailBackground\" onclick='heateorSssPopup(\"https:\/\/mail.google.com\/mail\/?ui=2&view=cm&fs=1&tf=1&su=Campa%C3%B1as&body=Link:https%3A%2F%2Foscarhumbertogomez.com%2Findex.php%3Frest_route%3D%252Fwp%252Fv2%252Fpages%252F24186\")'><ss style=\"display:block;border-radius:999px;\" class=\"heateorSssSharingSvg heateorSssGoogleGmailSvg\"><\/ss><\/i><\/li><li class=\"heateorSssSharingRound\"><i style=\"width:35px;height:35px;border-radius:999px;\" title=\"More\" alt=\"More\" class=\"heateorSssSharing heateorSssMoreBackground\" onclick=\"heateorSssMoreSharingPopup(this, 'https:\/\/oscarhumbertogomez.com\/index.php?rest_route=%2Fwp%2Fv2%2Fpages%2F24186', 'Campa%C3%B1as', '' )\" ><ss style=\"display:block\" class=\"heateorSssSharingSvg heateorSssMoreSvg\"><\/ss><\/i><\/li><\/ul><div class=\"heateorSssClear\"><\/div><\/div><div class='heateorSssClear'><\/div>","protected":false},"author":2,"featured_media":0,"parent":0,"menu_order":0,"comment_status":"closed","ping_status":"closed","template":"","meta":{"spay_email":"","footnotes":""},"class_list":["post-24186","page","type-page","status-publish","hentry"],"jetpack_shortlink":"https:\/\/wp.me\/P1FYrr-6i6","_links":{"self":[{"href":"https:\/\/oscarhumbertogomez.com\/index.php?rest_route=\/wp\/v2\/pages\/24186","targetHints":{"allow":["GET"]}}],"collection":[{"href":"https:\/\/oscarhumbertogomez.com\/index.php?rest_route=\/wp\/v2\/pages"}],"about":[{"href":"https:\/\/oscarhumbertogomez.com\/index.php?rest_route=\/wp\/v2\/types\/page"}],"author":[{"embeddable":true,"href":"https:\/\/oscarhumbertogomez.com\/index.php?rest_route=\/wp\/v2\/users\/2"}],"replies":[{"embeddable":true,"href":"https:\/\/oscarhumbertogomez.com\/index.php?rest_route=%2Fwp%2Fv2%2Fcomments&post=24186"}],"version-history":[{"count":6,"href":"https:\/\/oscarhumbertogomez.com\/index.php?rest_route=\/wp\/v2\/pages\/24186\/revisions"}],"predecessor-version":[{"id":52777,"href":"https:\/\/oscarhumbertogomez.com\/index.php?rest_route=\/wp\/v2\/pages\/24186\/revisions\/52777"}],"wp:attachment":[{"href":"https:\/\/oscarhumbertogomez.com\/index.php?rest_route=%2Fwp%2Fv2%2Fmedia&parent=24186"}],"curies":[{"name":"wp","href":"https:\/\/api.w.org\/{rel}","templated":true}]}}