{"id":24805,"date":"2018-01-21T16:12:07","date_gmt":"2018-01-21T21:12:07","guid":{"rendered":"http:\/\/www.oscarhumbertogomez.com\/?page_id=24805"},"modified":"2025-03-24T13:31:48","modified_gmt":"2025-03-24T18:31:48","slug":"filosofia","status":"publish","type":"page","link":"https:\/\/oscarhumbertogomez.com\/?page_id=24805","title":{"rendered":"Filosof\u00eda"},"content":{"rendered":"<p><a href=\"https:\/\/lapiedrafilosofal.com\/wp-content\/uploads\/2018\/01\/socrates.jpg\"><img loading=\"lazy\" decoding=\"async\" src=\"https:\/\/lapiedrafilosofal.com\/wp-content\/uploads\/2018\/01\/socrates.jpg\" alt=\"\" width=\"1024\" height=\"1336\" class=\"alignnone size-full wp-image-24842\" srcset=\"https:\/\/oscarhumbertogomez.com\/wp-content\/uploads\/2018\/01\/socrates.jpg 1024w, https:\/\/oscarhumbertogomez.com\/wp-content\/uploads\/2018\/01\/socrates-230x300.jpg 230w, https:\/\/oscarhumbertogomez.com\/wp-content\/uploads\/2018\/01\/socrates-768x1002.jpg 768w, https:\/\/oscarhumbertogomez.com\/wp-content\/uploads\/2018\/01\/socrates-785x1024.jpg 785w\" sizes=\"auto, (max-width: 1024px) 100vw, 1024px\" \/><\/a><br \/>\n<em>[S\u00f3crates, gran fil\u00f3sofo griego de la Antig\u00fcedad. M\u00e1rtir de la Filosof\u00eda. Estatua de Leonidas Drosis. 1880. Ubicaci\u00f3n: Academia de Atenas].<\/em><\/p>\n<p>&nbsp;<\/p>\n<p><a href=\"https:\/\/lapiedrafilosofal.com\/wp-content\/uploads\/2018\/01\/hipatia.png\"><img loading=\"lazy\" decoding=\"async\" class=\"alignnone size-large wp-image-24787\" src=\"https:\/\/lapiedrafilosofal.com\/wp-content\/uploads\/2018\/01\/hipatia-699x1024.png\" alt=\"\" width=\"640\" height=\"938\" srcset=\"https:\/\/oscarhumbertogomez.com\/wp-content\/uploads\/2018\/01\/hipatia-699x1024.png 699w, https:\/\/oscarhumbertogomez.com\/wp-content\/uploads\/2018\/01\/hipatia-205x300.png 205w, https:\/\/oscarhumbertogomez.com\/wp-content\/uploads\/2018\/01\/hipatia-768x1125.png 768w, https:\/\/oscarhumbertogomez.com\/wp-content\/uploads\/2018\/01\/hipatia.png 1176w\" sizes=\"auto, (max-width: 640px) 100vw, 640px\" \/><\/a><\/p>\n<p><em>[Hipatia de Alejandr\u00eda, fil\u00f3sofa, matem\u00e1tica y astr\u00f3noma egipcia. M\u00e1rtir de la Filosof\u00eda. Dibujo de Jules Maurice Gaspard. 1908]. <\/em><\/p>\n<p>&nbsp;<\/p>\n<p><a href=\"https:\/\/lapiedrafilosofal.com\/wp-content\/uploads\/2018\/01\/800px-Giordano_Bruno_Campo_dei_Fiori.jpg\"><img loading=\"lazy\" decoding=\"async\" class=\"alignnone size-large wp-image-24812\" src=\"https:\/\/lapiedrafilosofal.com\/wp-content\/uploads\/2018\/01\/800px-Giordano_Bruno_Campo_dei_Fiori-562x1024.jpg\" alt=\"\" width=\"562\" height=\"1024\" srcset=\"https:\/\/oscarhumbertogomez.com\/wp-content\/uploads\/2018\/01\/800px-Giordano_Bruno_Campo_dei_Fiori-562x1024.jpg 562w, https:\/\/oscarhumbertogomez.com\/wp-content\/uploads\/2018\/01\/800px-Giordano_Bruno_Campo_dei_Fiori-165x300.jpg 165w, https:\/\/oscarhumbertogomez.com\/wp-content\/uploads\/2018\/01\/800px-Giordano_Bruno_Campo_dei_Fiori-768x1399.jpg 768w, https:\/\/oscarhumbertogomez.com\/wp-content\/uploads\/2018\/01\/800px-Giordano_Bruno_Campo_dei_Fiori.jpg 800w\" sizes=\"auto, (max-width: 562px) 100vw, 562px\" \/><\/a><\/p>\n<p><em>[Giordano Bruno, fil\u00f3sofo, escritor y poeta italiano. M\u00e1rtir de la Filosof\u00eda. Estatua en bronce de Ettore Ferrari. Ubicaci\u00f3n: Campo di Fiori. Roma. 1899]. <\/em><\/p>\n<p>&nbsp;<\/p>\n<h2>Archivo de entradas<\/h2>\n<p>&nbsp;<\/p>\n<ul><li><a href=\"https:\/\/oscarhumbertogomez.com\/?p=33408\">Cartas a Tom\u00e1s. (VIII). Por: Leonardo Rodr\u00edguez V.<\/a><\/li><li><a href=\"https:\/\/oscarhumbertogomez.com\/?p=32977\">\u00bfMIEDO A MORIR O FALTA DE FE? Por Leonardo Rodr\u00edguez V.<\/a><\/li><li><a href=\"https:\/\/oscarhumbertogomez.com\/?p=32250\">HOY SE CONMEMORA LA MUERTE EN LA HOGUERA DEL GRAN FIL\u00d3SOFO DEL RENACIMIENTO GIORDANO BRUNO. Por \u00d3scar Humberto G\u00f3mez G\u00f3mez, Miembro de N\u00famero de la Academia de Historia de Santander<\/a><\/li><li><a href=\"https:\/\/oscarhumbertogomez.com\/?p=29290\">CARTAS A TOM\u00c1S. Por: Leonardo Rodr\u00edguez V.<\/a><\/li><li><a href=\"https:\/\/oscarhumbertogomez.com\/?p=28916\">CARTAS A TOM\u00c1S. Por: Leonardo Rodr\u00edguez V.<\/a><\/li><li><a href=\"https:\/\/oscarhumbertogomez.com\/?p=28103\">CARTAS A TOM\u00c1S. Por: Leonardo Rodr\u00edguez V.<\/a><\/li><li><a href=\"https:\/\/oscarhumbertogomez.com\/?p=28013\">CARTAS A TOM\u00c1S. Por: Leonardo Rodr\u00edguez V.<\/a><\/li><li><a href=\"https:\/\/oscarhumbertogomez.com\/?p=27910\">CARTAS A TOM\u00c1S. Por: Leonardo Rodr\u00edguez V.<\/a><\/li><li><a href=\"https:\/\/oscarhumbertogomez.com\/?p=27864\">CARTAS A TOM\u00c1S. Por: Leonardo Rodr\u00edguez V.<\/a><\/li><li><a href=\"https:\/\/oscarhumbertogomez.com\/?p=27814\">CARTAS A TOM\u00c1S. Por: Leonardo Rodr\u00edguez V.<\/a><\/li><li><a href=\"https:\/\/oscarhumbertogomez.com\/?p=27768\">CARTAS A TOM\u00c1S. Por: Leonardo Rodr\u00edguez V.<\/a><\/li><li><a href=\"https:\/\/oscarhumbertogomez.com\/?p=27773\">EL JOVEN PSIC\u00d3LOGO, FIL\u00d3SOFO, TE\u00d3LOGO Y ESCRITOR SANTANDEREANO LEONARDO RODR\u00cdGUEZ V. SE VINCULA A NUESTRO PORTAL. Por \u00d3scar Humberto G\u00f3mez G\u00f3mez<\/a><\/li><li><a href=\"https:\/\/oscarhumbertogomez.com\/?p=46567\">LAS MUJERES EN LA FILOSOF\u00cdA. EP\u00cdLOGO. Por \u00d3scar Humberto G\u00f3mez G\u00f3mez, Miembro Correspondiente de la Academia de Historia de Santander y Miembro del Colegio Nacional de Periodistas<\/a><\/li><li><a href=\"https:\/\/oscarhumbertogomez.com\/?p=25580\">LAS MUJERES EN LA FILOSOF\u00cdA. Cap\u00edtulo XV: MARY WOLLSTONECRAFT (Pron\u00fanciese: \"Mery U\u00f3lstoncraft\"). Por \u00d3scar Humberto G\u00f3mez G\u00f3mez, Miembro Correspondiente de la Academia de Historia de Santander y Miembro del Colegio Nacional de Periodistas<\/a><\/li><li><a href=\"https:\/\/oscarhumbertogomez.com\/?p=25397\">LAS MUJERES EN LA FILOSOF\u00cdA. Cap\u00edtulo XIV: SANTA TERESA DE JES\u00daS. Por \u00d3scar Humberto G\u00f3mez G\u00f3mez, Miembro Correspondiente de la Academia de Historia de Santander y Miembro del Colegio Nacional de Periodistas Seccional Santander<\/a><\/li><li><a href=\"https:\/\/oscarhumbertogomez.com\/?p=25405\">LAS MUJERES EN LA FILOSOF\u00cdA. Cap\u00edtulo XIII: ROSA LUXEMBURGO. Por \u00d3scar Humberto G\u00f3mez G\u00f3mez, Miembro Correspondiente de la Academia de Historia de Santander y Miembro del Colegio Nacional de Periodistas Seccional Santander<\/a><\/li><li><a href=\"https:\/\/oscarhumbertogomez.com\/?p=25370\">LAS MUJERES EN LA FILOSOF\u00cdA. Cap\u00edtulo XII: SANTA CATALINA DE SIENA. Por \u00d3scar Humberto G\u00f3mez G\u00f3mez, Miembro Correspondiente de la Academia de Historia de Santander y Miembro del Colegio Nacional de Periodistas Seccional Santander<\/a><\/li><li><a href=\"https:\/\/oscarhumbertogomez.com\/?p=25342\">LAS MUJERES EN LA FILOSOF\u00cdA. Cap\u00edtulo XI: MAR\u00cdA MONTESSORI. Por \u00d3scar Humberto G\u00f3mez G\u00f3mez, Miembro Correspondiente de la Academia de Historia de Santander y Miembro del Colegio Nacional de Periodistas Seccional Santander<\/a><\/li><li><a href=\"https:\/\/oscarhumbertogomez.com\/?p=25159\">LAS MUJERES EN LA FILOSOF\u00cdA. Cap\u00edtulo X: SIMONE DE BEAUVOIR [Pron\u00fanciese: \"Sim\u00f3n de Bovu\u00e1\"). Por \u00d3scar Humberto G\u00f3mez G\u00f3mez, Miembro Correspondiente de la Academia de Historia de Santander y Miembro del Colegio Nacional de Periodistas<\/a><\/li><li><a href=\"https:\/\/oscarhumbertogomez.com\/?p=25130\">LAS MUJERES EN LA FILOSOF\u00cdA. Cap\u00edtulo IX: MAR\u00cdA ZAMBRANO. Por \u00d3scar Humberto G\u00f3mez G\u00f3mez, Miembro Correspondiente de la Academia de Historia de Santander y Miembro del Colegio Nacional de Periodistas<\/a><\/li><li><a href=\"https:\/\/oscarhumbertogomez.com\/?p=25060\">LAS MUJERES EN LA FILOSOF\u00cdA. Cap\u00edtulo VIII: CHRISTINE DE PIZ\u00c1N. Por \u00d3scar Humberto G\u00f3mez G\u00f3mez, Miembro Correspondiente de la Academia de Historia de Santander y Miembro del Colegio Nacional de Periodistas<\/a><\/li><li><a href=\"https:\/\/oscarhumbertogomez.com\/?p=25027\">LAS MUJERES EN LA FILOSOF\u00cdA. Cap\u00edtulo VII: SOR JUANA IN\u00c9S DE LA CRUZ. Por \u00d3scar Humberto G\u00f3mez G\u00f3mez, Miembro Correspondiente de la Academia de Historia de Santander y Miembro del Colegio Nacional de Periodistas<\/a><\/li><li><a href=\"https:\/\/oscarhumbertogomez.com\/?p=25008\">LAS MUJERES EN LA FILOSOF\u00cdA. Cap\u00edtulo VI: HIPARQUIA DE MARONEA. Por \u00d3scar Humberto G\u00f3mez G\u00f3mez, Miembro Correspondiente de la Academia de Historia de Santander y Miembro del Colegio Nacional de Periodistas<\/a><\/li><li><a href=\"https:\/\/oscarhumbertogomez.com\/?p=24965\">LAS MUJERES EN LA FILOSOF\u00cdA. Cap\u00edtulo V: THEMISTA DE L\u00c1MPSACO. Por \u00d3scar Humberto G\u00f3mez G\u00f3mez, Miembro Correspondiente de la Academia de Historia de Santander y Miembro del Colegio Nacional de Periodistas<\/a><\/li><li><a href=\"https:\/\/oscarhumbertogomez.com\/?p=24942\">LAS MUJERES EN LA FILOSOF\u00cdA. Cap\u00edtulo IV: ARETA DE CIRENE. Por \u00d3scar Humberto G\u00f3mez G\u00f3mez, Miembro Correspondiente de la Academia de Historia de Santander y Miembro del Colegio Nacional de Periodistas<\/a><\/li><li><a href=\"https:\/\/oscarhumbertogomez.com\/?p=24919\">LAS MUJERES EN LA FILOSOF\u00cdA. Cap\u00edtulo III: T\u00c9ANO DE CROTONA. Por \u00d3scar Humberto G\u00f3mez G\u00f3mez, Miembro Correspondiente de la Academia de Historia de Santander y Miembro del Colegio Nacional de Periodistas<\/a><\/li><li><a href=\"https:\/\/oscarhumbertogomez.com\/?p=24889\">LAS MUJERES EN LA FILOSOF\u00cdA. Cap\u00edtulo II: ASPASIA DE MILETO. Por \u00d3scar Humberto G\u00f3mez G\u00f3mez, Miembro Correspondiente de la Academia de Historia de Santander y Miembro del Colegio Nacional de Periodistas<\/a><\/li><li><a href=\"https:\/\/oscarhumbertogomez.com\/?p=24800\">LAS MUJERES EN LA FILOSOF\u00cdA. Cap\u00edtulo I: HIPATIA DE ALEJANDR\u00cdA. Por \u00d3scar Humberto G\u00f3mez G\u00f3mez, Miembro Correspondiente de la Academia de Historia de Santander y Miembro del Colegio Nacional de Periodistas<\/a><\/li><li><a href=\"https:\/\/oscarhumbertogomez.com\/?p=25337\">LAS MUJERES EN LA FILOSOF\u00cdA. EXORDIO. Por \u00d3scar Humberto G\u00f3mez G\u00f3mez, Miembro Correspondiente de la Academia de Historia de Santander y Miembro del Colegio Nacional de Periodistas<\/a><\/li><\/ul>\n<p>&nbsp;<\/p>\n","protected":false},"excerpt":{"rendered":"<p>[S\u00f3crates, gran fil\u00f3sofo griego de la Antig\u00fcedad. M\u00e1rtir de la Filosof\u00eda. Estatua de Leonidas Drosis. 1880. Ubicaci\u00f3n: Academia de Atenas]. &nbsp; [Hipatia de Alejandr\u00eda, fil\u00f3sofa, matem\u00e1tica y astr\u00f3noma egipcia. M\u00e1rtir de la Filosof\u00eda. Dibujo de Jules Maurice Gaspard. 1908]. &nbsp; &hellip; <a href=\"https:\/\/oscarhumbertogomez.com\/?page_id=24805\">Sigue leyendo <span class=\"meta-nav\">&rarr;<\/span><\/a><\/p>\n<div class='heateorSssClear'><\/div><div  class='heateor_sss_sharing_container heateor_sss_horizontal_sharing' heateor-sss-data-href='https:\/\/oscarhumbertogomez.com\/?page_id=24805'><div class='heateor_sss_sharing_title' style=\"font-weight:bold\" >\u00a1Gracias por compartirla!<\/div><ul class=\"heateor_sss_sharing_ul\"><li class=\"heateorSssSharingRound\"><i style=\"width:35px;height:35px;border-radius:999px;\" alt=\"Facebook\" Title=\"Facebook\" class=\"heateorSssSharing heateorSssFacebookBackground\" onclick='heateorSssPopup(\"https:\/\/www.facebook.com\/sharer\/sharer.php?u=https%3A%2F%2Foscarhumbertogomez.com%2Findex.php%3Frest_route%3D%252Fwp%252Fv2%252Fpages%252F24805\")'><ss style=\"display:block;border-radius:999px;\" class=\"heateorSssSharingSvg heateorSssFacebookSvg\"><\/ss><\/i><\/li><li class=\"heateorSssSharingRound\"><i style=\"width:35px;height:35px;border-radius:999px;\" alt=\"Twitter\" Title=\"Twitter\" class=\"heateorSssSharing heateorSssTwitterBackground\" onclick='heateorSssPopup(\"http:\/\/twitter.com\/intent\/tweet?text=Filosof%C3%ADa&url=https%3A%2F%2Foscarhumbertogomez.com%2Findex.php%3Frest_route%3D%252Fwp%252Fv2%252Fpages%252F24805\")'><ss style=\"display:block;border-radius:999px;\" class=\"heateorSssSharingSvg heateorSssTwitterSvg\"><\/ss><\/i><\/li><li class=\"heateorSssSharingRound\"><i style=\"width:35px;height:35px;border-radius:999px;\" alt=\"Whatsapp\" Title=\"Whatsapp\" class=\"heateorSssSharing heateorSssWhatsappBackground\" onclick='heateorSssPopup(\"https:\/\/web.whatsapp.com\/send?text=Filosof%C3%ADa https%3A%2F%2Foscarhumbertogomez.com%2Findex.php%3Frest_route%3D%252Fwp%252Fv2%252Fpages%252F24805\")'><ss style=\"display:block\" class=\"heateorSssSharingSvg heateorSssWhatsappSvg\"><\/ss><\/i><\/li><li class=\"heateorSssSharingRound\"><i style=\"width:35px;height:35px;border-radius:999px;\" alt=\"Pinterest\" Title=\"Pinterest\" class=\"heateorSssSharing heateorSssPinterestBackground\" onclick=\"javascript:void( (function() {var e=document.createElement('script' );e.setAttribute('type','text\/javascript' );e.setAttribute('charset','UTF-8' );e.setAttribute('src','\/\/assets.pinterest.com\/js\/pinmarklet.js?r='+Math.random()*99999999);document.body.appendChild(e)})());\"><ss style=\"display:block;border-radius:999px;\" class=\"heateorSssSharingSvg heateorSssPinterestSvg\"><\/ss><\/i><\/li><li class=\"heateorSssSharingRound\"><i style=\"width:35px;height:35px;border-radius:999px;\" alt=\"Google Gmail\" Title=\"Google Gmail\" class=\"heateorSssSharing heateorSssGoogleGmailBackground\" onclick='heateorSssPopup(\"https:\/\/mail.google.com\/mail\/?ui=2&view=cm&fs=1&tf=1&su=Filosof%C3%ADa&body=Link:https%3A%2F%2Foscarhumbertogomez.com%2Findex.php%3Frest_route%3D%252Fwp%252Fv2%252Fpages%252F24805\")'><ss style=\"display:block;border-radius:999px;\" class=\"heateorSssSharingSvg heateorSssGoogleGmailSvg\"><\/ss><\/i><\/li><li class=\"heateorSssSharingRound\"><i style=\"width:35px;height:35px;border-radius:999px;\" title=\"More\" alt=\"More\" class=\"heateorSssSharing heateorSssMoreBackground\" onclick=\"heateorSssMoreSharingPopup(this, 'https:\/\/oscarhumbertogomez.com\/index.php?rest_route=%2Fwp%2Fv2%2Fpages%2F24805', 'Filosof%C3%ADa', '' )\" ><ss style=\"display:block\" class=\"heateorSssSharingSvg heateorSssMoreSvg\"><\/ss><\/i><\/li><\/ul><div class=\"heateorSssClear\"><\/div><\/div><div class='heateorSssClear'><\/div>","protected":false},"author":2,"featured_media":0,"parent":0,"menu_order":0,"comment_status":"closed","ping_status":"closed","template":"","meta":{"spay_email":"","footnotes":""},"class_list":["post-24805","page","type-page","status-publish","hentry"],"jetpack_shortlink":"https:\/\/wp.me\/P1FYrr-6s5","_links":{"self":[{"href":"https:\/\/oscarhumbertogomez.com\/index.php?rest_route=\/wp\/v2\/pages\/24805","targetHints":{"allow":["GET"]}}],"collection":[{"href":"https:\/\/oscarhumbertogomez.com\/index.php?rest_route=\/wp\/v2\/pages"}],"about":[{"href":"https:\/\/oscarhumbertogomez.com\/index.php?rest_route=\/wp\/v2\/types\/page"}],"author":[{"embeddable":true,"href":"https:\/\/oscarhumbertogomez.com\/index.php?rest_route=\/wp\/v2\/users\/2"}],"replies":[{"embeddable":true,"href":"https:\/\/oscarhumbertogomez.com\/index.php?rest_route=%2Fwp%2Fv2%2Fcomments&post=24805"}],"version-history":[{"count":5,"href":"https:\/\/oscarhumbertogomez.com\/index.php?rest_route=\/wp\/v2\/pages\/24805\/revisions"}],"predecessor-version":[{"id":52774,"href":"https:\/\/oscarhumbertogomez.com\/index.php?rest_route=\/wp\/v2\/pages\/24805\/revisions\/52774"}],"wp:attachment":[{"href":"https:\/\/oscarhumbertogomez.com\/index.php?rest_route=%2Fwp%2Fv2%2Fmedia&parent=24805"}],"curies":[{"name":"wp","href":"https:\/\/api.w.org\/{rel}","templated":true}]}}