{"id":25254,"date":"2018-03-11T22:41:30","date_gmt":"2018-03-12T03:41:30","guid":{"rendered":"http:\/\/www.oscarhumbertogomez.com\/?page_id=25254"},"modified":"2025-03-24T13:39:41","modified_gmt":"2025-03-24T18:39:41","slug":"tribuna-de-opinion","status":"publish","type":"page","link":"https:\/\/oscarhumbertogomez.com\/?page_id=25254","title":{"rendered":"Controversia"},"content":{"rendered":"<p><a href=\"https:\/\/lapiedrafilosofal.com\/wp-content\/uploads\/2015\/02\/CARICATURA-VAGO-C-S-DE-LA-J-2.jpg\"><img loading=\"lazy\" decoding=\"async\" class=\"alignnone size-large wp-image-15217\" src=\"https:\/\/lapiedrafilosofal.com\/wp-content\/uploads\/2015\/02\/CARICATURA-VAGO-C-S-DE-LA-J-2-385x1024.jpg\" alt=\"\" width=\"385\" height=\"1024\" srcset=\"https:\/\/oscarhumbertogomez.com\/wp-content\/uploads\/2015\/02\/CARICATURA-VAGO-C-S-DE-LA-J-2-385x1024.jpg 385w, https:\/\/oscarhumbertogomez.com\/wp-content\/uploads\/2015\/02\/CARICATURA-VAGO-C-S-DE-LA-J-2.jpg 555w\" sizes=\"auto, (max-width: 385px) 100vw, 385px\" \/><\/a><\/p>\n<p>&nbsp;<\/p>\n<p>La libertad de expresi\u00f3n es el eje fundamental de todos los derechos y de todas las libertades.<br \/>\nConsustancial a ella est\u00e1 el derecho de opinar.<br \/>\nUn hombre al que se le impide expresarse y opinar se convierte en un sub-hombre.<br \/>\nLa Declaraci\u00f3n Universal de los Derechos Humanos, suscrita por Colombia en el seno de la Organizaci\u00f3n de las Naciones Unidas (ONU), y la Convenci\u00f3n Americana de Derechos Humanos, suscrita por Colombia en el seno de la Organizaci\u00f3n de Estados Americanos (OEA), consagran la libertad de expresi\u00f3n y, dentro de ella, el derecho de opinar como uno de los derechos humanos fundamentales.<\/p>\n<p>No obstante, el lector tambi\u00e9n tiene derechos y el principal de ellos es el derecho a la verdad.<\/p>\n<p>Este espacio est\u00e1 destinado, pues, a publicar nuestras opiniones acerca de los m\u00e1s diversos temas, siempre en ejercicio de la libertad de expresi\u00f3n, pero observando, desde luego, respeto por la verdad y, de paso, por el lector.<\/p>\n<p>&nbsp;<\/p>\n<h2>Archivo de entradas<\/h2>\n<p>&nbsp;<\/p>\n<ul><li><a href=\"https:\/\/oscarhumbertogomez.com\/?p=43111\">Las trampas peligrosas del turismo. Por \u00d3scar Humberto G\u00f3mez G\u00f3mez<\/a><\/li><li><a href=\"https:\/\/oscarhumbertogomez.com\/?p=40151\">Racismo, una lacra m\u00e1s a desterrar. Por \u00d3scar Humberto G\u00f3mez G\u00f3mez<\/a><\/li><li><a href=\"https:\/\/oscarhumbertogomez.com\/?p=38784\">El otro vandalismo. Por: El Diablillo de Parnaso<\/a><\/li><li><a href=\"https:\/\/oscarhumbertogomez.com\/?p=36861\">El impuesto de industria y comercio a las profesiones liberales (5a parte). Por \u00d3scar Humberto G\u00f3mez G\u00f3mez<\/a><\/li><li><a href=\"https:\/\/oscarhumbertogomez.com\/?p=36804\">El impuesto de industria y comercio a las profesiones liberales (4a parte). Por \u00d3scar Humberto G\u00f3mez G\u00f3mez<\/a><\/li><li><a href=\"https:\/\/oscarhumbertogomez.com\/?p=36785\">El impuesto de industria y comercio a las profesiones liberales (3a parte). Por \u00d3scar Humberto G\u00f3mez G\u00f3mez<\/a><\/li><li><a href=\"https:\/\/oscarhumbertogomez.com\/?p=36755\">El impuesto de industria y comercio a las profesiones liberales (2a parte). Por \u00d3scar Humberto G\u00f3mez G\u00f3mez<\/a><\/li><li><a href=\"https:\/\/oscarhumbertogomez.com\/?p=36735\">El impuesto de industria y comercio a las profesiones liberales. (1a. parte). Por \u00d3scar Humberto G\u00f3mez G\u00f3mez<\/a><\/li><li><a href=\"https:\/\/oscarhumbertogomez.com\/?p=35807\">\u00bfRECUPERAR\u00c1N SU DIGNIDAD LAS PROFESIONES LIBERALES? Por \u00d3scar Humberto G\u00f3mez G\u00f3mez<\/a><\/li><li><a href=\"https:\/\/oscarhumbertogomez.com\/?p=35552\">\u00bfRama \"pol\u00edtico-judicial\" del Poder P\u00fablico? Por \u00d3scar Humberto G\u00f3mez G\u00f3mez<\/a><\/li><li><a href=\"https:\/\/oscarhumbertogomez.com\/?p=35473\">La paila gocha \/\/ MALOS JUECES Y MALOS MAGISTRADOS VITALICIOS: ARBITRARIEDADES Y ERRORES TAMBI\u00c9N VITALICIOS. Por: El Diablillo del Parnaso<\/a><\/li><li><a href=\"https:\/\/oscarhumbertogomez.com\/?p=34248\">La agon\u00eda del Derecho Administrativo en Colombia. Por \u00d3scar Humberto G\u00f3mez G\u00f3mez<\/a><\/li><li><a href=\"https:\/\/oscarhumbertogomez.com\/?p=31567\">LA COMPETENCIA M\u00c1S EST\u00daPIDA DEL MUNDO. Por \u00d3scar Humberto G\u00f3mez G\u00f3mez<\/a><\/li><li><a href=\"https:\/\/oscarhumbertogomez.com\/?p=31522\">MAGISTRADOS VITALICIOS: \u00bfYERROS y TROPEL\u00cdAS TAMBI\u00c9N VITALICIOS? Por \u00d3scar Humberto G\u00f3mez G\u00f3mez.<\/a><\/li><li><a href=\"https:\/\/oscarhumbertogomez.com\/?p=31443\">EN EL REINO DE LA VULGARIDAD, LA  ESTUPIDEZ Y LA INJUSTICIA. Por \u00d3scar Humberto G\u00f3mez G\u00f3mez<\/a><\/li><li><a href=\"https:\/\/oscarhumbertogomez.com\/?p=31230\">LA MUERTE DE DILAN CRUZ: PREP\u00c1RENSE PARA EL ESPECT\u00c1CULO. Por \u00d3scar Humberto G\u00f3mez G\u00f3mez *<\/a><\/li><li><a href=\"https:\/\/oscarhumbertogomez.com\/?p=31192\">SALVADOR EL ENTROMETIDO. Por \u00d3scar Humberto G\u00f3mez G\u00f3mez<\/a><\/li><li><a href=\"https:\/\/oscarhumbertogomez.com\/?p=30620\">LA APOLOG\u00cdA DE LA VIOLENCIA EN EL CINE. Por \u00d3scar Humberto G\u00f3mez G\u00f3mez<\/a><\/li><li><a href=\"https:\/\/oscarhumbertogomez.com\/?p=30092\">EL APOYO POPULAR A LOS CORRUPTOS Y LAS TRAMPAS NO RESUELTAS DEL SUFRAGIO UNIVERSAL. Por \u00d3scar Humberto G\u00f3mez G\u00f3mez<\/a><\/li><li><a href=\"https:\/\/oscarhumbertogomez.com\/?p=26975\">ESPLENDOR, OCASO Y RENACIMIENTO DE LAS PROFESIONES LIBERALES EN COLOMBIA. Por \u00d3scar Humberto G\u00f3mez G\u00f3mez<\/a><\/li><li><a href=\"https:\/\/oscarhumbertogomez.com\/?p=26276\">C\u00c1RCELES PR\u00d3SPERAS. Por: El Diablillo del Parnaso<\/a><\/li><li><a href=\"https:\/\/oscarhumbertogomez.com\/?p=26191\">EL IMPUESTO DE INDUSTRIA Y COMERCIO A LAS PROFESIONES LIBERALES. Por \u00d3scar Humberto G\u00f3mez G\u00f3mez<\/a><\/li><li><a href=\"https:\/\/oscarhumbertogomez.com\/?p=23567\">EL SANEDR\u00cdN DE CAIF\u00c1S. Por \u00d3scar Humberto G\u00f3mez G\u00f3mez, Miembro del Colegio Nacional de Periodistas<\/a><\/li><li><a href=\"https:\/\/oscarhumbertogomez.com\/?p=23612\">INVESTIGACI\u00d3N A TODO EL PODER JUDICIAL COLOMBIANO: UN CLAMOR NACIONAL QUE CRECE. Por \u00d3scar Humberto G\u00f3mez G\u00f3mez, Miembro del Colegio Nacional de Periodistas<\/a><\/li><li><a href=\"https:\/\/oscarhumbertogomez.com\/?p=19585\">BAJO EL PODER DE LAS ROSCAS. Por \u00d3scar Humberto G\u00f3mez G\u00f3mez, Miembro del Colegio Nacional de Periodistas (CNP) (*)<\/a><\/li><li><a href=\"https:\/\/oscarhumbertogomez.com\/?p=20694\">EL JUEZ INJUSTO. Por \u00d3scar Humberto G\u00f3mez G\u00f3mez, Miembro del Colegio Nacional de Periodistas<\/a><\/li><li><a href=\"https:\/\/oscarhumbertogomez.com\/?p=23169\">ABOGAC\u00cdA PUSIL\u00c1NIME. Por \u00d3scar Humberto G\u00f3mez G\u00f3mez, Miembro del Colegio Nacional de Periodistas<\/a><\/li><li><a href=\"https:\/\/oscarhumbertogomez.com\/?p=36881\">Profesiones liberales. \u00bfDerog\u00f3 la ley 1819 de 2016 el art\u00edculo 23 del C\u00f3digo de Comercio? Por \u00d3scar Humberto G\u00f3mez G\u00f3mez<\/a><\/li><li><a href=\"https:\/\/oscarhumbertogomez.com\/?p=19605\">Reforma a la Justicia. \u00bfQui\u00e9n levantar\u00e1 los \u00e1nimos ca\u00eddos? Por \u00d3scar Humberto G\u00f3mez G\u00f3mez, Miembro del Colegio Nacional de Periodistas<\/a><\/li><li><a href=\"https:\/\/oscarhumbertogomez.com\/?p=19051\">El Derecho Constitucional en Colombia: \u00bfMucho ruido y pocas nueces? Por \u00d3scar Humberto G\u00f3mez G\u00f3mez (*)<\/a><\/li><li><a href=\"https:\/\/oscarhumbertogomez.com\/?p=16350\">Tribunal Nacional de \u00c9tica del Abogado y del Cliente. Por \u00d3scar Humberto G\u00f3mez G\u00f3mez<\/a><\/li><li><a href=\"https:\/\/oscarhumbertogomez.com\/?p=16419\">El Consejo de Estado nos ha dado la raz\u00f3n: el abogado NO est\u00e1 obligado a apelar la sentencia desfavorable. Por \u00d3scar Humberto G\u00f3mez G\u00f3mez<\/a><\/li><li><a href=\"https:\/\/oscarhumbertogomez.com\/?p=15413\">Nuevo esc\u00e1ndalo vuelve a estremecer al Consejo Superior de la Judicatura. Por \u00d3scar Humberto G\u00f3mez G\u00f3mez, Miembro del Colegio Nacional de Periodistas<\/a><\/li><li><a href=\"https:\/\/oscarhumbertogomez.com\/?p=10526\">En defensa de las profesiones liberales. Los profesionales liberales NO somos comerciantes [PARTE II]. Por \u00d3scar Humberto G\u00f3mez G\u00f3mez<\/a><\/li><li><a href=\"https:\/\/oscarhumbertogomez.com\/?p=15112\">Nuevo esc\u00e1ndalo estremece a la Sala Disciplinaria del Consejo Superior de la Judicatura. Por \u00d3scar Humberto G\u00f3mez G\u00f3mez, Miembro del Colegio Nacional de Periodistas<\/a><\/li><li><a href=\"https:\/\/oscarhumbertogomez.com\/?p=14638\">Fiscal\u00eda: Ni raja, ni presta el hacha. Por \u00d3scar Humberto G\u00f3mez G\u00f3mez (*)<\/a><\/li><li><a href=\"https:\/\/oscarhumbertogomez.com\/?p=14615\">Un concurso bajo sospecha. Por \u00d3scar Humberto G\u00f3mez G\u00f3mez (*)<\/a><\/li><li><a href=\"https:\/\/oscarhumbertogomez.com\/?p=14304\">LA JUGADA MAESTRA. Por \u00d3scar Humberto G\u00f3mez G\u00f3mez (*)<\/a><\/li><li><a href=\"https:\/\/oscarhumbertogomez.com\/?p=14134\">Abogac\u00eda: \u00bfotra vez bajo la f\u00e9rula disciplinaria del Estado? Por \u00d3scar Humberto G\u00f3mez G\u00f3mez. Miembro del Colegio Nacional de Periodistas<\/a><\/li><li><a href=\"https:\/\/oscarhumbertogomez.com\/?p=13691\">\u00bfS.O.S. INOCENCIA? Por \u00d3scar Humberto G\u00f3mez G\u00f3mez<\/a><\/li><li><a href=\"https:\/\/oscarhumbertogomez.com\/?p=13579\">DEBATE: Sanci\u00f3n disciplinaria al abogado por no apelar una decisi\u00f3n judicial. Por \u00d3scar Humberto G\u00f3mez G\u00f3mez, Miembro del Colegio Nacional de Periodistas<\/a><\/li><li><a href=\"https:\/\/oscarhumbertogomez.com\/?p=13483\">Nueva bofetada contra la abogac\u00eda colombiana: El Gobierno desiste de eliminar la Sala Jurisdiccional-Disciplinaria del Consejo Superior de la Judicatura. Por \u00d3scar Humberto G\u00f3mez G\u00f3mez, credencial nro. 2014026 del Colegio Nacional de Periodistas<\/a><\/li><li><a href=\"https:\/\/oscarhumbertogomez.com\/?p=11894\">Una cosa es Gustavo Petro y otra cosa es Maritzabel Castellanos Aguirre. Por \u00d3scar Humberto G\u00f3mez G\u00f3mez<\/a><\/li><li><a href=\"https:\/\/oscarhumbertogomez.com\/?p=8364\">En defensa de las profesiones liberales. Los profesionales liberales NO son comerciantes [PARTE I]. Por \u00d3scar Humberto G\u00f3mez G\u00f3mez<\/a><\/li><li><a href=\"https:\/\/oscarhumbertogomez.com\/?p=3987\">\u00a1Lo que faltaba! Seg\u00fan el Consejo de Estado, \"Lo que los altos dignatarios del Estado digan o escriban en los medios de comunicaci\u00f3n no tiene valor probatorio alguno si no lo ratifican judicialmente\". Por \u00d3scar Humberto G\u00f3mez G\u00f3mez<\/a><\/li><li><a href=\"https:\/\/oscarhumbertogomez.com\/?p=96\">Reforma a la justicia: reflexiones y propuestas desde la provincia colombiana. Por \u00d3scar Humberto G\u00f3mez G\u00f3mez<\/a><\/li><\/ul>\n<p>&nbsp;<\/p>\n","protected":false},"excerpt":{"rendered":"<p>&nbsp; La libertad de expresi\u00f3n es el eje fundamental de todos los derechos y de todas las libertades. Consustancial a ella est\u00e1 el derecho de opinar. Un hombre al que se le impide expresarse y opinar se convierte en un &hellip; <a href=\"https:\/\/oscarhumbertogomez.com\/?page_id=25254\">Sigue leyendo <span class=\"meta-nav\">&rarr;<\/span><\/a><\/p>\n<div class='heateorSssClear'><\/div><div  class='heateor_sss_sharing_container heateor_sss_horizontal_sharing' heateor-sss-data-href='https:\/\/oscarhumbertogomez.com\/?page_id=25254'><div class='heateor_sss_sharing_title' style=\"font-weight:bold\" >\u00a1Gracias por compartirla!<\/div><ul class=\"heateor_sss_sharing_ul\"><li class=\"heateorSssSharingRound\"><i style=\"width:35px;height:35px;border-radius:999px;\" alt=\"Facebook\" Title=\"Facebook\" class=\"heateorSssSharing heateorSssFacebookBackground\" onclick='heateorSssPopup(\"https:\/\/www.facebook.com\/sharer\/sharer.php?u=https%3A%2F%2Foscarhumbertogomez.com%2Findex.php%3Frest_route%3D%252Fwp%252Fv2%252Fpages%252F25254\")'><ss style=\"display:block;border-radius:999px;\" class=\"heateorSssSharingSvg heateorSssFacebookSvg\"><\/ss><\/i><\/li><li class=\"heateorSssSharingRound\"><i style=\"width:35px;height:35px;border-radius:999px;\" alt=\"Twitter\" Title=\"Twitter\" class=\"heateorSssSharing heateorSssTwitterBackground\" onclick='heateorSssPopup(\"http:\/\/twitter.com\/intent\/tweet?text=Controversia&url=https%3A%2F%2Foscarhumbertogomez.com%2Findex.php%3Frest_route%3D%252Fwp%252Fv2%252Fpages%252F25254\")'><ss style=\"display:block;border-radius:999px;\" class=\"heateorSssSharingSvg heateorSssTwitterSvg\"><\/ss><\/i><\/li><li class=\"heateorSssSharingRound\"><i style=\"width:35px;height:35px;border-radius:999px;\" alt=\"Whatsapp\" Title=\"Whatsapp\" class=\"heateorSssSharing heateorSssWhatsappBackground\" onclick='heateorSssPopup(\"https:\/\/web.whatsapp.com\/send?text=Controversia https%3A%2F%2Foscarhumbertogomez.com%2Findex.php%3Frest_route%3D%252Fwp%252Fv2%252Fpages%252F25254\")'><ss style=\"display:block\" class=\"heateorSssSharingSvg heateorSssWhatsappSvg\"><\/ss><\/i><\/li><li class=\"heateorSssSharingRound\"><i style=\"width:35px;height:35px;border-radius:999px;\" alt=\"Pinterest\" Title=\"Pinterest\" class=\"heateorSssSharing heateorSssPinterestBackground\" onclick=\"javascript:void( (function() {var e=document.createElement('script' );e.setAttribute('type','text\/javascript' );e.setAttribute('charset','UTF-8' );e.setAttribute('src','\/\/assets.pinterest.com\/js\/pinmarklet.js?r='+Math.random()*99999999);document.body.appendChild(e)})());\"><ss style=\"display:block;border-radius:999px;\" class=\"heateorSssSharingSvg heateorSssPinterestSvg\"><\/ss><\/i><\/li><li class=\"heateorSssSharingRound\"><i style=\"width:35px;height:35px;border-radius:999px;\" alt=\"Google Gmail\" Title=\"Google Gmail\" class=\"heateorSssSharing heateorSssGoogleGmailBackground\" onclick='heateorSssPopup(\"https:\/\/mail.google.com\/mail\/?ui=2&view=cm&fs=1&tf=1&su=Controversia&body=Link:https%3A%2F%2Foscarhumbertogomez.com%2Findex.php%3Frest_route%3D%252Fwp%252Fv2%252Fpages%252F25254\")'><ss style=\"display:block;border-radius:999px;\" class=\"heateorSssSharingSvg heateorSssGoogleGmailSvg\"><\/ss><\/i><\/li><li class=\"heateorSssSharingRound\"><i style=\"width:35px;height:35px;border-radius:999px;\" title=\"More\" alt=\"More\" class=\"heateorSssSharing heateorSssMoreBackground\" onclick=\"heateorSssMoreSharingPopup(this, 'https:\/\/oscarhumbertogomez.com\/index.php?rest_route=%2Fwp%2Fv2%2Fpages%2F25254', 'Controversia', '' )\" ><ss style=\"display:block\" class=\"heateorSssSharingSvg heateorSssMoreSvg\"><\/ss><\/i><\/li><\/ul><div class=\"heateorSssClear\"><\/div><\/div><div class='heateorSssClear'><\/div>","protected":false},"author":2,"featured_media":0,"parent":0,"menu_order":0,"comment_status":"closed","ping_status":"closed","template":"","meta":{"spay_email":"","footnotes":""},"class_list":["post-25254","page","type-page","status-publish","hentry"],"jetpack_shortlink":"https:\/\/wp.me\/P1FYrr-6zk","_links":{"self":[{"href":"https:\/\/oscarhumbertogomez.com\/index.php?rest_route=\/wp\/v2\/pages\/25254","targetHints":{"allow":["GET"]}}],"collection":[{"href":"https:\/\/oscarhumbertogomez.com\/index.php?rest_route=\/wp\/v2\/pages"}],"about":[{"href":"https:\/\/oscarhumbertogomez.com\/index.php?rest_route=\/wp\/v2\/types\/page"}],"author":[{"embeddable":true,"href":"https:\/\/oscarhumbertogomez.com\/index.php?rest_route=\/wp\/v2\/users\/2"}],"replies":[{"embeddable":true,"href":"https:\/\/oscarhumbertogomez.com\/index.php?rest_route=%2Fwp%2Fv2%2Fcomments&post=25254"}],"version-history":[{"count":5,"href":"https:\/\/oscarhumbertogomez.com\/index.php?rest_route=\/wp\/v2\/pages\/25254\/revisions"}],"predecessor-version":[{"id":52779,"href":"https:\/\/oscarhumbertogomez.com\/index.php?rest_route=\/wp\/v2\/pages\/25254\/revisions\/52779"}],"wp:attachment":[{"href":"https:\/\/oscarhumbertogomez.com\/index.php?rest_route=%2Fwp%2Fv2%2Fmedia&parent=25254"}],"curies":[{"name":"wp","href":"https:\/\/api.w.org\/{rel}","templated":true}]}}