{"id":2552,"date":"2015-10-28T21:06:03","date_gmt":"2015-10-29T02:06:03","guid":{"rendered":"http:\/\/www.oscarhumbertogomez.com\/?page_id=2552"},"modified":"2025-02-16T10:42:08","modified_gmt":"2025-02-16T15:42:08","slug":"del-director","status":"publish","type":"page","link":"https:\/\/oscarhumbertogomez.com\/?page_id=2552","title":{"rendered":"Biograf\u00eda"},"content":{"rendered":"<div id=\"attachment_22947\" style=\"width: 650px\" class=\"wp-caption aligncenter\"><img loading=\"lazy\" decoding=\"async\" aria-describedby=\"caption-attachment-22947\" class=\"size-large wp-image-22947\" src=\"https:\/\/oscarhumbertogomez.com\/wp-content\/uploads\/2017\/07\/20170401-170514-678x1024.jpg\" alt=\"\" width=\"640\" height=\"967\" srcset=\"https:\/\/oscarhumbertogomez.com\/wp-content\/uploads\/2017\/07\/20170401-170514-678x1024.jpg 678w, https:\/\/oscarhumbertogomez.com\/wp-content\/uploads\/2017\/07\/20170401-170514-199x300.jpg 199w, https:\/\/oscarhumbertogomez.com\/wp-content\/uploads\/2017\/07\/20170401-170514-768x1160.jpg 768w\" sizes=\"auto, (max-width: 640px) 100vw, 640px\" \/><p id=\"caption-attachment-22947\" class=\"wp-caption-text\">\u00d3SCAR HUMBERTO G\u00d3MEZ G\u00d3MEZ [Fotograf\u00eda: Fernando Rueda Villamizar].<\/p><\/div>\n<p>&nbsp;<\/p>\n<p><strong>\u00d3scar Humberto G\u00f3mez G\u00f3mez<\/strong>.\u2014&nbsp;Naci\u00f3 en Bucaramanga, capital del departamento de Santander, en el nororiente de Colombia, el d\u00eda 2 de noviembre de 1955.<\/p>\n<p>Doctor en Derecho y Ciencias Sociales y Pol\u00edticas (Libro No. 20 de Registro de la Secretar\u00eda de Educaci\u00f3n de Santander, folio 264), Miembro del ilustre y hoy desaparecido Colegio de Abogados de Santander (1981), Miembro Activo de la Sociedad de Autores y Compositores de Colombia (2003), Miembro de N\u00famero de la Academia de Historia de Santander (2010) y Miembro del Colegio Nacional de Periodistas (2013), ha escrito y publicado los libros <em>El \u00faltimo dinosaurio<\/em> (cuentos, 1998), <em>Los <\/em><em>ind\u00edgenas frente al derecho penal colombiano<\/em> (1999),<em>Tierra de cigarras<\/em> (novela, 2000), <em>La pr\u00e1ctica de los valores en la lucha contra el estr\u00e9s<\/em> (2001), <em>Versos del desorden<\/em> (2001), <em>Giordano Bruno. La lucha por el derecho a pensar diferente<\/em> (2004), <em>Poes\u00edas infantiles<\/em> (2005), <em>La emboscada<\/em> (cuentos, 2009) e <em>Historia de Bucaramanga<\/em> (2009).<\/p>\n<p>Despleg\u00f3 su actividad profesional durante cuarenta y tres a\u00f1os.<\/p>\n<p>A partir de 1981 se dedic\u00f3 a la rama del Derecho P\u00fablico, particularmente al \u00e1rea de la Responsabilidad Extracontractual del Estado (Demandas contra el Estado por da\u00f1os y perjuicios derivados de la acci\u00f3n u omisi\u00f3n de las autoridades p\u00fablicas), luego de abandonar la rama por la cual inicialmente hab\u00eda optado, la del Derecho Penal, en la que ya hab\u00eda comenzado a destacarse con defensas orales ante el jurado de conciencia y en consejos de guerra convocados por la justicia penal militar.<\/p>\n<p>En el mes de enero de 2025 redact\u00f3 e hizo llegar a sus clientes y a las autoridades judiciales ante las cuales ven\u00eda adelantando sus procesos un extenso comunicado en el que les hizo saber su decisi\u00f3n de retirarse del ejercicio profesional &#8220;por falta de garant\u00edas&#8221;.<\/p>\n<p>&nbsp;<\/p>\n<p><a href=\"http:\/\/www.oscarhumbertogomez.com\/?page_id=494\">http:\/\/www.oscarhumbertogomez.com\/?page_id=494<\/a><\/p>\n<p>&nbsp;<\/p>\n<p>Ejerci\u00f3 el periodismo en los diarios conservadores <em>El Deber<\/em> (1972) y <em>Diario del Oriente<\/em> (1973), ambos de Bucaramanga y ya desaparecidos. Ha sido colaborador del diario conservador <em>El Frente<\/em>, tambi\u00e9n de Bucaramanga. Bajo la direcci\u00f3n de su amiga Silvia Galvis, fue colaborador del diario Vanguardia Liberal. Tambi\u00e9n fue director de la revista ecol\u00f3gica <em>HSEQ World Ecoempresarial<\/em>, que intent\u00f3 crear conciencia sobre el compromiso de las empresas con la protecci\u00f3n del medio ambiente y la cual tuvo una vida ef\u00edmera.<\/p>\n<p>&nbsp;<\/p>\n<p><a href=\"http:\/\/www.oscarhumbertogomez.com\/?p=392\">http:\/\/www.oscarhumbertogomez.com\/?p=392<\/a><\/p>\n<p>&nbsp;<\/p>\n<p>Con el dise\u00f1ador gr\u00e1fico santandereano Pedro Jes\u00fas Vargas Cordero cre\u00f3 y mantuvo varios a\u00f1os un proyecto de caricatura social y pol\u00edtica bajo el nombre art\u00edstico de &#8220;VAGO&#8221; (Ver Secci\u00f3n Caricatura).<\/p>\n<p>&nbsp;<\/p>\n<p><img loading=\"lazy\" decoding=\"async\" class=\"aligncenter size-full wp-image-3735\" title=\"comicCE1\" src=\"https:\/\/lapiedrafilosofal.com\/wp-content\/uploads\/2012\/04\/comicCE11.png\" alt=\"\" width=\"466\" height=\"2171\"><\/p>\n<p>&nbsp;<\/p>\n<p>Como compositor, es el creador del bambuco <em>El campesino embejucao<\/em>, una de las canciones emblem\u00e1ticas de la m\u00fasica andina colombiana. Igualmente, fue el creador del personaje &#8220;El Campesino Embejucao&#8221; con el cual lleg\u00f3 a grabar y a prensar ocho (8) CDs, todos con canciones propias.<\/p>\n<p>&nbsp;<\/p>\n<p><iframe loading=\"lazy\" width=\"560\" height=\"315\" src=\"https:\/\/www.youtube-nocookie.com\/embed\/6sZnFRauSqM?controls=0\" title=\"YouTube video player\" frameborder=\"0\" allow=\"accelerometer; autoplay; clipboard-write; encrypted-media; gyroscope; picture-in-picture\" allowfullscreen=\"\"><\/iframe><\/p>\n<p>&nbsp;<\/p>\n<p>As\u00ed mismo, grab\u00f3 y prens\u00f3 el CD <em>La novia extraterrestre<\/em>, tambi\u00e9n con canciones propias inspiradas en los aires y el esp\u00edritu de los a\u00f1os 60.<\/p>\n<p>&nbsp;<\/p>\n<p><a href=\"http:\/\/www.oscarhumbertogomez.com\/?p=10763\">http:\/\/www.oscarhumbertogomez.com\/?p=10763<\/a><\/p>\n<p>&nbsp;<\/p>\n<p>Incursion\u00f3, igualmente, en el folclor vallenato.<\/p>\n<p>&nbsp;<\/p>\n<p><a href=\"http:\/\/www.oscarhumbertogomez.com\/?p=5578\">http:\/\/www.oscarhumbertogomez.com\/?p=5578<\/a><\/p>\n<p>&nbsp;<\/p>\n<p>Como poeta, ha publicado los libros <em>Versos del desorden<\/em> y <em>Poes\u00edas infantiles<\/em> y el &#8220;Afiche po\u00e9tico internacional&#8221; con el poema &#8220;Somos de los mismos&#8221;. Con posterioridad a esas obras, viene publicando en su propio portal de Internet sonetos y otros poemas que suscribe con su propio nombre o bajo los seud\u00f3nimos de <em>El \u00daltimo Guane<\/em> y <em>El Diablillo del Parnaso<\/em>. (Ver Secci\u00f3n Poes\u00eda).<\/p>\n<p>El Gobernador de Santander, Dr. Jorge G\u00f3mez Villamizar, en ceremonia llevada a cabo en el Auditorio Luis A. Calvo de la Universidad Industrial de Santander (UIS), la noche del 13 de diciembre de 2003, lo condecor\u00f3 con la Orden Ciudadano Meritorio.<\/p>\n<p>&nbsp;<\/p>\n<p>[<em>Fuentes bibliogr\u00e1ficas: TORRES DE LA PAVA, John Jairo. Juglares hispanoamericanos. 2005, p\u00e1g. 185. VALDIVIESO TORRES, Julio. Visi\u00f3n hist\u00f3rica de la m\u00fasica en los dos Santanderes. 2005, p\u00e1g. 156. GAVASSA VILLAMIZAR, Edmundo. Qui\u00e9n es qui\u00e9n en Santander. 2018, p. 62]<\/em>.<\/p>\n<p>&nbsp;<\/p>\n<p>[<em>Fuentes period\u00edsticas: El Espacio, Bogot\u00e1, 5 de diciembre de 2002, p. 14. El Tiempo, Bogot\u00e1, 2 de agosto de 2004, p. 2-14. Vanguardia Liberal, Bucaramanga, 30 de marzo de 2006, p. 9-C. El Frente, Bucaramanga, 23 de diciembre de 2002, p. 5, y otras]<\/em>.<\/p>\n<p>&nbsp;<\/p>\n","protected":false},"excerpt":{"rendered":"<p>&nbsp; \u00d3scar Humberto G\u00f3mez G\u00f3mez.\u2014&nbsp;Naci\u00f3 en Bucaramanga, capital del departamento de Santander, en el nororiente de Colombia, el d\u00eda 2 de noviembre de 1955. Doctor en Derecho y Ciencias Sociales y Pol\u00edticas (Libro No. 20 de Registro de la Secretar\u00eda &hellip; <a href=\"https:\/\/oscarhumbertogomez.com\/?page_id=2552\">Sigue leyendo <span class=\"meta-nav\">&rarr;<\/span><\/a><\/p>\n<div class='heateorSssClear'><\/div><div  class='heateor_sss_sharing_container heateor_sss_horizontal_sharing' heateor-sss-data-href='https:\/\/oscarhumbertogomez.com\/?page_id=2552'><div class='heateor_sss_sharing_title' style=\"font-weight:bold\" >\u00a1Gracias por compartirla!<\/div><ul class=\"heateor_sss_sharing_ul\"><li class=\"heateorSssSharingRound\"><i style=\"width:35px;height:35px;border-radius:999px;\" alt=\"Facebook\" Title=\"Facebook\" class=\"heateorSssSharing heateorSssFacebookBackground\" onclick='heateorSssPopup(\"https:\/\/www.facebook.com\/sharer\/sharer.php?u=https%3A%2F%2Foscarhumbertogomez.com%2Findex.php%3Frest_route%3D%252Fwp%252Fv2%252Fpages%252F2552\")'><ss style=\"display:block;border-radius:999px;\" class=\"heateorSssSharingSvg heateorSssFacebookSvg\"><\/ss><\/i><\/li><li class=\"heateorSssSharingRound\"><i style=\"width:35px;height:35px;border-radius:999px;\" alt=\"Twitter\" Title=\"Twitter\" class=\"heateorSssSharing heateorSssTwitterBackground\" onclick='heateorSssPopup(\"http:\/\/twitter.com\/intent\/tweet?text=Biograf%C3%ADa&url=https%3A%2F%2Foscarhumbertogomez.com%2Findex.php%3Frest_route%3D%252Fwp%252Fv2%252Fpages%252F2552\")'><ss style=\"display:block;border-radius:999px;\" class=\"heateorSssSharingSvg heateorSssTwitterSvg\"><\/ss><\/i><\/li><li class=\"heateorSssSharingRound\"><i style=\"width:35px;height:35px;border-radius:999px;\" alt=\"Whatsapp\" Title=\"Whatsapp\" class=\"heateorSssSharing heateorSssWhatsappBackground\" onclick='heateorSssPopup(\"https:\/\/web.whatsapp.com\/send?text=Biograf%C3%ADa https%3A%2F%2Foscarhumbertogomez.com%2Findex.php%3Frest_route%3D%252Fwp%252Fv2%252Fpages%252F2552\")'><ss style=\"display:block\" class=\"heateorSssSharingSvg heateorSssWhatsappSvg\"><\/ss><\/i><\/li><li class=\"heateorSssSharingRound\"><i style=\"width:35px;height:35px;border-radius:999px;\" alt=\"Pinterest\" Title=\"Pinterest\" class=\"heateorSssSharing heateorSssPinterestBackground\" onclick=\"javascript:void( (function() {var e=document.createElement('script' );e.setAttribute('type','text\/javascript' );e.setAttribute('charset','UTF-8' );e.setAttribute('src','\/\/assets.pinterest.com\/js\/pinmarklet.js?r='+Math.random()*99999999);document.body.appendChild(e)})());\"><ss style=\"display:block;border-radius:999px;\" class=\"heateorSssSharingSvg heateorSssPinterestSvg\"><\/ss><\/i><\/li><li class=\"heateorSssSharingRound\"><i style=\"width:35px;height:35px;border-radius:999px;\" alt=\"Google Gmail\" Title=\"Google Gmail\" class=\"heateorSssSharing heateorSssGoogleGmailBackground\" onclick='heateorSssPopup(\"https:\/\/mail.google.com\/mail\/?ui=2&view=cm&fs=1&tf=1&su=Biograf%C3%ADa&body=Link:https%3A%2F%2Foscarhumbertogomez.com%2Findex.php%3Frest_route%3D%252Fwp%252Fv2%252Fpages%252F2552\")'><ss style=\"display:block;border-radius:999px;\" class=\"heateorSssSharingSvg heateorSssGoogleGmailSvg\"><\/ss><\/i><\/li><li class=\"heateorSssSharingRound\"><i style=\"width:35px;height:35px;border-radius:999px;\" title=\"More\" alt=\"More\" class=\"heateorSssSharing heateorSssMoreBackground\" onclick=\"heateorSssMoreSharingPopup(this, 'https:\/\/oscarhumbertogomez.com\/index.php?rest_route=%2Fwp%2Fv2%2Fpages%2F2552', 'Biograf%C3%ADa', '' )\" ><ss style=\"display:block\" class=\"heateorSssSharingSvg heateorSssMoreSvg\"><\/ss><\/i><\/li><\/ul><div class=\"heateorSssClear\"><\/div><\/div><div class='heateorSssClear'><\/div>","protected":false},"author":1,"featured_media":0,"parent":0,"menu_order":1,"comment_status":"open","ping_status":"open","template":"","meta":{"spay_email":"","footnotes":""},"class_list":["post-2552","page","type-page","status-publish","hentry"],"jetpack_shortlink":"https:\/\/wp.me\/P1FYrr-Fa","_links":{"self":[{"href":"https:\/\/oscarhumbertogomez.com\/index.php?rest_route=\/wp\/v2\/pages\/2552","targetHints":{"allow":["GET"]}}],"collection":[{"href":"https:\/\/oscarhumbertogomez.com\/index.php?rest_route=\/wp\/v2\/pages"}],"about":[{"href":"https:\/\/oscarhumbertogomez.com\/index.php?rest_route=\/wp\/v2\/types\/page"}],"author":[{"embeddable":true,"href":"https:\/\/oscarhumbertogomez.com\/index.php?rest_route=\/wp\/v2\/users\/1"}],"replies":[{"embeddable":true,"href":"https:\/\/oscarhumbertogomez.com\/index.php?rest_route=%2Fwp%2Fv2%2Fcomments&post=2552"}],"version-history":[{"count":4,"href":"https:\/\/oscarhumbertogomez.com\/index.php?rest_route=\/wp\/v2\/pages\/2552\/revisions"}],"predecessor-version":[{"id":50736,"href":"https:\/\/oscarhumbertogomez.com\/index.php?rest_route=\/wp\/v2\/pages\/2552\/revisions\/50736"}],"wp:attachment":[{"href":"https:\/\/oscarhumbertogomez.com\/index.php?rest_route=%2Fwp%2Fv2%2Fmedia&parent=2552"}],"curies":[{"name":"wp","href":"https:\/\/api.w.org\/{rel}","templated":true}]}}