{"id":28139,"date":"2018-12-29T14:36:15","date_gmt":"2018-12-29T19:36:15","guid":{"rendered":"http:\/\/www.oscarhumbertogomez.com\/?page_id=28139"},"modified":"2025-03-24T11:45:31","modified_gmt":"2025-03-24T16:45:31","slug":"odontologia","status":"publish","type":"page","link":"https:\/\/oscarhumbertogomez.com\/?page_id=28139","title":{"rendered":"Odontolog\u00eda"},"content":{"rendered":"<div id=\"attachment_28123\" style=\"width: 650px\" class=\"wp-caption alignnone\"><a href=\"https:\/\/lapiedrafilosofal.com\/wp-content\/uploads\/2018\/12\/MORTON.jpg\"><img loading=\"lazy\" decoding=\"async\" aria-describedby=\"caption-attachment-28123\" class=\"size-large wp-image-28123\" src=\"https:\/\/lapiedrafilosofal.com\/wp-content\/uploads\/2018\/12\/MORTON-1024x888.jpg\" alt=\"\" width=\"640\" height=\"555\" srcset=\"https:\/\/oscarhumbertogomez.com\/wp-content\/uploads\/2018\/12\/MORTON-1024x888.jpg 1024w, https:\/\/oscarhumbertogomez.com\/wp-content\/uploads\/2018\/12\/MORTON-300x260.jpg 300w, https:\/\/oscarhumbertogomez.com\/wp-content\/uploads\/2018\/12\/MORTON-768x666.jpg 768w, https:\/\/oscarhumbertogomez.com\/wp-content\/uploads\/2018\/12\/MORTON.jpg 1157w\" sizes=\"auto, (max-width: 640px) 100vw, 640px\" \/><\/a><p id=\"caption-attachment-28123\" class=\"wp-caption-text\">EL ODONT\u00d3LOGO WILLIAM MORTON, PADRE DE LA ANESTESIOLOG\u00cdA, APLICA SU &#8220;LETHEON&#8221; (\u00c9TER CON SUSTANCIAS AROM\u00c1TICAS) AL PACIENTE GILBERT ABBOT, PR\u00d3XIMO A SER INTERVENIDO QUIR\u00daGICAMENTE POR EL M\u00c9DICO CIRUJANO JOHN COLLINS WARREN EN LA PRIMERA APLICACI\u00d3N DE LA ANESTESIA EN P\u00daBLICO EN EL MUNDO. 16 DE OCTUBRE DE 1846 (&#8220;Anestesia&#8221;, Robert Hinckley. 1882. \u00d3leo sobre lienzo)<\/p><\/div>\n<p>&nbsp;<\/p>\n<p>Esta secci\u00f3n de nuestro portal ha sido abierta para exaltar en ella los avances que, desde tiempos inmemoriales, se han registrado en el devenir hist\u00f3rico de la Odontolog\u00eda.<\/p>\n<p>Tambi\u00e9n, para rememorar los hechos que han puesto en evidencia la grandeza de los odont\u00f3logos y el car\u00e1cter elevado y humano que siempre debe tener la Odontolog\u00eda.<\/p>\n<p>As\u00ed mismo, para destacar a los santandereanos que, dentro de nuestra tierra o fuera de ella, hicieron de la Odontolog\u00eda una profesi\u00f3n ejercida con decoro, dignidad, altruismo y verdadera vocaci\u00f3n cient\u00edfica.<\/p>\n<p>Por supuesto, tambi\u00e9n se dar\u00e1n a conocer hechos y situaciones que, por el contrario, han desdorado esa noble e important\u00edsima profesi\u00f3n.<\/p>\n<p>&nbsp;<\/p>\n<h2>Archivo de entradas<\/h2>\n<p>&nbsp;<br \/>\n<ul><li><a href=\"https:\/\/oscarhumbertogomez.com\/?p=48501\">NING\u00daN ESTUDIANTE UNIVERSITARIO DEBE SENTIRSE ATRAPADO SIN SALIDA. Por \u00d3scar Humberto G\u00f3mez G\u00f3mez<\/a><\/li><li><a href=\"https:\/\/oscarhumbertogomez.com\/?p=47090\">LA UNIVERSIDAD SANTO TOM\u00c1S CONFIERE HOY A LA JOVEN SANTANDEREANA ANDREA KATHERINE REY SALAZAR EL T\u00cdTULO PROFESIONAL DE ODONT\u00d3LOGA. Por \u00d3scar Humberto G\u00f3mez G\u00f3mez<\/a><\/li><li><a href=\"https:\/\/oscarhumbertogomez.com\/?p=39380\">EL PROFETA MAHOMA Y LA HIGIENE DENTAL. Por \u00d3scar Humberto G\u00f3mez G\u00f3mez<\/a><\/li><li><a href=\"https:\/\/oscarhumbertogomez.com\/?p=30635\">LUTO EN LA ODONTOLOG\u00cdA COLOMBIANA: MURI\u00d3 EL EMINENTE CIENT\u00cdFICO RAMS\u00c9S HAKIM. Por \u00d3scar Humberto G\u00f3mez G\u00f3mez<\/a><\/li><li><a href=\"https:\/\/oscarhumbertogomez.com\/?p=28129\">EL ODONT\u00d3LOGO WILLIAM MORTON, PADRE DE LA ANESTESIOLOG\u00cdA. Por \u00d3scar Humberto G\u00f3mez G\u00f3mez, Miembro Correspondiente de la Academia de Historia de Santander y Miembro del Colegio Nacional de Periodistas<\/a><\/li><li><a href=\"https:\/\/oscarhumbertogomez.com\/?p=27052\">LA UNIVERSIDAD SANTO TOM\u00c1S CONFIRI\u00d3 A PAULA NATALIA G\u00d3MEZ BLACKBURN EL T\u00cdTULO PROFESIONAL DE ODONT\u00d3LOGA. Por \u00d3scar Humberto G\u00f3mez G\u00f3mez<\/a><\/li><li><a href=\"https:\/\/oscarhumbertogomez.com\/?p=11270\">FALLECI\u00d3 EL EX ALCALDE DE BUCARAMANGA Y EX GOBERNADOR DE SANTANDER DOCTOR JAIME TRILLOS NOVOA. Por \u00d3scar Humberto G\u00f3mez G\u00f3mez<\/a><\/li><\/ul><\/p>\n<p>&nbsp;<\/p>\n","protected":false},"excerpt":{"rendered":"<p>&nbsp; Esta secci\u00f3n de nuestro portal ha sido abierta para exaltar en ella los avances que, desde tiempos inmemoriales, se han registrado en el devenir hist\u00f3rico de la Odontolog\u00eda. Tambi\u00e9n, para rememorar los hechos que han puesto en evidencia la &hellip; <a href=\"https:\/\/oscarhumbertogomez.com\/?page_id=28139\">Sigue leyendo <span class=\"meta-nav\">&rarr;<\/span><\/a><\/p>\n<div class='heateorSssClear'><\/div><div  class='heateor_sss_sharing_container heateor_sss_horizontal_sharing' heateor-sss-data-href='https:\/\/oscarhumbertogomez.com\/?page_id=28139'><div class='heateor_sss_sharing_title' style=\"font-weight:bold\" >\u00a1Gracias por compartirla!<\/div><ul class=\"heateor_sss_sharing_ul\"><li class=\"heateorSssSharingRound\"><i style=\"width:35px;height:35px;border-radius:999px;\" alt=\"Facebook\" Title=\"Facebook\" class=\"heateorSssSharing heateorSssFacebookBackground\" onclick='heateorSssPopup(\"https:\/\/www.facebook.com\/sharer\/sharer.php?u=https%3A%2F%2Foscarhumbertogomez.com%2Findex.php%3Frest_route%3D%252Fwp%252Fv2%252Fpages%252F28139\")'><ss style=\"display:block;border-radius:999px;\" class=\"heateorSssSharingSvg heateorSssFacebookSvg\"><\/ss><\/i><\/li><li class=\"heateorSssSharingRound\"><i style=\"width:35px;height:35px;border-radius:999px;\" alt=\"Twitter\" Title=\"Twitter\" class=\"heateorSssSharing heateorSssTwitterBackground\" onclick='heateorSssPopup(\"http:\/\/twitter.com\/intent\/tweet?text=Odontolog%C3%ADa&url=https%3A%2F%2Foscarhumbertogomez.com%2Findex.php%3Frest_route%3D%252Fwp%252Fv2%252Fpages%252F28139\")'><ss style=\"display:block;border-radius:999px;\" class=\"heateorSssSharingSvg heateorSssTwitterSvg\"><\/ss><\/i><\/li><li class=\"heateorSssSharingRound\"><i style=\"width:35px;height:35px;border-radius:999px;\" alt=\"Whatsapp\" Title=\"Whatsapp\" class=\"heateorSssSharing heateorSssWhatsappBackground\" onclick='heateorSssPopup(\"https:\/\/web.whatsapp.com\/send?text=Odontolog%C3%ADa https%3A%2F%2Foscarhumbertogomez.com%2Findex.php%3Frest_route%3D%252Fwp%252Fv2%252Fpages%252F28139\")'><ss style=\"display:block\" class=\"heateorSssSharingSvg heateorSssWhatsappSvg\"><\/ss><\/i><\/li><li class=\"heateorSssSharingRound\"><i style=\"width:35px;height:35px;border-radius:999px;\" alt=\"Pinterest\" Title=\"Pinterest\" class=\"heateorSssSharing heateorSssPinterestBackground\" onclick=\"javascript:void( (function() {var e=document.createElement('script' );e.setAttribute('type','text\/javascript' );e.setAttribute('charset','UTF-8' );e.setAttribute('src','\/\/assets.pinterest.com\/js\/pinmarklet.js?r='+Math.random()*99999999);document.body.appendChild(e)})());\"><ss style=\"display:block;border-radius:999px;\" class=\"heateorSssSharingSvg heateorSssPinterestSvg\"><\/ss><\/i><\/li><li class=\"heateorSssSharingRound\"><i style=\"width:35px;height:35px;border-radius:999px;\" alt=\"Google Gmail\" Title=\"Google Gmail\" class=\"heateorSssSharing heateorSssGoogleGmailBackground\" onclick='heateorSssPopup(\"https:\/\/mail.google.com\/mail\/?ui=2&view=cm&fs=1&tf=1&su=Odontolog%C3%ADa&body=Link:https%3A%2F%2Foscarhumbertogomez.com%2Findex.php%3Frest_route%3D%252Fwp%252Fv2%252Fpages%252F28139\")'><ss style=\"display:block;border-radius:999px;\" class=\"heateorSssSharingSvg heateorSssGoogleGmailSvg\"><\/ss><\/i><\/li><li class=\"heateorSssSharingRound\"><i style=\"width:35px;height:35px;border-radius:999px;\" title=\"More\" alt=\"More\" class=\"heateorSssSharing heateorSssMoreBackground\" onclick=\"heateorSssMoreSharingPopup(this, 'https:\/\/oscarhumbertogomez.com\/index.php?rest_route=%2Fwp%2Fv2%2Fpages%2F28139', 'Odontolog%C3%ADa', '' )\" ><ss style=\"display:block\" class=\"heateorSssSharingSvg heateorSssMoreSvg\"><\/ss><\/i><\/li><\/ul><div class=\"heateorSssClear\"><\/div><\/div><div class='heateorSssClear'><\/div>","protected":false},"author":2,"featured_media":0,"parent":0,"menu_order":0,"comment_status":"closed","ping_status":"closed","template":"","meta":{"spay_email":"","footnotes":""},"class_list":["post-28139","page","type-page","status-publish","hentry"],"jetpack_shortlink":"https:\/\/wp.me\/P1FYrr-7jR","_links":{"self":[{"href":"https:\/\/oscarhumbertogomez.com\/index.php?rest_route=\/wp\/v2\/pages\/28139","targetHints":{"allow":["GET"]}}],"collection":[{"href":"https:\/\/oscarhumbertogomez.com\/index.php?rest_route=\/wp\/v2\/pages"}],"about":[{"href":"https:\/\/oscarhumbertogomez.com\/index.php?rest_route=\/wp\/v2\/types\/page"}],"author":[{"embeddable":true,"href":"https:\/\/oscarhumbertogomez.com\/index.php?rest_route=\/wp\/v2\/users\/2"}],"replies":[{"embeddable":true,"href":"https:\/\/oscarhumbertogomez.com\/index.php?rest_route=%2Fwp%2Fv2%2Fcomments&post=28139"}],"version-history":[{"count":5,"href":"https:\/\/oscarhumbertogomez.com\/index.php?rest_route=\/wp\/v2\/pages\/28139\/revisions"}],"predecessor-version":[{"id":52758,"href":"https:\/\/oscarhumbertogomez.com\/index.php?rest_route=\/wp\/v2\/pages\/28139\/revisions\/52758"}],"wp:attachment":[{"href":"https:\/\/oscarhumbertogomez.com\/index.php?rest_route=%2Fwp%2Fv2%2Fmedia&parent=28139"}],"curies":[{"name":"wp","href":"https:\/\/api.w.org\/{rel}","templated":true}]}}