{"id":3705,"date":"2012-04-14T23:19:19","date_gmt":"2012-04-15T04:19:19","guid":{"rendered":"http:\/\/www.oscarhumbertogomez.com\/?page_id=3705"},"modified":"2025-03-24T11:41:43","modified_gmt":"2025-03-24T16:41:43","slug":"caricatura","status":"publish","type":"page","link":"https:\/\/oscarhumbertogomez.com\/?page_id=3705","title":{"rendered":"Caricatura"},"content":{"rendered":"<p><img loading=\"lazy\" decoding=\"async\" class=\"aligncenter size-full wp-image-3741\" title=\"pluma-y-tintero\" src=\"https:\/\/lapiedrafilosofal.com\/wp-content\/uploads\/2012\/04\/pluma-y-tintero.jpg\" alt=\"\" width=\"500\" height=\"375\" srcset=\"https:\/\/oscarhumbertogomez.com\/wp-content\/uploads\/2012\/04\/pluma-y-tintero.jpg 500w, https:\/\/oscarhumbertogomez.com\/wp-content\/uploads\/2012\/04\/pluma-y-tintero-300x225.jpg 300w\" sizes=\"auto, (max-width: 500px) 100vw, 500px\" \/><\/p>\n<p>&nbsp;<\/p>\n<p>\u00a1Hola, amigas! \u00a1Hola, amigos!<\/p>\n<p>La caricatura santandereana ha tenido destacados exponentes a lo largo de la historia de esta tierra.<\/p>\n<p>Desde Alfredo Gre\u00f1as, en esta tierra han sido varios, y muy importantes, los artistas que, vali\u00e9ndose de unos dibujos y unos bocadillos, han tratado de llegar a nuestro pueblo con un mensaje.<\/p>\n<p>Por lo general, nuestros caricaturistas han optado por el mensaje de contenido social y pol\u00edtico, aunque no han faltado, desde luego, el humor puro y simple o la sugerencia mordaz acerca de alg\u00fan tema, casi siempre controversial.<\/p>\n<p>El director de este portal ha cultivado desde que era ni\u00f1o esa faceta del periodismo y alguna vez ensay\u00f3 el <em>comic&nbsp;<\/em>en el desaparecido peri\u00f3dico conservador <span style=\"color: #333399;\"><strong>EL DEBER<\/strong>.<\/span><\/p>\n<p>Mucho antes de eso, por all\u00e1 en los a\u00f1os 60, creaba &#8220;cuentos ilustrados&#8221; y los alquilaba a cinco centavos entre sus amigos m\u00e1s cercanos. Entre ellos, recuerda con especial afecto a uno de sus principales &#8220;clientes&#8221;, Albertico Su\u00e1rez, quien, donde quiera que est\u00e9, sabe cu\u00e1nto lo apreci\u00e1bamos y con qu\u00e9 cari\u00f1o lo seguimos teniendo presente en la memoria.<\/p>\n<p>Ahora, junto a&nbsp;<strong>Pedro Jes\u00fas Vargas Cordero<\/strong><strong>&nbsp;<\/strong>ha creado las caricaturas de &#8220;<strong>VAGO<\/strong>&#8220;,&nbsp;nombre que no deriva, precisamente, de que ande dedicado a la vagancia (aunque ya lo tendr\u00eda m\u00e1s que merecido despu\u00e9s de trabajar en el foro judicial a lo largo de tantos y tantos a\u00f1os).<\/p>\n<p>Disfruten, pues, amigos y amigas, las caricaturas de &#8220;<strong>VAGO<\/strong>&#8220;.<\/p>\n<p>Un abrazo. Y&#8230;<\/p>\n<p>\u00a1BIENVENIDOS!<\/p>\n<p>&nbsp;<\/p>\n<h2>Archivo de entradas<\/h2>\n<p>&nbsp;<br \/>\n<ul><li><a href=\"https:\/\/oscarhumbertogomez.com\/?p=35370\">QUINO, MAFALDA Y EL ADI\u00d3S<\/a><\/li><li><a href=\"https:\/\/oscarhumbertogomez.com\/?p=33665\">KEKAR. Por El Diablillo del Parnaso<\/a><\/li><li><a href=\"https:\/\/oscarhumbertogomez.com\/?p=33544\">SANTURB\u00c1N. Por: VAGO<\/a><\/li><li><a href=\"https:\/\/oscarhumbertogomez.com\/?p=27237\">DE CUMPLEA\u00d1OS. Por: VAGO<\/a><\/li><li><a href=\"https:\/\/oscarhumbertogomez.com\/?p=26261\">PAN Y CIRCO. Por: VAGO<\/a><\/li><li><a href=\"https:\/\/oscarhumbertogomez.com\/?p=23595\">DECADENCIA. Por: VAGO<\/a><\/li><li><a href=\"https:\/\/oscarhumbertogomez.com\/?p=21580\">PATRIOTISMO. Por: VAGO<\/a><\/li><li><a href=\"https:\/\/oscarhumbertogomez.com\/?p=21435\">P\u00c9KERMAN. Por: VAGO<\/a><\/li><li><a href=\"https:\/\/oscarhumbertogomez.com\/?p=20886\">S.O.S. \/\/ Por VAGO<\/a><\/li><li><a href=\"https:\/\/oscarhumbertogomez.com\/?p=20832\">VENCIMIENTO DE T\u00c9RMINOS. Por: VAGO<\/a><\/li><li><a href=\"https:\/\/oscarhumbertogomez.com\/?p=18755\">EL BUR\u00d3CRATA. Por: VAGO<\/a><\/li><li><a href=\"https:\/\/oscarhumbertogomez.com\/?p=18752\">EL AMN\u00c9SICO. Por: VAGO<\/a><\/li><li><a href=\"https:\/\/oscarhumbertogomez.com\/?p=18808\">EL VALS DE LOS 15. Por: VAGO<\/a><\/li><li><a href=\"https:\/\/oscarhumbertogomez.com\/?p=18745\">EL CARADURA. Por: VAGO<\/a><\/li><li><a href=\"https:\/\/oscarhumbertogomez.com\/?p=18742\">OT\u00c1LORA, EL \"DEFENSOR\" DEL PUEBLO, PERO SOBRE TODO DE LAS MUJERES. Por: VAGO<\/a><\/li><li><a href=\"https:\/\/oscarhumbertogomez.com\/?p=18739\">BURROS HABLANDO DE OREJAS \/\/ Por: VAGO<\/a><\/li><li><a href=\"https:\/\/oscarhumbertogomez.com\/?p=18696\">EL QUE NO POD\u00cdA FALTAR \/\/ Por: VAGO<\/a><\/li><li><a href=\"https:\/\/oscarhumbertogomez.com\/?p=18614\">MISS UNIVERSO \/\/ Por VAGO<\/a><\/li><li><a href=\"https:\/\/oscarhumbertogomez.com\/?p=16865\">LA CARICATURA DE LA SEMANA. Por VAGO<\/a><\/li><li><a href=\"https:\/\/oscarhumbertogomez.com\/?p=15534\">FOUCH\u00c9 BARRERAS. Por VAGO<\/a><\/li><li><a href=\"https:\/\/oscarhumbertogomez.com\/?p=15211\">EL LLANERO SOLITARIO. Por VAGO<\/a><\/li><li><a href=\"https:\/\/oscarhumbertogomez.com\/?p=14921\">UMA\u00d1A \/\/ Por VAGO<\/a><\/li><li><a href=\"https:\/\/oscarhumbertogomez.com\/?p=14346\">DE CUMPLEA\u00d1OS. Por VAGO<\/a><\/li><li><a href=\"https:\/\/oscarhumbertogomez.com\/?p=14258\">CENSURA. Por: VAGO<\/a><\/li><li><a href=\"https:\/\/oscarhumbertogomez.com\/?p=14254\">JUSTICIA EJEMPLAR. Por VAGO<\/a><\/li><li><a href=\"https:\/\/oscarhumbertogomez.com\/?p=9928\">EL NUEVO COL\u00d3N DE AM\u00c9RICA. Por VAGO<\/a><\/li><li><a href=\"https:\/\/oscarhumbertogomez.com\/?p=8956\">Exposici\u00f3n del caricaturista santandereano KEKAR en Fusader - Tres Culturas. Por \u00d3scar Humberto G\u00f3mez G\u00f3mez<\/a><\/li><li><a href=\"https:\/\/oscarhumbertogomez.com\/?p=8500\">ATRACANDO.  Por VAGO<\/a><\/li><li><a href=\"https:\/\/oscarhumbertogomez.com\/?p=7279\">LA LEY DE LA GRAVEDAD. Por VAGO<\/a><\/li><li><a href=\"https:\/\/oscarhumbertogomez.com\/?p=7203\">EL CAMPESINO EMBEJUCAO. Por VAGO<\/a><\/li><li><a href=\"https:\/\/oscarhumbertogomez.com\/?p=7090\">\"\u00a1SER\u00c9NATE, SERENA!\". Por VAGO<\/a><\/li><li><a href=\"https:\/\/oscarhumbertogomez.com\/?p=7049\">\"S\u00cd: HAY QUE ERRADICAR LAS VENTAS AMBULANTES\". Por VAGO<\/a><\/li><li><a href=\"https:\/\/oscarhumbertogomez.com\/?p=6732\">INDIGNACI\u00d3N NACIONAL ANTE EL FALLO EN LA HAYA. Por VAGO<\/a><\/li><li><a href=\"https:\/\/oscarhumbertogomez.com\/?p=6742\">EL CAMPESINO EMBEJUCAO. Por VAGO<\/a><\/li><li><a href=\"https:\/\/oscarhumbertogomez.com\/?p=6628\">EL CAMPESINO EMBEJUCAO.  Por VAGO<\/a><\/li><li><a href=\"https:\/\/oscarhumbertogomez.com\/?p=6361\">\u00a1FELICES CUMPLEA\u00d1OS!  Por VAGO<\/a><\/li><li><a href=\"https:\/\/oscarhumbertogomez.com\/?p=6035\">ADIVINANZA. Por VAGO<\/a><\/li><li><a href=\"https:\/\/oscarhumbertogomez.com\/?p=5987\">EL CAMPESINO EMBEJUCAO. Por VAGO<\/a><\/li><li><a href=\"https:\/\/oscarhumbertogomez.com\/?p=5943\">EL CAMPESINO EMBEJUCAO.  Por VAGO<\/a><\/li><li><a href=\"https:\/\/oscarhumbertogomez.com\/?p=4949\">MANIFESTACI\u00d3N DE PROTESTA EN COSTA RICA. Por VAGO<\/a><\/li><li><a href=\"https:\/\/oscarhumbertogomez.com\/?p=4746\">EL CAMPESINO EMBEJUCAO. Por VAGO<\/a><\/li><li><a href=\"https:\/\/oscarhumbertogomez.com\/?p=4619\">REFORMA A LA LITERATURA INFANTIL COLOMBIANA. Por VAGO<\/a><\/li><li><a href=\"https:\/\/oscarhumbertogomez.com\/?p=4547\">LA CARICATURA DE LA SEMANA. Por VAGO<\/a><\/li><li><a href=\"https:\/\/oscarhumbertogomez.com\/?p=4472\">EL CAMPESINO EMBEJUCAO. Por VAGO<\/a><\/li><li><a href=\"https:\/\/oscarhumbertogomez.com\/?p=4293\">LA CUMBRE DE LAS PENAS (V). Con la actuaci\u00f3n especial de EL CAMPESINO EMBEJUCAO. Por VAGO<\/a><\/li><li><a href=\"https:\/\/oscarhumbertogomez.com\/?p=4274\">LA CUMBRE DE LAS PENAS (IV). Por VAGO<\/a><\/li><li><a href=\"https:\/\/oscarhumbertogomez.com\/?p=4172\">LA CUMBRE DE LAS PENAS (III). Por VAGO<\/a><\/li><li><a href=\"https:\/\/oscarhumbertogomez.com\/?p=4111\">LA CUMBRE DE LAS PENAS (II). Por VAGO<\/a><\/li><li><a href=\"https:\/\/oscarhumbertogomez.com\/?p=3849\">EL CAMPESINO EMBEJUCAO. Por VAGO<\/a><\/li><li><a href=\"https:\/\/oscarhumbertogomez.com\/?p=3761\">EL CAMPESINO EMBEJUCAO. Por VAGO<\/a><\/li><li><a href=\"https:\/\/oscarhumbertogomez.com\/?p=3707\">EL CAMPESINO EMBEJUCAO. Por VAGO<\/a><\/li><\/ul><\/p>\n<p>&nbsp;<\/p>\n","protected":false},"excerpt":{"rendered":"<p>&nbsp; \u00a1Hola, amigas! \u00a1Hola, amigos! La caricatura santandereana ha tenido destacados exponentes a lo largo de la historia de esta tierra. Desde Alfredo Gre\u00f1as, en esta tierra han sido varios, y muy importantes, los artistas que, vali\u00e9ndose de unos dibujos &hellip; <a href=\"https:\/\/oscarhumbertogomez.com\/?page_id=3705\">Sigue leyendo <span class=\"meta-nav\">&rarr;<\/span><\/a><\/p>\n<div class='heateorSssClear'><\/div><div  class='heateor_sss_sharing_container heateor_sss_horizontal_sharing' heateor-sss-data-href='https:\/\/oscarhumbertogomez.com\/?page_id=3705'><div class='heateor_sss_sharing_title' style=\"font-weight:bold\" >\u00a1Gracias por compartirla!<\/div><ul class=\"heateor_sss_sharing_ul\"><li class=\"heateorSssSharingRound\"><i style=\"width:35px;height:35px;border-radius:999px;\" alt=\"Facebook\" Title=\"Facebook\" class=\"heateorSssSharing heateorSssFacebookBackground\" onclick='heateorSssPopup(\"https:\/\/www.facebook.com\/sharer\/sharer.php?u=https%3A%2F%2Foscarhumbertogomez.com%2Findex.php%3Frest_route%3D%252Fwp%252Fv2%252Fpages%252F3705\")'><ss style=\"display:block;border-radius:999px;\" class=\"heateorSssSharingSvg heateorSssFacebookSvg\"><\/ss><\/i><\/li><li class=\"heateorSssSharingRound\"><i style=\"width:35px;height:35px;border-radius:999px;\" alt=\"Twitter\" Title=\"Twitter\" class=\"heateorSssSharing heateorSssTwitterBackground\" onclick='heateorSssPopup(\"http:\/\/twitter.com\/intent\/tweet?text=Caricatura&url=https%3A%2F%2Foscarhumbertogomez.com%2Findex.php%3Frest_route%3D%252Fwp%252Fv2%252Fpages%252F3705\")'><ss style=\"display:block;border-radius:999px;\" class=\"heateorSssSharingSvg heateorSssTwitterSvg\"><\/ss><\/i><\/li><li class=\"heateorSssSharingRound\"><i style=\"width:35px;height:35px;border-radius:999px;\" alt=\"Whatsapp\" Title=\"Whatsapp\" class=\"heateorSssSharing heateorSssWhatsappBackground\" onclick='heateorSssPopup(\"https:\/\/web.whatsapp.com\/send?text=Caricatura https%3A%2F%2Foscarhumbertogomez.com%2Findex.php%3Frest_route%3D%252Fwp%252Fv2%252Fpages%252F3705\")'><ss style=\"display:block\" class=\"heateorSssSharingSvg heateorSssWhatsappSvg\"><\/ss><\/i><\/li><li class=\"heateorSssSharingRound\"><i style=\"width:35px;height:35px;border-radius:999px;\" alt=\"Pinterest\" Title=\"Pinterest\" class=\"heateorSssSharing heateorSssPinterestBackground\" onclick=\"javascript:void( (function() {var e=document.createElement('script' );e.setAttribute('type','text\/javascript' );e.setAttribute('charset','UTF-8' );e.setAttribute('src','\/\/assets.pinterest.com\/js\/pinmarklet.js?r='+Math.random()*99999999);document.body.appendChild(e)})());\"><ss style=\"display:block;border-radius:999px;\" class=\"heateorSssSharingSvg heateorSssPinterestSvg\"><\/ss><\/i><\/li><li class=\"heateorSssSharingRound\"><i style=\"width:35px;height:35px;border-radius:999px;\" alt=\"Google Gmail\" Title=\"Google Gmail\" class=\"heateorSssSharing heateorSssGoogleGmailBackground\" onclick='heateorSssPopup(\"https:\/\/mail.google.com\/mail\/?ui=2&view=cm&fs=1&tf=1&su=Caricatura&body=Link:https%3A%2F%2Foscarhumbertogomez.com%2Findex.php%3Frest_route%3D%252Fwp%252Fv2%252Fpages%252F3705\")'><ss style=\"display:block;border-radius:999px;\" class=\"heateorSssSharingSvg heateorSssGoogleGmailSvg\"><\/ss><\/i><\/li><li class=\"heateorSssSharingRound\"><i style=\"width:35px;height:35px;border-radius:999px;\" title=\"More\" alt=\"More\" class=\"heateorSssSharing heateorSssMoreBackground\" onclick=\"heateorSssMoreSharingPopup(this, 'https:\/\/oscarhumbertogomez.com\/index.php?rest_route=%2Fwp%2Fv2%2Fpages%2F3705', 'Caricatura', '' )\" ><ss style=\"display:block\" class=\"heateorSssSharingSvg heateorSssMoreSvg\"><\/ss><\/i><\/li><\/ul><div class=\"heateorSssClear\"><\/div><\/div><div class='heateorSssClear'><\/div>","protected":false},"author":1,"featured_media":0,"parent":0,"menu_order":9,"comment_status":"closed","ping_status":"open","template":"","meta":{"spay_email":"","footnotes":""},"class_list":["post-3705","page","type-page","status-publish","hentry"],"jetpack_shortlink":"https:\/\/wp.me\/P1FYrr-XL","_links":{"self":[{"href":"https:\/\/oscarhumbertogomez.com\/index.php?rest_route=\/wp\/v2\/pages\/3705","targetHints":{"allow":["GET"]}}],"collection":[{"href":"https:\/\/oscarhumbertogomez.com\/index.php?rest_route=\/wp\/v2\/pages"}],"about":[{"href":"https:\/\/oscarhumbertogomez.com\/index.php?rest_route=\/wp\/v2\/types\/page"}],"author":[{"embeddable":true,"href":"https:\/\/oscarhumbertogomez.com\/index.php?rest_route=\/wp\/v2\/users\/1"}],"replies":[{"embeddable":true,"href":"https:\/\/oscarhumbertogomez.com\/index.php?rest_route=%2Fwp%2Fv2%2Fcomments&post=3705"}],"version-history":[{"count":5,"href":"https:\/\/oscarhumbertogomez.com\/index.php?rest_route=\/wp\/v2\/pages\/3705\/revisions"}],"predecessor-version":[{"id":52753,"href":"https:\/\/oscarhumbertogomez.com\/index.php?rest_route=\/wp\/v2\/pages\/3705\/revisions\/52753"}],"wp:attachment":[{"href":"https:\/\/oscarhumbertogomez.com\/index.php?rest_route=%2Fwp%2Fv2%2Fmedia&parent=3705"}],"curies":[{"name":"wp","href":"https:\/\/api.w.org\/{rel}","templated":true}]}}