{"id":43668,"date":"2023-01-17T21:02:54","date_gmt":"2023-01-18T02:02:54","guid":{"rendered":"https:\/\/oscarhumbertogomez.com\/?page_id=43668"},"modified":"2025-03-24T11:44:50","modified_gmt":"2025-03-24T16:44:50","slug":"pintura-y-escultura","status":"publish","type":"page","link":"https:\/\/oscarhumbertogomez.com\/?page_id=43668","title":{"rendered":"Pintura y escultura"},"content":{"rendered":"<div id=\"attachment_43672\" style=\"width: 809px\" class=\"wp-caption aligncenter\"><img loading=\"lazy\" decoding=\"async\" aria-describedby=\"caption-attachment-43672\" class=\"size-full wp-image-43672\" src=\"https:\/\/oscarhumbertogomez.com\/wp-content\/uploads\/2023\/01\/Taller-del-pintor-Gustave-Courbet-.jpeg\" alt=\"\" width=\"799\" height=\"471\" srcset=\"https:\/\/oscarhumbertogomez.com\/wp-content\/uploads\/2023\/01\/Taller-del-pintor-Gustave-Courbet-.jpeg 799w, https:\/\/oscarhumbertogomez.com\/wp-content\/uploads\/2023\/01\/Taller-del-pintor-Gustave-Courbet--300x177.jpeg 300w, https:\/\/oscarhumbertogomez.com\/wp-content\/uploads\/2023\/01\/Taller-del-pintor-Gustave-Courbet--768x453.jpeg 768w\" sizes=\"auto, (max-width: 799px) 100vw, 799px\" \/><p id=\"caption-attachment-43672\" class=\"wp-caption-text\">TALLER DEL PINTOR (\u00d3leo sobre lienzo). GUSTAVE FLAUBERT (1855)<\/p><\/div>\n<p>&nbsp;<\/p>\n<p>En esta secci\u00f3n de nuestro portal haremos referencia a pintores y escultores de nuestra tierra y de fuera de ella, de nuestro tiempo y de otras \u00e9pocas.<\/p>\n<p>&nbsp;<\/p>\n<h2>Archivo de entradas<\/h2>\n<p>&nbsp;<\/p>\n<ul><li><a href=\"https:\/\/oscarhumbertogomez.com\/?p=43092\">A Omar G\u00f3mez Rey. Por \u00d3scar Humberto G\u00f3mez G\u00f3mez<\/a><\/li><li><a href=\"https:\/\/oscarhumbertogomez.com\/?p=42997\">Muri\u00f3 en Alemania el pintor bumangu\u00e9s Omar G\u00f3mez Rey. Por \u00d3scar Humberto G\u00f3mez G\u00f3mez<\/a><\/li><li><a href=\"https:\/\/oscarhumbertogomez.com\/?p=41573\">Omar G\u00f3mez Rey, la presencia del arte colombiano en Alemania. Por \u00d3scar Humberto G\u00f3mez G\u00f3mez<\/a><\/li><li><a href=\"https:\/\/oscarhumbertogomez.com\/?p=39780\">A Antonio Fr\u00edo. Por \u00d3scar Humberto G\u00f3mez G\u00f3mez<\/a><\/li><li><a href=\"https:\/\/oscarhumbertogomez.com\/?p=39714\">Muri\u00f3 Antonio Fr\u00edo. Por: \u00d3scar Humberto G\u00f3mez G\u00f3mez<\/a><\/li><li><a href=\"https:\/\/oscarhumbertogomez.com\/?p=29995\">Bol\u00edvar en Zipaquir\u00e1. Por \u00d3scar Humberto G\u00f3mez G\u00f3mez<\/a><\/li><li><a href=\"https:\/\/oscarhumbertogomez.com\/?p=26423\">Fue desvelada en Zipaquir\u00e1, Colombia, \"La ofrenda del zipa Tisquesusa\", de Antonio Fr\u00edo. Por \u00d3scar Humberto G\u00f3mez G\u00f3mez<\/a><\/li><\/ul>\n<p>&nbsp;<\/p>\n","protected":false},"excerpt":{"rendered":"<p>&nbsp; En esta secci\u00f3n de nuestro portal haremos referencia a pintores y escultores de nuestra tierra y de fuera de ella, de nuestro tiempo y de otras \u00e9pocas. &nbsp; Archivo de entradas &nbsp; &nbsp;<\/p>\n<div class='heateorSssClear'><\/div><div  class='heateor_sss_sharing_container heateor_sss_horizontal_sharing' heateor-sss-data-href='https:\/\/oscarhumbertogomez.com\/?page_id=43668'><div class='heateor_sss_sharing_title' style=\"font-weight:bold\" >\u00a1Gracias por compartirla!<\/div><ul class=\"heateor_sss_sharing_ul\"><li class=\"heateorSssSharingRound\"><i style=\"width:35px;height:35px;border-radius:999px;\" alt=\"Facebook\" Title=\"Facebook\" class=\"heateorSssSharing heateorSssFacebookBackground\" onclick='heateorSssPopup(\"https:\/\/www.facebook.com\/sharer\/sharer.php?u=https%3A%2F%2Foscarhumbertogomez.com%2Findex.php%3Frest_route%3D%252Fwp%252Fv2%252Fpages%252F43668\")'><ss style=\"display:block;border-radius:999px;\" class=\"heateorSssSharingSvg heateorSssFacebookSvg\"><\/ss><\/i><\/li><li class=\"heateorSssSharingRound\"><i style=\"width:35px;height:35px;border-radius:999px;\" alt=\"Twitter\" Title=\"Twitter\" class=\"heateorSssSharing heateorSssTwitterBackground\" onclick='heateorSssPopup(\"http:\/\/twitter.com\/intent\/tweet?text=Pintura%20y%20escultura&url=https%3A%2F%2Foscarhumbertogomez.com%2Findex.php%3Frest_route%3D%252Fwp%252Fv2%252Fpages%252F43668\")'><ss style=\"display:block;border-radius:999px;\" class=\"heateorSssSharingSvg heateorSssTwitterSvg\"><\/ss><\/i><\/li><li class=\"heateorSssSharingRound\"><i style=\"width:35px;height:35px;border-radius:999px;\" alt=\"Whatsapp\" Title=\"Whatsapp\" class=\"heateorSssSharing heateorSssWhatsappBackground\" onclick='heateorSssPopup(\"https:\/\/web.whatsapp.com\/send?text=Pintura%20y%20escultura https%3A%2F%2Foscarhumbertogomez.com%2Findex.php%3Frest_route%3D%252Fwp%252Fv2%252Fpages%252F43668\")'><ss style=\"display:block\" class=\"heateorSssSharingSvg heateorSssWhatsappSvg\"><\/ss><\/i><\/li><li class=\"heateorSssSharingRound\"><i style=\"width:35px;height:35px;border-radius:999px;\" alt=\"Pinterest\" Title=\"Pinterest\" class=\"heateorSssSharing heateorSssPinterestBackground\" onclick=\"javascript:void( (function() {var e=document.createElement('script' );e.setAttribute('type','text\/javascript' );e.setAttribute('charset','UTF-8' );e.setAttribute('src','\/\/assets.pinterest.com\/js\/pinmarklet.js?r='+Math.random()*99999999);document.body.appendChild(e)})());\"><ss style=\"display:block;border-radius:999px;\" class=\"heateorSssSharingSvg heateorSssPinterestSvg\"><\/ss><\/i><\/li><li class=\"heateorSssSharingRound\"><i style=\"width:35px;height:35px;border-radius:999px;\" alt=\"Google Gmail\" Title=\"Google Gmail\" class=\"heateorSssSharing heateorSssGoogleGmailBackground\" onclick='heateorSssPopup(\"https:\/\/mail.google.com\/mail\/?ui=2&view=cm&fs=1&tf=1&su=Pintura%20y%20escultura&body=Link:https%3A%2F%2Foscarhumbertogomez.com%2Findex.php%3Frest_route%3D%252Fwp%252Fv2%252Fpages%252F43668\")'><ss style=\"display:block;border-radius:999px;\" class=\"heateorSssSharingSvg heateorSssGoogleGmailSvg\"><\/ss><\/i><\/li><li class=\"heateorSssSharingRound\"><i style=\"width:35px;height:35px;border-radius:999px;\" title=\"More\" alt=\"More\" class=\"heateorSssSharing heateorSssMoreBackground\" onclick=\"heateorSssMoreSharingPopup(this, 'https:\/\/oscarhumbertogomez.com\/index.php?rest_route=%2Fwp%2Fv2%2Fpages%2F43668', 'Pintura%20y%20escultura', '' )\" ><ss style=\"display:block\" class=\"heateorSssSharingSvg heateorSssMoreSvg\"><\/ss><\/i><\/li><\/ul><div class=\"heateorSssClear\"><\/div><\/div><div class='heateorSssClear'><\/div>","protected":false},"author":2,"featured_media":0,"parent":0,"menu_order":0,"comment_status":"closed","ping_status":"closed","template":"","meta":{"spay_email":"","footnotes":""},"class_list":["post-43668","page","type-page","status-publish","hentry"],"jetpack_shortlink":"https:\/\/wp.me\/P1FYrr-bmk","_links":{"self":[{"href":"https:\/\/oscarhumbertogomez.com\/index.php?rest_route=\/wp\/v2\/pages\/43668","targetHints":{"allow":["GET"]}}],"collection":[{"href":"https:\/\/oscarhumbertogomez.com\/index.php?rest_route=\/wp\/v2\/pages"}],"about":[{"href":"https:\/\/oscarhumbertogomez.com\/index.php?rest_route=\/wp\/v2\/types\/page"}],"author":[{"embeddable":true,"href":"https:\/\/oscarhumbertogomez.com\/index.php?rest_route=\/wp\/v2\/users\/2"}],"replies":[{"embeddable":true,"href":"https:\/\/oscarhumbertogomez.com\/index.php?rest_route=%2Fwp%2Fv2%2Fcomments&post=43668"}],"version-history":[{"count":5,"href":"https:\/\/oscarhumbertogomez.com\/index.php?rest_route=\/wp\/v2\/pages\/43668\/revisions"}],"predecessor-version":[{"id":52757,"href":"https:\/\/oscarhumbertogomez.com\/index.php?rest_route=\/wp\/v2\/pages\/43668\/revisions\/52757"}],"wp:attachment":[{"href":"https:\/\/oscarhumbertogomez.com\/index.php?rest_route=%2Fwp%2Fv2%2Fmedia&parent=43668"}],"curies":[{"name":"wp","href":"https:\/\/api.w.org\/{rel}","templated":true}]}}