{"id":437,"date":"2011-07-04T12:48:08","date_gmt":"2011-07-04T17:48:08","guid":{"rendered":"http:\/\/www.oscarhumbertogomez.com\/?page_id=437"},"modified":"2025-03-24T13:36:36","modified_gmt":"2025-03-24T18:36:36","slug":"la-pluma-ajena","status":"publish","type":"page","link":"https:\/\/oscarhumbertogomez.com\/?page_id=437","title":{"rendered":"La pluma ajena"},"content":{"rendered":"<p><a href=\"https:\/\/lapiedrafilosofal.com\/wp-content\/uploads\/2011\/07\/Snoopy.bmp\"><img decoding=\"async\" class=\"aligncenter size-full wp-image-527\" title=\"Snoopy escritor\" src=\"https:\/\/lapiedrafilosofal.com\/wp-content\/uploads\/2011\/07\/Snoopy.bmp\" alt=\"Snoopy escritor\"><\/a><\/p>\n<p>&nbsp;<\/p>\n<p>\u00a1Hola, amigas!<\/p>\n<p>\u00a1Hola, amigos!<\/p>\n<p>Esta secci\u00f3n de nuestro <em>web site<\/em> est\u00e1 destinada a publicar textos ajenos.<\/p>\n<p>&nbsp;<\/p>\n<h2>Archivo de entradas<\/h2>\n<p>&nbsp;<\/p>\n<ul><li><a href=\"https:\/\/oscarhumbertogomez.com\/?p=39013\">El comienzo federal centralista. La ideolog\u00eda liberal. Por Manuel Enrique Rey Sanmiguel<\/a><\/li><li><a href=\"https:\/\/oscarhumbertogomez.com\/?p=38877\">La verdad. Por: Leonardo Rodr\u00edguez Velasco<\/a><\/li><li><a href=\"https:\/\/oscarhumbertogomez.com\/?p=38761\">La memoria hist\u00f3rica de Bucaramanga. Por Jos\u00e9 Fernando Yepes Vel\u00e1squez<\/a><\/li><li><a href=\"https:\/\/oscarhumbertogomez.com\/?p=38865\">Zool\u00f3gico oficial. Por: Adolfo Clavijo<\/a><\/li><li><a href=\"https:\/\/oscarhumbertogomez.com\/?p=38885\">Reactor productor de vida. Por Manuel Enrique Rey Sanmiguel<\/a><\/li><li><a href=\"https:\/\/oscarhumbertogomez.com\/?p=33408\">Cartas a Tom\u00e1s. (VIII). Por: Leonardo Rodr\u00edguez V.<\/a><\/li><li><a href=\"https:\/\/oscarhumbertogomez.com\/?p=29290\">CARTAS A TOM\u00c1S. Por: Leonardo Rodr\u00edguez V.<\/a><\/li><li><a href=\"https:\/\/oscarhumbertogomez.com\/?p=28916\">CARTAS A TOM\u00c1S. Por: Leonardo Rodr\u00edguez V.<\/a><\/li><li><a href=\"https:\/\/oscarhumbertogomez.com\/?p=28103\">CARTAS A TOM\u00c1S. Por: Leonardo Rodr\u00edguez V.<\/a><\/li><li><a href=\"https:\/\/oscarhumbertogomez.com\/?p=28013\">CARTAS A TOM\u00c1S. Por: Leonardo Rodr\u00edguez V.<\/a><\/li><li><a href=\"https:\/\/oscarhumbertogomez.com\/?p=27910\">CARTAS A TOM\u00c1S. Por: Leonardo Rodr\u00edguez V.<\/a><\/li><li><a href=\"https:\/\/oscarhumbertogomez.com\/?p=27864\">CARTAS A TOM\u00c1S. Por: Leonardo Rodr\u00edguez V.<\/a><\/li><li><a href=\"https:\/\/oscarhumbertogomez.com\/?p=27814\">CARTAS A TOM\u00c1S. Por: Leonardo Rodr\u00edguez V.<\/a><\/li><li><a href=\"https:\/\/oscarhumbertogomez.com\/?p=27768\">CARTAS A TOM\u00c1S. Por: Leonardo Rodr\u00edguez V.<\/a><\/li><li><a href=\"https:\/\/oscarhumbertogomez.com\/?p=15315\">COPLAS. Por Alberto Fl\u00f3rez Fl\u00f3rez<\/a><\/li><li><a href=\"https:\/\/oscarhumbertogomez.com\/?p=15226\">La muerte de un hijo. Por H\u00e9ctor Hern\u00e1ndez Mateus<\/a><\/li><li><a href=\"https:\/\/oscarhumbertogomez.com\/?p=15152\">COPLAS. Por Alberto Fl\u00f3rez Fl\u00f3rez<\/a><\/li><li><a href=\"https:\/\/oscarhumbertogomez.com\/?p=15065\">COPLAS. Por Alberto Fl\u00f3rez Fl\u00f3rez<\/a><\/li><li><a href=\"https:\/\/oscarhumbertogomez.com\/?p=14857\">COPLAS. Por Alberto Fl\u00f3rez Fl\u00f3rez<\/a><\/li><li><a href=\"https:\/\/oscarhumbertogomez.com\/?p=14848\">COPLAS. Por Alberto Fl\u00f3rez Fl\u00f3rez<\/a><\/li><li><a href=\"https:\/\/oscarhumbertogomez.com\/?p=14647\">COPLAS. Por Alberto Fl\u00f3rez Fl\u00f3rez<\/a><\/li><li><a href=\"https:\/\/oscarhumbertogomez.com\/?p=14723\">COPLAS. Por Alberto Fl\u00f3rez Fl\u00f3rez<\/a><\/li><li><a href=\"https:\/\/oscarhumbertogomez.com\/?p=14555\">COPLAS. Por Alberto Fl\u00f3rez Fl\u00f3rez<\/a><\/li><li><a href=\"https:\/\/oscarhumbertogomez.com\/?p=13997\">Homenaje a la mujer jardine\u00f1a \/\/ REINA. Por Gabriel Jaime Valencia Lotero (Napo)<\/a><\/li><li><a href=\"https:\/\/oscarhumbertogomez.com\/?p=13924\">De Rosavictoria (*)<\/a><\/li><li><a href=\"https:\/\/oscarhumbertogomez.com\/?p=13895\">De Rosavictoria. (*)<\/a><\/li><li><a href=\"https:\/\/oscarhumbertogomez.com\/?p=13712\">Saber la ley (Derechos y deberes doctorales). De Rosavictoria Mej\u00eda de G\u00f3mez. Por \u00d3scar Humberto G\u00f3mez G\u00f3mez<\/a><\/li><li><a href=\"https:\/\/oscarhumbertogomez.com\/?p=13769\">QUI\u00c9N DIJO MIEDO. Por Manuel Enrique Rey Sanmiguel<\/a><\/li><li><a href=\"https:\/\/oscarhumbertogomez.com\/?p=13727\">ESTAD\u00cdSTICA Y REFER\u00c9NDUM. Por Manuel Enrique Rey Sanmiguel<\/a><\/li><li><a href=\"https:\/\/oscarhumbertogomez.com\/?p=13639\">DELIRIUM TREMENS. Por Gabriel Jaime Valencia Lotero (Napo)<\/a><\/li><li><a href=\"https:\/\/oscarhumbertogomez.com\/?p=13329\">Sigmund Freud. La guerra es inevitable: la hacen los pol\u00edticos. Por Manuel Enrique Rey Sanmiguel<\/a><\/li><li><a href=\"https:\/\/oscarhumbertogomez.com\/?p=13125\">Los ni\u00f1os migrantes. Por Fernando Rueda V.<\/a><\/li><li><a href=\"https:\/\/oscarhumbertogomez.com\/?p=13112\">COPLAS. Por Alberto Fl\u00f3rez Fl\u00f3rez<\/a><\/li><li><a href=\"https:\/\/oscarhumbertogomez.com\/?p=13106\">Hierve la tierra y desaparece el agua. Por Rafael Serrano Prada<\/a><\/li><li><a href=\"https:\/\/oscarhumbertogomez.com\/?p=12951\">Un caf\u00e9. Por Fernando Rueda V.<\/a><\/li><li><a href=\"https:\/\/oscarhumbertogomez.com\/?p=12761\">Guerra del agua apenas comienza. Por Rafael Serrano Prada<\/a><\/li><li><a href=\"https:\/\/oscarhumbertogomez.com\/?p=12738\">La felicidad. Por Fernando Rueda V.<\/a><\/li><li><a href=\"https:\/\/oscarhumbertogomez.com\/?p=12742\">Bella fiesta valedera (COPLAS). Por Alberto Fl\u00f3rez Fl\u00f3rez<\/a><\/li><li><a href=\"https:\/\/oscarhumbertogomez.com\/?p=12719\">Modelos de crecimiento y poder. Por Manuel Enrique Rey Sanmiguel<\/a><\/li><li><a href=\"https:\/\/oscarhumbertogomez.com\/?p=12590\">Por un fuero disciplinario para los abogados litigantes. Por Rom\u00e1n Casta\u00f1o Ochoa<\/a><\/li><li><a href=\"https:\/\/oscarhumbertogomez.com\/?p=12495\">Hace 100 a\u00f1os. Por Manuel Enrique Rey Sanmiguel<\/a><\/li><li><a href=\"https:\/\/oscarhumbertogomez.com\/?p=12519\">Coplas. Por Alberto Fl\u00f3rez Fl\u00f3rez<\/a><\/li><li><a href=\"https:\/\/oscarhumbertogomez.com\/?p=12500\">Mensaje de don H\u00e9ctor Hern\u00e1ndez Mateus, alma y vida del Campeonato Metropolitano de Bolo Criollo de Bucaramanga, a \u00d3scar Humberto G\u00f3mez G\u00f3mez<\/a><\/li><li><a href=\"https:\/\/oscarhumbertogomez.com\/?p=12433\">EL BOLO CRIOLLO, DE BODAS DE PLATA. Por H\u00e9ctor Hern\u00e1ndez Mateus<\/a><\/li><li><a href=\"https:\/\/oscarhumbertogomez.com\/?p=12472\">COPLAS. Por Alberto Fl\u00f3rez Fl\u00f3rez<\/a><\/li><li><a href=\"https:\/\/oscarhumbertogomez.com\/?p=12406\">Tragedia ambiental. Por Claudio Beltr\u00e1n Quesada<\/a><\/li><li><a href=\"https:\/\/oscarhumbertogomez.com\/?p=12333\">D\u00cdA MUNDIAL DEL MEDIO AMBIENTE. Por H\u00e9ctor Hern\u00e1ndez Mateus<\/a><\/li><li><a href=\"https:\/\/oscarhumbertogomez.com\/?p=12292\">MANUEL RUEDA RUEDA. Por Fernando Rueda Villamizar<\/a><\/li><li><a href=\"https:\/\/oscarhumbertogomez.com\/?p=12280\">LA ELECCI\u00d3N. An\u00f3nimo<\/a><\/li><li><a href=\"https:\/\/oscarhumbertogomez.com\/?p=12086\">MADRE, LL\u00c9VAME A LA CAMA. Por Miguel de Unamuno<\/a><\/li><li><a href=\"https:\/\/oscarhumbertogomez.com\/?p=12101\">Madres del mundo. Por Alberto Fl\u00f3rez Fl\u00f3rez<\/a><\/li><li><a href=\"https:\/\/oscarhumbertogomez.com\/?p=12075\">A prop\u00f3sito de \"La cometa\". Por Alberto Fl\u00f3rez Fl\u00f3rez<\/a><\/li><li><a href=\"https:\/\/oscarhumbertogomez.com\/?p=12008\">TERPEL, en manos de inversionistas extranjeros. Por Rafael Serrano Prada<\/a><\/li><li><a href=\"https:\/\/oscarhumbertogomez.com\/?p=11891\">23 de abril, D\u00eda del Idioma Espa\u00f1ol. Por Manuel Enrique Rey Sanmiguel<\/a><\/li><li><a href=\"https:\/\/oscarhumbertogomez.com\/?p=11774\">A Carlos Eslava. Por Alberto Fl\u00f3rez Fl\u00f3rez<\/a><\/li><li><a href=\"https:\/\/oscarhumbertogomez.com\/?p=11752\">Nuestro homenaje al maestro Carlos Eslava. Por Rafael Serrano Prada<\/a><\/li><li><a href=\"https:\/\/oscarhumbertogomez.com\/?p=11755\">Periodismo y abogac\u00eda: \u00bfprofesiones con mordaza? Por H\u00e9ctor Hern\u00e1ndez Mateus<\/a><\/li><li><a href=\"https:\/\/oscarhumbertogomez.com\/?p=11760\">Casa Vieja. Por Alberto Fl\u00f3rez Fl\u00f3rez<\/a><\/li><li><a href=\"https:\/\/oscarhumbertogomez.com\/?p=11783\">\u00bfA d\u00f3nde ir esta Semana Santa? Por Manuel Enrique Rey Sanmiguel<\/a><\/li><li><a href=\"https:\/\/oscarhumbertogomez.com\/?p=11600\">Bandera verde. Por Alberto Fl\u00f3rez Fl\u00f3rez<\/a><\/li><li><a href=\"https:\/\/oscarhumbertogomez.com\/?p=11592\">EL MAYOR DE MUTISCUA. Por Donaldo Ortiz Latorre<\/a><\/li><li><a href=\"https:\/\/oscarhumbertogomez.com\/?p=11580\">Democracia y totalitarismo. Por Manuel Enrique Rey Sanmiguel<\/a><\/li><li><a href=\"https:\/\/oscarhumbertogomez.com\/?p=11542\">La Insurrecci\u00f3n de los Comuneros. Socorro \/ Santander. 16 de marzo de 1781. Por \u00d3scar Humberto G\u00f3mez G\u00f3mez<\/a><\/li><li><a href=\"https:\/\/oscarhumbertogomez.com\/?p=11441\">Descuidos de la CDMB que producen tragedias. Por Rafael Serrano Prada<\/a><\/li><li><a href=\"https:\/\/oscarhumbertogomez.com\/?p=11398\">El futuro de la abogac\u00eda. Por Javier Cremades<\/a><\/li><li><a href=\"https:\/\/oscarhumbertogomez.com\/?p=11292\">COPLAS CULTURALES. Por Alberto Fl\u00f3rez Fl\u00f3rez<\/a><\/li><li><a href=\"https:\/\/oscarhumbertogomez.com\/?p=11260\">A TONA. Por Alberto Fl\u00f3rez Fl\u00f3rez<\/a><\/li><li><a href=\"https:\/\/oscarhumbertogomez.com\/?p=11223\">\"Oro en polvo\", de Julio Fl\u00f3rez. Por \u00d3scar Humberto G\u00f3mez G\u00f3mez<\/a><\/li><li><a href=\"https:\/\/oscarhumbertogomez.com\/?p=11208\">Los \"Supremos\" tiranos. Por Manuel Enrique Rey Sanmiguel<\/a><\/li><li><a href=\"https:\/\/oscarhumbertogomez.com\/?p=11186\">\"El que nunca ha sido cosa\". Por \u00d3scar Humberto G\u00f3mez G\u00f3mez<\/a><\/li><li><a href=\"https:\/\/oscarhumbertogomez.com\/?p=11153\">Solo a m\u00ed yo me fui fiel. Por Gabriel Jaime Valencia Lotero (Napo)<\/a><\/li><li><a href=\"https:\/\/oscarhumbertogomez.com\/?p=11126\">Ciencia y poder. Por Manuel Enrique Rey Sanmiguel<\/a><\/li><li><a href=\"https:\/\/oscarhumbertogomez.com\/?p=10919\">BUCARAMANGA. Por Jos\u00e9 Manuel Guaracao Gonz\u00e1lez<\/a><\/li><li><a href=\"https:\/\/oscarhumbertogomez.com\/?p=11009\">SANDOR MARAI VIVE. Por Manuel Enrique Rey Sanmiguel<\/a><\/li><li><a href=\"https:\/\/oscarhumbertogomez.com\/?p=10798\">Coplas. Por Alberto Fl\u00f3rez Fl\u00f3rez<\/a><\/li><li><a href=\"https:\/\/oscarhumbertogomez.com\/?p=10440\">COPLAS. Por Alberto Fl\u00f3rez Fl\u00f3rez<\/a><\/li><li><a href=\"https:\/\/oscarhumbertogomez.com\/?p=10431\">COPLAS. Por Alberto Fl\u00f3rez Fl\u00f3rez<\/a><\/li><li><a href=\"https:\/\/oscarhumbertogomez.com\/?p=10201\">POES\u00cdA SANTANDEREANA (VII). Por \u00d3scar Humberto G\u00f3mez G\u00f3mez<\/a><\/li><li><a href=\"https:\/\/oscarhumbertogomez.com\/?p=10167\">LA CONCILIACI\u00d3N EN EQUIDAD. Por H\u00e9ctor Hern\u00e1ndez Mateus<\/a><\/li><li><a href=\"https:\/\/oscarhumbertogomez.com\/?p=10134\">LA EDAD DE ORO. (Fragmentos). Por Jos\u00e9 Mart\u00ed<\/a><\/li><li><a href=\"https:\/\/oscarhumbertogomez.com\/?p=9735\">COPLAS. Por Alberto Fl\u00f3rez Fl\u00f3rez<\/a><\/li><li><a href=\"https:\/\/oscarhumbertogomez.com\/?p=9774\">LA CIENCIA Y LA GUERRA. Por Manuel Enrique Rey Sanmiguel<\/a><\/li><li><a href=\"https:\/\/oscarhumbertogomez.com\/?p=9183\">POES\u00cdA SANTANDEREANA (VI). Por \u00d3scar Humberto G\u00f3mez G\u00f3mez<\/a><\/li><li><a href=\"https:\/\/oscarhumbertogomez.com\/?p=9595\">Somos subsidio. Por Manuel Enrique Rey Sanmiguel<\/a><\/li><li><a href=\"https:\/\/oscarhumbertogomez.com\/?p=9484\">Navidad. Por Gabriel Jaime Valencia Lotero (Napo)<\/a><\/li><li><a href=\"https:\/\/oscarhumbertogomez.com\/?p=9425\">Recuerdo gaucho. Por Gabriel Jaime Valencia Lotero (Napo)<\/a><\/li><li><a href=\"https:\/\/oscarhumbertogomez.com\/?p=9402\">A la memoria de Carlos Gabriel Acevedo \u00c1lvarez. Por Manuel Enrique Rey Sanmiguel<\/a><\/li><li><a href=\"https:\/\/oscarhumbertogomez.com\/?p=9145\">POES\u00cdA SANTANDEREANA (IV). Por \u00d3scar Humberto G\u00f3mez G\u00f3mez<\/a><\/li><li><a href=\"https:\/\/oscarhumbertogomez.com\/?p=9114\">Extrav\u00edo. Por Gabriel Jaime Valencia Lotero (Napo)<\/a><\/li><li><a href=\"https:\/\/oscarhumbertogomez.com\/?p=9021\">\u00bfQui\u00e9n controla a los taxistas? Por Nubia Rojas. <\/a><\/li><li><a href=\"https:\/\/oscarhumbertogomez.com\/?p=8804\">Los alimentos que curan. Por el ingeniero agr\u00f3nomo Rigoberto Abello Soto<\/a><\/li><li><a href=\"https:\/\/oscarhumbertogomez.com\/?p=8777\">POES\u00cdA SANTANDEREANA (III). Por \u00d3scar Humberto G\u00f3mez G\u00f3mez<\/a><\/li><li><a href=\"https:\/\/oscarhumbertogomez.com\/?p=8624\">So\u00f1ador. Por Gabriel Jaime Valencia Lotero (Napo)<\/a><\/li><li><a href=\"https:\/\/oscarhumbertogomez.com\/?p=8476\">El trompeta. Por Rafael Pombo<\/a><\/li><li><a href=\"https:\/\/oscarhumbertogomez.com\/?p=8056\">ENCOMIO DEL DOCTOR ALFONSO G\u00d3MEZ G\u00d3MEZ. Por Manuel Enrique Rey Sanmiguel<\/a><\/li><li><a href=\"https:\/\/oscarhumbertogomez.com\/?p=7807\">Ten piedad de m\u00ed. Por Jorge Isaacs<\/a><\/li><li><a href=\"https:\/\/oscarhumbertogomez.com\/?p=7756\">D\u00eda Mundial de la Poes\u00eda. Por Manuel Enrique Rey Sanmiguel<\/a><\/li><li><a href=\"https:\/\/oscarhumbertogomez.com\/?p=7693\">JESUCRISTO. Por Marco Fidel Su\u00e1rez<\/a><\/li><li><a href=\"https:\/\/oscarhumbertogomez.com\/?p=7676\">\"EL DOCTOR GOYENECHE\". Por ANDR\u00c9S OSPINA. Nota introductoria y pies de foto: \u00d3scar Humberto G\u00f3mez G\u00f3mez<\/a><\/li><li><a href=\"https:\/\/oscarhumbertogomez.com\/?p=7613\">Mi primera imagen de la Semana Mayor. Por Manuel Enrique Rey Sanmiguel<\/a><\/li><li><a href=\"https:\/\/oscarhumbertogomez.com\/?p=7440\">POES\u00cdA SANTANDEREANA (II). Por \u00d3scar Humberto G\u00f3mez G\u00f3mez<\/a><\/li><li><a href=\"https:\/\/oscarhumbertogomez.com\/?p=7397\">La generaci\u00f3n monedero. Por Manuel Enrique Rey Sanmiguel<\/a><\/li><li><a href=\"https:\/\/oscarhumbertogomez.com\/?p=7387\">Un santandereano a carta cabal. Por Fabio Torres Barrera<\/a><\/li><li><a href=\"https:\/\/oscarhumbertogomez.com\/?p=7367\">Al reci\u00e9n nacido. Por Louis Ratisbonne<\/a><\/li><li><a href=\"https:\/\/oscarhumbertogomez.com\/?p=7308\">Me enamora lo triste. Por Gabriel Jaime Valencia Lotero (Napo)<\/a><\/li><li><a href=\"https:\/\/oscarhumbertogomez.com\/?p=7138\">Armaged\u00f3n. Por Gabriel Jaime Valencia Lotero (Napo)<\/a><\/li><li><a href=\"https:\/\/oscarhumbertogomez.com\/?p=7082\">Ya es hora de irme. Por Gabriel Jaime Valencia Lotero (Napo)<\/a><\/li><li><a href=\"https:\/\/oscarhumbertogomez.com\/?p=7079\">Creencias, fanatismo y violencia. Por Gustavo Estrada<\/a><\/li><li><a href=\"https:\/\/oscarhumbertogomez.com\/?p=6859\">La gran profec\u00eda. Por Manuel Enrique Rey Sanmiguel<\/a><\/li><li><a href=\"https:\/\/oscarhumbertogomez.com\/?p=6748\">Un ejemplo de mala administraci\u00f3n p\u00fablica.  Por Armando Mart\u00ednez Garnica, presidente de la Academia de Historia de Santander<\/a><\/li><li><a href=\"https:\/\/oscarhumbertogomez.com\/?p=6639\">\"LA GRAN DESGRACIA\", EL GENIAL POEMA DE RICARDO PALMA. Por \u00d3scar Humberto G\u00f3mez G\u00f3mez<\/a><\/li><li><a href=\"https:\/\/oscarhumbertogomez.com\/?p=6609\">Pap\u00e1 Noel. Por Manuel Enrique Rey Sanmiguel<\/a><\/li><li><a href=\"https:\/\/oscarhumbertogomez.com\/?p=6547\">La salvaje esperanza. Por Gonzalo Arango<\/a><\/li><li><a href=\"https:\/\/oscarhumbertogomez.com\/?p=6136\">EL PREMIO NOBEL DE F\u00cdSICA 2012. Por Manuel Enrique Rey Sanmiguel<\/a><\/li><li><a href=\"https:\/\/oscarhumbertogomez.com\/?p=5194\">In Memoriam. Por Manuel Enrique Rey<\/a><\/li><li><a href=\"https:\/\/oscarhumbertogomez.com\/?p=5098\">La verg\u00fcenza nacional (An\u00f3nimo)<\/a><\/li><li><a href=\"https:\/\/oscarhumbertogomez.com\/?p=4982\">Los Ol\u00edmpicos, cultura que valora la perfecci\u00f3n f\u00edsica y mental. Por Manuel Enrique Rey Sanmiguel<\/a><\/li><li><a href=\"https:\/\/oscarhumbertogomez.com\/?p=4641\">El mancillado verbo irrogar. Por Manuel Enrique Rey Sanmiguel<\/a><\/li><li><a href=\"https:\/\/oscarhumbertogomez.com\/?p=4560\">\u00a1Feliz D\u00eda del Padre! Por Manuel Enrique Rey Sanmiguel<\/a><\/li><li><a href=\"https:\/\/oscarhumbertogomez.com\/?p=4532\">Pliego de peticiones. Por Manuel Enrique Rey Sanmiguel<\/a><\/li><li><a href=\"https:\/\/oscarhumbertogomez.com\/?p=4464\">Lo transicional, t\u00e9rmino para a\u00f1adir a un diccionario por la paz. Por Manuel Enrique Rey Sanmiguel<\/a><\/li><li><a href=\"https:\/\/oscarhumbertogomez.com\/?p=4408\">Inmovilidad automotriz y siembra de \u00e1rboles, prop\u00f3sitos humanitarios. Por Manuel Enrique Rey Sanmiguel<\/a><\/li><li><a href=\"https:\/\/oscarhumbertogomez.com\/?p=4400\">La conciliaci\u00f3n en Equidad. Por H\u00e9ctor Hern\u00e1ndez Mateus<\/a><\/li><li><a href=\"https:\/\/oscarhumbertogomez.com\/?p=4375\">D\u00cdA DEL BOLO CRIOLLO. Por H\u00e9ctor Hern\u00e1ndez Mateus<\/a><\/li><li><a href=\"https:\/\/oscarhumbertogomez.com\/?p=4337\">Homo sapiens, \u00fanica especie que secuestra. Por Manuel Enrique Rey Sanmiguel<\/a><\/li><li><a href=\"https:\/\/oscarhumbertogomez.com\/?p=4310\">ROSAS DE MI PUEBLO. Por Gabriel Jaime Valencia Lotero (Napo)<\/a><\/li><li><a href=\"https:\/\/oscarhumbertogomez.com\/?p=4300\">Llamado de atenci\u00f3n a presidentes republicanos \u00e1vidos de dinero captado por una impopular tributaci\u00f3n. Por Manuel Enrique Rey<\/a><\/li><li><a href=\"https:\/\/oscarhumbertogomez.com\/?p=4288\">La ubicuidad en Carlos Fuentes. Por Manuel Enrique Rey Sanmiguel<\/a><\/li><li><a href=\"https:\/\/oscarhumbertogomez.com\/?p=4214\">Un presidente impopular entre los viejitos. Por Manuel Enrique Rey Sanmiguel<\/a><\/li><li><a href=\"https:\/\/oscarhumbertogomez.com\/?p=4160\">Meridiano 82. Por Manuel Enrique Rey Sanmiguel<\/a><\/li><li><a href=\"https:\/\/oscarhumbertogomez.com\/?p=4122\">Tu abismo y el m\u00edo. Por Gabriel Jaime Valencia Lotero (Napo)<\/a><\/li><li><a href=\"https:\/\/oscarhumbertogomez.com\/?p=4041\">El nuevo populismo en Europa. Por Manuel Enrique Rey Sanmiguel<\/a><\/li><li><a href=\"https:\/\/oscarhumbertogomez.com\/?p=4009\">La Conciliaci\u00f3n en Equidad (II). Por H\u00e9ctor Hern\u00e1ndez Mateus<\/a><\/li><li><a href=\"https:\/\/oscarhumbertogomez.com\/?p=3858\">El olvido de la ense\u00f1anza de la Historia. Por Manuel Enrique Rey Sanmiguel<\/a><\/li><li><a href=\"https:\/\/oscarhumbertogomez.com\/?p=3791\">La conciliaci\u00f3n en equidad. Por H\u00e9ctor Hern\u00e1ndez Mateus<\/a><\/li><li><a href=\"https:\/\/oscarhumbertogomez.com\/?p=3721\">Hast\u00edo. Por Gabriel Jaime Valencia Lotero (Napo)<\/a><\/li><li><a href=\"https:\/\/oscarhumbertogomez.com\/?p=3669\">Esposa. Por Gabriel Valencia Lotero (Napo)<\/a><\/li><li><a href=\"https:\/\/oscarhumbertogomez.com\/?p=3623\">H\u00e9ctor Hern\u00e1ndez Mateus se vincula a nuestro portal<\/a><\/li><li><a href=\"https:\/\/oscarhumbertogomez.com\/?p=3547\">Elevaci\u00f3n. Por Gabriel Valencia Lotero (Napo)<\/a><\/li><li><a href=\"https:\/\/oscarhumbertogomez.com\/?p=3508\">Alfonsina Storni. Por Gabriel Jaime Valencia Lotero (Napo)<\/a><\/li><li><a href=\"https:\/\/oscarhumbertogomez.com\/?p=3391\">Arquitectura. Por Gabriel Jaime Valencia (Napo)<\/a><\/li><li><a href=\"https:\/\/oscarhumbertogomez.com\/?p=3312\">Historia del \u00c1lbum Musical de Colombia. Por V\u00edctor Su\u00e1rez<\/a><\/li><li><a href=\"https:\/\/oscarhumbertogomez.com\/?p=3114\">Cuando todo parezca. Por Gabriel Jaime Valencia (Napo)<\/a><\/li><li><a href=\"https:\/\/oscarhumbertogomez.com\/?p=3011\">POST MORTEM. Por Gabriel Jaime Valencia (Napo)<\/a><\/li><li><a href=\"https:\/\/oscarhumbertogomez.com\/?p=3001\">Ego\u00edsmo. Por Gabriel Jaime Valencia (Napo)<\/a><\/li><li><a href=\"https:\/\/oscarhumbertogomez.com\/?p=2973\">\u00a1Ser peque\u00f1o es mejor! Por Gabriel Jaime Valencia (Napo)<\/a><\/li><li><a href=\"https:\/\/oscarhumbertogomez.com\/?p=2493\">TRES POETAS SANTANDEREANOS. Por \u00d3scar Humberto G\u00f3mez G\u00f3mez<\/a><\/li><li><a href=\"https:\/\/oscarhumbertogomez.com\/?p=2144\">TRISTES SUE\u00d1OS, de Fernando Puyana Villamizar. Por \u00d3scar Humberto G\u00f3mez G\u00f3mez<\/a><\/li><li><a href=\"https:\/\/oscarhumbertogomez.com\/?p=1648\">Adi\u00f3s a mi gran amigo Jorge Iv\u00e1n Arango. Por Jorge Arturo Rodr\u00edguez Mart\u00ednez<\/a><\/li><li><a href=\"https:\/\/oscarhumbertogomez.com\/?p=1962\">Tres relatos del escritor salvadore\u00f1o \u00d3scar G\u00f3mez<\/a><\/li><li><a href=\"https:\/\/oscarhumbertogomez.com\/?p=1304\">CARTA AL MAESTRO. Por Fernando Puyana Villamizar<\/a><\/li><li><a href=\"https:\/\/oscarhumbertogomez.com\/?p=786\">Salvar la Apost\u00f3lica de Zapatoca. Por Alejandro G\u00f3mez Lamus<\/a><\/li><\/ul>\n<p>&nbsp;<\/p>\n","protected":false},"excerpt":{"rendered":"<p>&nbsp; \u00a1Hola, amigas! \u00a1Hola, amigos! Esta secci\u00f3n de nuestro web site est\u00e1 destinada a publicar textos ajenos. &nbsp; Archivo de entradas &nbsp; &nbsp;<\/p>\n<div class='heateorSssClear'><\/div><div  class='heateor_sss_sharing_container heateor_sss_horizontal_sharing' heateor-sss-data-href='https:\/\/oscarhumbertogomez.com\/?page_id=437'><div class='heateor_sss_sharing_title' style=\"font-weight:bold\" >\u00a1Gracias por compartirla!<\/div><ul class=\"heateor_sss_sharing_ul\"><li class=\"heateorSssSharingRound\"><i style=\"width:35px;height:35px;border-radius:999px;\" alt=\"Facebook\" Title=\"Facebook\" class=\"heateorSssSharing heateorSssFacebookBackground\" onclick='heateorSssPopup(\"https:\/\/www.facebook.com\/sharer\/sharer.php?u=https%3A%2F%2Foscarhumbertogomez.com%2Findex.php%3Frest_route%3D%252Fwp%252Fv2%252Fpages%252F437\")'><ss style=\"display:block;border-radius:999px;\" class=\"heateorSssSharingSvg heateorSssFacebookSvg\"><\/ss><\/i><\/li><li class=\"heateorSssSharingRound\"><i style=\"width:35px;height:35px;border-radius:999px;\" alt=\"Twitter\" Title=\"Twitter\" class=\"heateorSssSharing heateorSssTwitterBackground\" onclick='heateorSssPopup(\"http:\/\/twitter.com\/intent\/tweet?text=La%20pluma%20ajena&url=https%3A%2F%2Foscarhumbertogomez.com%2Findex.php%3Frest_route%3D%252Fwp%252Fv2%252Fpages%252F437\")'><ss style=\"display:block;border-radius:999px;\" class=\"heateorSssSharingSvg heateorSssTwitterSvg\"><\/ss><\/i><\/li><li class=\"heateorSssSharingRound\"><i style=\"width:35px;height:35px;border-radius:999px;\" alt=\"Whatsapp\" Title=\"Whatsapp\" class=\"heateorSssSharing heateorSssWhatsappBackground\" onclick='heateorSssPopup(\"https:\/\/web.whatsapp.com\/send?text=La%20pluma%20ajena https%3A%2F%2Foscarhumbertogomez.com%2Findex.php%3Frest_route%3D%252Fwp%252Fv2%252Fpages%252F437\")'><ss style=\"display:block\" class=\"heateorSssSharingSvg heateorSssWhatsappSvg\"><\/ss><\/i><\/li><li class=\"heateorSssSharingRound\"><i style=\"width:35px;height:35px;border-radius:999px;\" alt=\"Pinterest\" Title=\"Pinterest\" class=\"heateorSssSharing heateorSssPinterestBackground\" onclick=\"javascript:void( (function() {var e=document.createElement('script' );e.setAttribute('type','text\/javascript' );e.setAttribute('charset','UTF-8' );e.setAttribute('src','\/\/assets.pinterest.com\/js\/pinmarklet.js?r='+Math.random()*99999999);document.body.appendChild(e)})());\"><ss style=\"display:block;border-radius:999px;\" class=\"heateorSssSharingSvg heateorSssPinterestSvg\"><\/ss><\/i><\/li><li class=\"heateorSssSharingRound\"><i style=\"width:35px;height:35px;border-radius:999px;\" alt=\"Google Gmail\" Title=\"Google Gmail\" class=\"heateorSssSharing heateorSssGoogleGmailBackground\" onclick='heateorSssPopup(\"https:\/\/mail.google.com\/mail\/?ui=2&view=cm&fs=1&tf=1&su=La%20pluma%20ajena&body=Link:https%3A%2F%2Foscarhumbertogomez.com%2Findex.php%3Frest_route%3D%252Fwp%252Fv2%252Fpages%252F437\")'><ss style=\"display:block;border-radius:999px;\" class=\"heateorSssSharingSvg heateorSssGoogleGmailSvg\"><\/ss><\/i><\/li><li class=\"heateorSssSharingRound\"><i style=\"width:35px;height:35px;border-radius:999px;\" title=\"More\" alt=\"More\" class=\"heateorSssSharing heateorSssMoreBackground\" onclick=\"heateorSssMoreSharingPopup(this, 'https:\/\/oscarhumbertogomez.com\/index.php?rest_route=%2Fwp%2Fv2%2Fpages%2F437', 'La%20pluma%20ajena', '' )\" ><ss style=\"display:block\" class=\"heateorSssSharingSvg heateorSssMoreSvg\"><\/ss><\/i><\/li><\/ul><div class=\"heateorSssClear\"><\/div><\/div><div class='heateorSssClear'><\/div>","protected":false},"author":1,"featured_media":0,"parent":0,"menu_order":10,"comment_status":"closed","ping_status":"closed","template":"","meta":{"spay_email":"","footnotes":""},"class_list":["post-437","page","type-page","status-publish","hentry"],"jetpack_shortlink":"https:\/\/wp.me\/P1FYrr-73","_links":{"self":[{"href":"https:\/\/oscarhumbertogomez.com\/index.php?rest_route=\/wp\/v2\/pages\/437","targetHints":{"allow":["GET"]}}],"collection":[{"href":"https:\/\/oscarhumbertogomez.com\/index.php?rest_route=\/wp\/v2\/pages"}],"about":[{"href":"https:\/\/oscarhumbertogomez.com\/index.php?rest_route=\/wp\/v2\/types\/page"}],"author":[{"embeddable":true,"href":"https:\/\/oscarhumbertogomez.com\/index.php?rest_route=\/wp\/v2\/users\/1"}],"replies":[{"embeddable":true,"href":"https:\/\/oscarhumbertogomez.com\/index.php?rest_route=%2Fwp%2Fv2%2Fcomments&post=437"}],"version-history":[{"count":4,"href":"https:\/\/oscarhumbertogomez.com\/index.php?rest_route=\/wp\/v2\/pages\/437\/revisions"}],"predecessor-version":[{"id":52775,"href":"https:\/\/oscarhumbertogomez.com\/index.php?rest_route=\/wp\/v2\/pages\/437\/revisions\/52775"}],"wp:attachment":[{"href":"https:\/\/oscarhumbertogomez.com\/index.php?rest_route=%2Fwp%2Fv2%2Fmedia&parent=437"}],"curies":[{"name":"wp","href":"https:\/\/api.w.org\/{rel}","templated":true}]}}