{"id":52895,"date":"2025-03-25T16:18:52","date_gmt":"2025-03-25T21:18:52","guid":{"rendered":"https:\/\/oscarhumbertogomez.com\/?page_id=52895"},"modified":"2025-03-26T19:10:33","modified_gmt":"2025-03-27T00:10:33","slug":"veterinaria","status":"publish","type":"page","link":"https:\/\/oscarhumbertogomez.com\/?page_id=52895","title":{"rendered":"Veterinaria"},"content":{"rendered":"<p><img loading=\"lazy\" decoding=\"async\" class=\"aligncenter size-large wp-image-53001\" src=\"https:\/\/oscarhumbertogomez.com\/wp-content\/uploads\/2025\/03\/MONUMENTO-A-CLAUDE-BOURGELAT--768x1024.jpeg\" alt=\"\" width=\"640\" height=\"853\" srcset=\"https:\/\/oscarhumbertogomez.com\/wp-content\/uploads\/2025\/03\/MONUMENTO-A-CLAUDE-BOURGELAT--768x1024.jpeg 768w, https:\/\/oscarhumbertogomez.com\/wp-content\/uploads\/2025\/03\/MONUMENTO-A-CLAUDE-BOURGELAT--225x300.jpeg 225w, https:\/\/oscarhumbertogomez.com\/wp-content\/uploads\/2025\/03\/MONUMENTO-A-CLAUDE-BOURGELAT--1152x1536.jpeg 1152w, https:\/\/oscarhumbertogomez.com\/wp-content\/uploads\/2025\/03\/MONUMENTO-A-CLAUDE-BOURGELAT--1536x2048.jpeg 1536w, https:\/\/oscarhumbertogomez.com\/wp-content\/uploads\/2025\/03\/MONUMENTO-A-CLAUDE-BOURGELAT--scaled.jpeg 1920w\" sizes=\"auto, (max-width: 640px) 100vw, 640px\" \/><\/p>\n<p>&nbsp;<\/p>\n<p>En las \u00faltimas horas acabamos de abrir una nueva secci\u00f3n dentro de nuestro portal: la secci\u00f3n de Veterinaria.<\/p>\n<p>Curiosamente, el padre de la Veterinaria fue un abogado.<\/p>\n<p>S\u00ed, fue el abogado franc\u00e9s CLAUDE BOURGELAT, quien vivi\u00f3 en el siglo XVIII (a\u00f1os 1700), el fundador de la primera facultad de Veterinaria que hubo en el mundo. La fund\u00f3 en Lyon, Francia.<\/p>\n<p>&nbsp;<\/p>\n<p><img loading=\"lazy\" decoding=\"async\" class=\"aligncenter size-full wp-image-53000\" src=\"https:\/\/oscarhumbertogomez.com\/wp-content\/uploads\/2025\/03\/CLAUDE-BOURGELAT-.jpeg\" alt=\"\" width=\"400\" height=\"303\" srcset=\"https:\/\/oscarhumbertogomez.com\/wp-content\/uploads\/2025\/03\/CLAUDE-BOURGELAT-.jpeg 400w, https:\/\/oscarhumbertogomez.com\/wp-content\/uploads\/2025\/03\/CLAUDE-BOURGELAT--300x227.jpeg 300w\" sizes=\"auto, (max-width: 400px) 100vw, 400px\" \/><\/p>\n<p>&nbsp;<\/p>\n<p>Pero no se piense que esta profesi\u00f3n siempre se llam\u00f3 as\u00ed y que quienes la ejercen tambi\u00e9n se llamaron siempre veterinarios.<\/p>\n<p>En efecto, nuestro idioma espa\u00f1ol no solo se nutri\u00f3 del lat\u00edn y el griego, sino tambi\u00e9n del \u00e1rabe. De hecho, son m\u00faltiples las palabras actuales de nuestra lengua que son de procedencia ar\u00e1biga, como por ejemplo la popular almoj\u00e1bana. Otras palabras de esa procedencia, en cambio, desaparecieron, al igual que ocurri\u00f3 con muchas otras originarias del lat\u00edn y del griego. Las razones de esa desaparici\u00f3n han sido materia de interesantes estudios.<\/p>\n<p>Tal y como sucedi\u00f3 con las palabras, igual ocurri\u00f3 con algunas profesiones, artes y oficios. Actividades humanas que llegaron a tener gran popularidad, con el paso del tiempo fueron siendo ejercidas cada vez menos hasta que finalmente dejaron de existir.<\/p>\n<p>En cambio, hubo profesiones, artes y oficios que no es que hayan desaparecido, sino que sufrieron el cambio de su nombre, precisamente en raz\u00f3n a la desaparici\u00f3n de aquella palabra con la cual se les estuvo designando a lo largo de los siglos. En otros casos, el nombre con que una profesi\u00f3n fue conocida por siglos termin\u00f3 quedando exclusivamente para el uso culto.<\/p>\n<p>Lo \u00faltimo acaeci\u00f3 con la profesi\u00f3n dedicada al cuidado de la salud de los animales.<\/p>\n<p>Y es que la palabra con la que se designaba a quien atend\u00eda a los animales en sus quebrantos de salud era alb\u00e9itar y a la actividad a la cual se dedicaba el alb\u00e9itar se le llamaba &#8220;albeiter\u00eda&#8221;.<\/p>\n<p>&nbsp;<\/p>\n<p><img loading=\"lazy\" decoding=\"async\" class=\"aligncenter size-large wp-image-53007\" src=\"https:\/\/oscarhumbertogomez.com\/wp-content\/uploads\/2025\/03\/CABALLO-ENFERMO.jpeg\" alt=\"\" width=\"640\" height=\"480\" srcset=\"https:\/\/oscarhumbertogomez.com\/wp-content\/uploads\/2025\/03\/CABALLO-ENFERMO.jpeg 800w, https:\/\/oscarhumbertogomez.com\/wp-content\/uploads\/2025\/03\/CABALLO-ENFERMO-300x225.jpeg 300w, https:\/\/oscarhumbertogomez.com\/wp-content\/uploads\/2025\/03\/CABALLO-ENFERMO-768x576.jpeg 768w\" sizes=\"auto, (max-width: 640px) 100vw, 640px\" \/><\/p>\n<p>&nbsp;<\/p>\n<p>El alb\u00e9itar, pues, era el m\u00e9dico de los animales, esto es, la persona que ejerc\u00eda la albeiter\u00eda.<\/p>\n<p>Solamente hasta el siglo XIX (a\u00f1os 1800) el vocablo ar\u00e1bigo alb\u00e9itar, que ya ven\u00eda en desuso, desaparece pr\u00e1cticamente del habla popular y es reemplazado dentro de ella por una nueva palabra, esta ya no de origen ar\u00e1bigo, sino latino: la de veterinario (del lat\u00edn &#8220;veterinarius&#8221;). As\u00ed mismo, el vocablo ar\u00e1bigo &#8220;albeiter\u00eda&#8221; termina dando paso a &#8220;veterinaria&#8221; (del lat\u00edn &#8220;veterinae&#8221;, que significa &#8220;bestia de carga&#8221;).<\/p>\n<p>Pero no es que los vocablos alb\u00e9itar y albeiter\u00eda hayan desaparecido, como algunos autores, no espa\u00f1oles, han llegado a aseverarlo err\u00f3neamente: en el DRAE siguen figurando, solo que hoy en d\u00eda solamente se les emplea dentro de entornos cultos.<\/p>\n<p>&nbsp;<\/p>\n<p>En esta nueva secci\u00f3n estaremos hablando sobre la salud de los perros, los gatos y, en general, acerca de los animales a los que cuida la Veterinaria. Lo haremos bajo el entendido de que son una parte importante de la gran obra del Creador.<\/p>\n<p>&nbsp;<\/p>\n<p><img decoding=\"async\" class=\"aligncenter size-full wp-image-149\" src=\"https:\/\/oscarhumbertogomez.com\/wp-content\/uploads\/2011\/06\/Perro-preso.jpg\" alt=\"Perro preso\" width=\"500\" height=\"\" srcset=\"https:\/\/oscarhumbertogomez.com\/wp-content\/uploads\/2011\/06\/Perro-preso.jpg 240w, https:\/\/oscarhumbertogomez.com\/wp-content\/uploads\/2011\/06\/Perro-preso-225x300.jpg 225w\" sizes=\"(max-width: 240px) 100vw, 240px\" \/><\/p>\n<p>&nbsp;<\/p>\n<p>De unos a\u00f1os hacia ac\u00e1 los animales se han convertido, desde el punto de vista jur\u00eddico, en &#8220;seres sintientes&#8221;, en sujetos de derechos a los cuales los humanos debemos consideraci\u00f3n, amor y respeto.<\/p>\n<p>Esta secci\u00f3n contribuir\u00e1 a impulsar el amor a los animales y, consiguientemente, apoyar\u00e1 la denuncia del maltrato animal.<\/p>\n<p>Quien desee suscribirse a ella, y en general a nuestro portal, no es sino que nos suministre su n\u00famero de WhatsApp o su E-mail en nuestra secci\u00f3n &#8220;Correspondencia&#8221;. Igualmente, quien desee escribir un art\u00edculo acerca de alguno de los temas propios del cuidado animal, o sobre cualquier otro de los temas que se abordan en las diferentes secciones de nuestro portal, puede dirigirnos su escrito a la misma secci\u00f3n de &#8220;Correspondencia&#8221;.<\/p>\n<p>&nbsp;<\/p>\n<p>\u00a1\u00a1\u00a1 BIENVENIDAS Y BIENVENIDOS !!!<\/p>\n<p>&nbsp;<\/p>\n<h2>Archivo de entradas<\/h2>\n<p>&nbsp;<\/p>\n<ul><li><a href=\"https:\/\/oscarhumbertogomez.com\/?p=52903\">\u00a1ALERTA! Proteja a su perro del c\u00e1ncer de piel por exposici\u00f3n al sol. \/\/ No permita que su paseador lo lleve a caminar bajo el sol del mediod\u00eda. Por \u00d3scar Humberto G\u00f3mez G\u00f3mez<\/a><\/li><\/ul>\n<p>&nbsp;<\/p>\n","protected":false},"excerpt":{"rendered":"<p>&nbsp; En las \u00faltimas horas acabamos de abrir una nueva secci\u00f3n dentro de nuestro portal: la secci\u00f3n de Veterinaria. Curiosamente, el padre de la Veterinaria fue un abogado. S\u00ed, fue el abogado franc\u00e9s CLAUDE BOURGELAT, quien vivi\u00f3 en el siglo &hellip; <a href=\"https:\/\/oscarhumbertogomez.com\/?page_id=52895\">Sigue leyendo <span class=\"meta-nav\">&rarr;<\/span><\/a><\/p>\n<div class='heateorSssClear'><\/div><div  class='heateor_sss_sharing_container heateor_sss_horizontal_sharing' heateor-sss-data-href='https:\/\/oscarhumbertogomez.com\/?page_id=52895'><div class='heateor_sss_sharing_title' style=\"font-weight:bold\" >\u00a1Gracias por compartirla!<\/div><ul class=\"heateor_sss_sharing_ul\"><li class=\"heateorSssSharingRound\"><i style=\"width:35px;height:35px;border-radius:999px;\" alt=\"Facebook\" Title=\"Facebook\" class=\"heateorSssSharing heateorSssFacebookBackground\" onclick='heateorSssPopup(\"https:\/\/www.facebook.com\/sharer\/sharer.php?u=https%3A%2F%2Foscarhumbertogomez.com%2Findex.php%3Frest_route%3D%252Fwp%252Fv2%252Fpages%252F52895\")'><ss style=\"display:block;border-radius:999px;\" class=\"heateorSssSharingSvg heateorSssFacebookSvg\"><\/ss><\/i><\/li><li class=\"heateorSssSharingRound\"><i style=\"width:35px;height:35px;border-radius:999px;\" alt=\"Twitter\" Title=\"Twitter\" class=\"heateorSssSharing heateorSssTwitterBackground\" onclick='heateorSssPopup(\"http:\/\/twitter.com\/intent\/tweet?text=Veterinaria&url=https%3A%2F%2Foscarhumbertogomez.com%2Findex.php%3Frest_route%3D%252Fwp%252Fv2%252Fpages%252F52895\")'><ss style=\"display:block;border-radius:999px;\" class=\"heateorSssSharingSvg heateorSssTwitterSvg\"><\/ss><\/i><\/li><li class=\"heateorSssSharingRound\"><i style=\"width:35px;height:35px;border-radius:999px;\" alt=\"Whatsapp\" Title=\"Whatsapp\" class=\"heateorSssSharing heateorSssWhatsappBackground\" onclick='heateorSssPopup(\"https:\/\/web.whatsapp.com\/send?text=Veterinaria https%3A%2F%2Foscarhumbertogomez.com%2Findex.php%3Frest_route%3D%252Fwp%252Fv2%252Fpages%252F52895\")'><ss style=\"display:block\" class=\"heateorSssSharingSvg heateorSssWhatsappSvg\"><\/ss><\/i><\/li><li class=\"heateorSssSharingRound\"><i style=\"width:35px;height:35px;border-radius:999px;\" alt=\"Pinterest\" Title=\"Pinterest\" class=\"heateorSssSharing heateorSssPinterestBackground\" onclick=\"javascript:void( (function() {var e=document.createElement('script' );e.setAttribute('type','text\/javascript' );e.setAttribute('charset','UTF-8' );e.setAttribute('src','\/\/assets.pinterest.com\/js\/pinmarklet.js?r='+Math.random()*99999999);document.body.appendChild(e)})());\"><ss style=\"display:block;border-radius:999px;\" class=\"heateorSssSharingSvg heateorSssPinterestSvg\"><\/ss><\/i><\/li><li class=\"heateorSssSharingRound\"><i style=\"width:35px;height:35px;border-radius:999px;\" alt=\"Google Gmail\" Title=\"Google Gmail\" class=\"heateorSssSharing heateorSssGoogleGmailBackground\" onclick='heateorSssPopup(\"https:\/\/mail.google.com\/mail\/?ui=2&view=cm&fs=1&tf=1&su=Veterinaria&body=Link:https%3A%2F%2Foscarhumbertogomez.com%2Findex.php%3Frest_route%3D%252Fwp%252Fv2%252Fpages%252F52895\")'><ss style=\"display:block;border-radius:999px;\" class=\"heateorSssSharingSvg heateorSssGoogleGmailSvg\"><\/ss><\/i><\/li><li class=\"heateorSssSharingRound\"><i style=\"width:35px;height:35px;border-radius:999px;\" title=\"More\" alt=\"More\" class=\"heateorSssSharing heateorSssMoreBackground\" onclick=\"heateorSssMoreSharingPopup(this, 'https:\/\/oscarhumbertogomez.com\/index.php?rest_route=%2Fwp%2Fv2%2Fpages%2F52895', 'Veterinaria', '' )\" ><ss style=\"display:block\" class=\"heateorSssSharingSvg heateorSssMoreSvg\"><\/ss><\/i><\/li><\/ul><div class=\"heateorSssClear\"><\/div><\/div><div class='heateorSssClear'><\/div>","protected":false},"author":2,"featured_media":0,"parent":0,"menu_order":0,"comment_status":"closed","ping_status":"closed","template":"","meta":{"spay_email":"","footnotes":""},"class_list":["post-52895","page","type-page","status-publish","hentry"],"jetpack_shortlink":"https:\/\/wp.me\/P1FYrr-dL9","_links":{"self":[{"href":"https:\/\/oscarhumbertogomez.com\/index.php?rest_route=\/wp\/v2\/pages\/52895","targetHints":{"allow":["GET"]}}],"collection":[{"href":"https:\/\/oscarhumbertogomez.com\/index.php?rest_route=\/wp\/v2\/pages"}],"about":[{"href":"https:\/\/oscarhumbertogomez.com\/index.php?rest_route=\/wp\/v2\/types\/page"}],"author":[{"embeddable":true,"href":"https:\/\/oscarhumbertogomez.com\/index.php?rest_route=\/wp\/v2\/users\/2"}],"replies":[{"embeddable":true,"href":"https:\/\/oscarhumbertogomez.com\/index.php?rest_route=%2Fwp%2Fv2%2Fcomments&post=52895"}],"version-history":[{"count":5,"href":"https:\/\/oscarhumbertogomez.com\/index.php?rest_route=\/wp\/v2\/pages\/52895\/revisions"}],"predecessor-version":[{"id":53037,"href":"https:\/\/oscarhumbertogomez.com\/index.php?rest_route=\/wp\/v2\/pages\/52895\/revisions\/53037"}],"wp:attachment":[{"href":"https:\/\/oscarhumbertogomez.com\/index.php?rest_route=%2Fwp%2Fv2%2Fmedia&parent=52895"}],"curies":[{"name":"wp","href":"https:\/\/api.w.org\/{rel}","templated":true}]}}